{"id":25269,"date":"2024-07-03T16:04:51","date_gmt":"2024-07-03T13:04:51","guid":{"rendered":"https:\/\/vuokatti.fi\/?page_id=25269"},"modified":"2025-12-03T12:09:14","modified_gmt":"2025-12-03T10:09:14","slug":"travelling-with-pets","status":"publish","type":"page","link":"https:\/\/vuokatti.fi\/en\/travelling-with-pets\/","title":{"rendered":"Travelling  with pets"},"content":{"rendered":"\n<div style=\"height:60px\" aria-hidden=\"true\" class=\"wp-block-spacer\"><\/div>\n\n\n\n<p class=\"has-text-align-center has-lightgray-color has-text-color has-link-color has-medium-font-size wp-elements-bc2d17a0551db4fa9d48f1364f47044e\">Those dreaming of a holiday in Vuokatti don\u2019t need to leave their pets behind, as four-legged family members are also welcome to enjoy the Vuokatti experience! Vuokatti\u2019s stunning outdoor landscapes offer plenty to see and do for those travelling with pets.<\/p>\n\n\n\n<div style=\"height:30px\" aria-hidden=\"true\" class=\"wp-block-spacer\"><\/div>\n\n\n\n<div class=\"wp-block-columns alignwide is-layout-flex wp-container-core-columns-is-layout-28f84493 wp-block-columns-is-layout-flex\">\n<div class=\"wp-block-column is-layout-flow wp-block-column-is-layout-flow\">\n<figure class=\"wp-block-image size-large\"><img loading=\"lazy\" decoding=\"async\" width=\"1024\" height=\"683\" src=\"https:\/\/vuokatti.fi\/wp-content\/uploads\/2024\/07\/Koiraystavalliset-ulkoilureitit-Vuokatissa-1024x683.jpg\" alt=\"Kuvassa retkeilij\u00e4 kahden koiran kanssa Vuokatinvaaran p\u00e4\u00e4ll\u00e4 ihailemassa maisemia\" class=\"wp-image-24886\" srcset=\"https:\/\/vuokatti.fi\/wp-content\/uploads\/2024\/07\/Koiraystavalliset-ulkoilureitit-Vuokatissa-1024x683.jpg 1024w, https:\/\/vuokatti.fi\/wp-content\/uploads\/2024\/07\/Koiraystavalliset-ulkoilureitit-Vuokatissa-300x200.jpg 300w, https:\/\/vuokatti.fi\/wp-content\/uploads\/2024\/07\/Koiraystavalliset-ulkoilureitit-Vuokatissa-768x512.jpg 768w, https:\/\/vuokatti.fi\/wp-content\/uploads\/2024\/07\/Koiraystavalliset-ulkoilureitit-Vuokatissa-1536x1024.jpg 1536w, https:\/\/vuokatti.fi\/wp-content\/uploads\/2024\/07\/Koiraystavalliset-ulkoilureitit-Vuokatissa-2048x1365.jpg 2048w, https:\/\/vuokatti.fi\/wp-content\/uploads\/2024\/07\/Koiraystavalliset-ulkoilureitit-Vuokatissa-1920x1280.jpg 1920w, https:\/\/vuokatti.fi\/wp-content\/uploads\/2024\/07\/Koiraystavalliset-ulkoilureitit-Vuokatissa-1600x1067.jpg 1600w\" sizes=\"auto, (max-width: 1024px) 100vw, 1024px\"><\/figure>\n<\/div>\n\n\n\n<div class=\"wp-block-column is-vertically-aligned-center is-layout-flow wp-block-column-is-layout-flow\">\n<h2 class=\"wp-block-heading has-text-align-center has-purple-color has-text-color has-link-color wp-elements-2b65dddaf139aa09466ecbe2fc778baf\">Dog-friendly routes<\/h2>\n\n\n\n<p class=\"has-text-align-center\">There\u2019s something to discover every day of your holiday in Vuokatti\u2019s beautiful nature. Explore the area\u2019s trails and routes, many of which are dog-friendly.<\/p>\n\n\n\n<div class=\"wp-block-buttons is-content-justification-center is-layout-flex wp-container-core-buttons-is-layout-a89b3969 wp-block-buttons-is-layout-flex\">\n<div class=\"wp-block-button\"><a class=\"wp-block-button__link has-purple-background-color has-background has-small-font-size has-text-align-center has-custom-font-size wp-element-button\" href=\"https:\/\/vuokatti.fi\/en\/travelling-with-pets\/dog-friendly-routes\/\" target=\"_blank\" rel=\"noreferrer noopener\">Dog-friendly trails and routes<\/a><\/div>\n<\/div>\n<\/div>\n<\/div>\n\n\n\n<div class=\"wp-block-columns alignwide reverse is-layout-flex wp-container-core-columns-is-layout-28f84493 wp-block-columns-is-layout-flex\">\n<div class=\"wp-block-column is-vertically-aligned-center is-layout-flow wp-block-column-is-layout-flow\">\n<h2 class=\"wp-block-heading has-text-align-center has-purple-color has-text-color has-link-color wp-elements-6108c33bd6ed97923dfd966f58aab03d\">Pet-friendly accommodation<\/h2>\n\n\n\n<p class=\"has-text-align-center\">You\u2019ll find plenty of pet-friendly accommodation options in Vuokatti. Simply filter your accommodation search by your preferred dates and number of guests. Once the results are listed, tick the \u201cPets allowed\u201d option under amenities, and the search will display pet-friendly accommodations available for your selected dates.<\/p>\n\n\n\n<div class=\"wp-block-buttons is-content-justification-center is-layout-flex wp-container-core-buttons-is-layout-a89b3969 wp-block-buttons-is-layout-flex\">\n<div class=\"wp-block-button\"><a class=\"wp-block-button__link has-purple-background-color has-background has-small-font-size has-text-align-center has-custom-font-size wp-element-button\" href=\"https:\/\/vuokatti.fi\/en\/accommodation-search\/\" target=\"_blank\" rel=\"noreferrer noopener\">Search accommodation<\/a><\/div>\n<\/div>\n<\/div>\n\n\n\n<div class=\"wp-block-column is-layout-flow wp-block-column-is-layout-flow\">\n<figure class=\"wp-block-image size-large\"><img loading=\"lazy\" decoding=\"async\" width=\"1024\" height=\"682\" src=\"https:\/\/vuokatti.fi\/wp-content\/uploads\/2024\/07\/Lemmikkiystavallinen-majoitus-Vuokatti-1024x682.jpg\" alt=\"\" class=\"wp-image-24919\" srcset=\"https:\/\/vuokatti.fi\/wp-content\/uploads\/2024\/07\/Lemmikkiystavallinen-majoitus-Vuokatti-1024x682.jpg 1024w, https:\/\/vuokatti.fi\/wp-content\/uploads\/2024\/07\/Lemmikkiystavallinen-majoitus-Vuokatti-300x200.jpg 300w, https:\/\/vuokatti.fi\/wp-content\/uploads\/2024\/07\/Lemmikkiystavallinen-majoitus-Vuokatti-768x512.jpg 768w, https:\/\/vuokatti.fi\/wp-content\/uploads\/2024\/07\/Lemmikkiystavallinen-majoitus-Vuokatti-1536x1023.jpg 1536w, https:\/\/vuokatti.fi\/wp-content\/uploads\/2024\/07\/Lemmikkiystavallinen-majoitus-Vuokatti-1920x1279.jpg 1920w, https:\/\/vuokatti.fi\/wp-content\/uploads\/2024\/07\/Lemmikkiystavallinen-majoitus-Vuokatti-1600x1066.jpg 1600w, https:\/\/vuokatti.fi\/wp-content\/uploads\/2024\/07\/Lemmikkiystavallinen-majoitus-Vuokatti.jpg 2048w\" sizes=\"auto, (max-width: 1024px) 100vw, 1024px\"><\/figure>\n<\/div>\n<\/div>\n\n\n\n<div class=\"wp-block-columns alignwide is-layout-flex wp-container-core-columns-is-layout-28f84493 wp-block-columns-is-layout-flex\">\n<div class=\"wp-block-column is-layout-flow wp-block-column-is-layout-flow\">\n<figure class=\"wp-block-image size-large\"><img loading=\"lazy\" decoding=\"async\" width=\"1024\" height=\"683\" src=\"https:\/\/vuokatti.fi\/wp-content\/uploads\/2024\/06\/Hotelli-Kalevala_lemmikkiystavallinen-ravintola-1024x683.jpg\" alt=\"\" class=\"wp-image-24651\" srcset=\"https:\/\/vuokatti.fi\/wp-content\/uploads\/2024\/06\/Hotelli-Kalevala_lemmikkiystavallinen-ravintola-1024x683.jpg 1024w, https:\/\/vuokatti.fi\/wp-content\/uploads\/2024\/06\/Hotelli-Kalevala_lemmikkiystavallinen-ravintola-300x200.jpg 300w, https:\/\/vuokatti.fi\/wp-content\/uploads\/2024\/06\/Hotelli-Kalevala_lemmikkiystavallinen-ravintola-768x512.jpg 768w, https:\/\/vuokatti.fi\/wp-content\/uploads\/2024\/06\/Hotelli-Kalevala_lemmikkiystavallinen-ravintola-1536x1025.jpg 1536w, https:\/\/vuokatti.fi\/wp-content\/uploads\/2024\/06\/Hotelli-Kalevala_lemmikkiystavallinen-ravintola-1920x1281.jpg 1920w, https:\/\/vuokatti.fi\/wp-content\/uploads\/2024\/06\/Hotelli-Kalevala_lemmikkiystavallinen-ravintola-1600x1067.jpg 1600w, https:\/\/vuokatti.fi\/wp-content\/uploads\/2024\/06\/Hotelli-Kalevala_lemmikkiystavallinen-ravintola.jpg 2048w\" sizes=\"auto, (max-width: 1024px) 100vw, 1024px\"><\/figure>\n<\/div>\n\n\n\n<div class=\"wp-block-column is-vertically-aligned-center is-layout-flow wp-block-column-is-layout-flow\">\n<h2 class=\"wp-block-heading has-text-align-center has-purple-color has-text-color has-link-color wp-elements-d4b63a55dab3bb19556a5e5282bb1e19\">Pet-friendly restaurants<\/h2>\n\n\n\n<p class=\"has-text-align-center\">The Vuokatti travel area has many pet-friendly restaurants where the whole group can stop by and enjoy a meal.<\/p>\n\n\n\n<div class=\"wp-block-buttons is-content-justification-center is-layout-flex wp-container-core-buttons-is-layout-a89b3969 wp-block-buttons-is-layout-flex\">\n<div class=\"wp-block-button\"><a class=\"wp-block-button__link has-purple-background-color has-background has-small-font-size has-text-align-center has-custom-font-size wp-element-button\" href=\"https:\/\/vuokatti.fi\/en\/travelling-with-pets\/pet-friendly-restaurants\/\" target=\"_blank\" rel=\"noreferrer noopener\">Pet-friendly restaurants<\/a><\/div>\n<\/div>\n<\/div>\n<\/div>\n\n\n\n<div class=\"wp-block-columns alignwide reverse is-layout-flex wp-container-core-columns-is-layout-28f84493 wp-block-columns-is-layout-flex\">\n<div class=\"wp-block-column is-vertically-aligned-center is-layout-flow wp-block-column-is-layout-flow\">\n<h2 class=\"wp-block-heading has-text-align-center has-purple-color has-text-color has-link-color wp-elements-58d73d2799b1c8a445ec308599ec6953\">Dog parks<\/h2>\n\n\n\n<p class=\"has-text-align-center\">The municipality of Sotkamo maintains two separate dog parks, which are open to all canine companions and their owners throughout the year.<\/p>\n\n\n\n<div class=\"wp-block-buttons is-layout-flex wp-block-buttons-is-layout-flex\"><\/div>\n\n\n\n<div class=\"wp-block-buttons is-content-justification-center is-layout-flex wp-container-core-buttons-is-layout-a89b3969 wp-block-buttons-is-layout-flex\">\n<div class=\"wp-block-button\"><a class=\"wp-block-button__link has-purple-background-color has-background has-small-font-size has-custom-font-size wp-element-button\" href=\"https:\/\/vuokatti.fi\/en\/travelling-with-pets\/dog-parks\/\" target=\"_blank\" rel=\"noreferrer noopener\">Dog parks<\/a><\/div>\n<\/div>\n<\/div>\n\n\n\n<div class=\"wp-block-column is-layout-flow wp-block-column-is-layout-flow\">\n<figure class=\"wp-block-image size-large\"><img loading=\"lazy\" decoding=\"async\" width=\"1024\" height=\"748\" src=\"https:\/\/vuokatti.fi\/wp-content\/uploads\/2025\/07\/uusi_koirapuisto_sotkamo_vuokatti-1024x748.jpg\" alt=\"\" class=\"wp-image-31577\" srcset=\"https:\/\/vuokatti.fi\/wp-content\/uploads\/2025\/07\/uusi_koirapuisto_sotkamo_vuokatti-1024x748.jpg 1024w, https:\/\/vuokatti.fi\/wp-content\/uploads\/2025\/07\/uusi_koirapuisto_sotkamo_vuokatti-300x219.jpg 300w, https:\/\/vuokatti.fi\/wp-content\/uploads\/2025\/07\/uusi_koirapuisto_sotkamo_vuokatti-768x561.jpg 768w, https:\/\/vuokatti.fi\/wp-content\/uploads\/2025\/07\/uusi_koirapuisto_sotkamo_vuokatti-1536x1121.jpg 1536w, https:\/\/vuokatti.fi\/wp-content\/uploads\/2025\/07\/uusi_koirapuisto_sotkamo_vuokatti-2048x1495.jpg 2048w, https:\/\/vuokatti.fi\/wp-content\/uploads\/2025\/07\/uusi_koirapuisto_sotkamo_vuokatti-1920x1402.jpg 1920w, https:\/\/vuokatti.fi\/wp-content\/uploads\/2025\/07\/uusi_koirapuisto_sotkamo_vuokatti-1600x1168.jpg 1600w\" sizes=\"auto, (max-width: 1024px) 100vw, 1024px\"><\/figure>\n<\/div>\n<\/div>\n\n\n\n<div style=\"height:20px\" aria-hidden=\"true\" class=\"wp-block-spacer\"><\/div>\n\n\n\n<h2 class=\"wp-block-heading has-text-align-center has-purple-color has-text-color has-link-color wp-elements-26de8231d41ea98c42e1caa8b32e5e78\">Veterinary service<\/h2>\n\n\n\n<p class=\"has-text-align-center\">Occasionally, even on holiday, your four-legged friend might need veterinary assistance. In the event of an accident or illness, the <a href=\"https:\/\/www.sotkamo.fi\/en\/housing-and-environment\/kainuu-environmental-health-services\/veterinary-care\/\" target=\"_blank\" rel=\"noreferrer noopener\">local emergency veterinary service<\/a> is available. This service is intended only for sudden cases requiring urgent care. Typically, small animal emergency services are available in Kajaani or Sotkamo, and in exceptional cases, in Suomussalmi or Kuhmo. You can find out the location of the emergency service by calling 0600 303 301. The cost of a call to the emergency vet is 2.54 \u20ac per minute between 8 a.m. and 10 p.m., and 5.11 \u20ac per minute between 10 p.m. and 8 a.m.<\/p>\n\n\n\n<div style=\"height:30px\" aria-hidden=\"true\" class=\"wp-block-spacer\"><\/div>\n\n\n\n<div style=\"height:45px\" aria-hidden=\"true\" class=\"wp-block-spacer\"><\/div>\n","protected":false},"excerpt":{"rendered":"<p>Those dreaming of a holiday in Vuokatti don&#8217;t need to leave their pets behind, as four-legged family members are also welcome to enjoy the Vuokatti experience! Vuokatti&#8217;s stunning outdoor landscapes offer plenty to see and do for those travelling with pets. Dog-friendly routes There&#8217;s something to discover every day of your holiday in Vuokatti&#8217;s beautiful [&hellip;]<\/p>\n","protected":false},"author":55,"featured_media":0,"parent":0,"menu_order":0,"comment_status":"closed","ping_status":"closed","template":"","meta":{"_acf_changed":false,"footnotes":""},"class_list":["post-25269","page","type-page","status-publish","hentry"],"acf":[],"_links":{"self":[{"href":"https:\/\/vuokatti.fi\/en\/wp-json\/wp\/v2\/pages\/25269","targetHints":{"allow":["GET"]}}],"collection":[{"href":"https:\/\/vuokatti.fi\/en\/wp-json\/wp\/v2\/pages"}],"about":[{"href":"https:\/\/vuokatti.fi\/en\/wp-json\/wp\/v2\/types\/page"}],"author":[{"embeddable":true,"href":"https:\/\/vuokatti.fi\/en\/wp-json\/wp\/v2\/users\/55"}],"replies":[{"embeddable":true,"href":"https:\/\/vuokatti.fi\/en\/wp-json\/wp\/v2\/comments?post=25269"}],"version-history":[{"count":15,"href":"https:\/\/vuokatti.fi\/en\/wp-json\/wp\/v2\/pages\/25269\/revisions"}],"predecessor-version":[{"id":36517,"href":"https:\/\/vuokatti.fi\/en\/wp-json\/wp\/v2\/pages\/25269\/revisions\/36517"}],"wp:attachment":[{"href":"https:\/\/vuokatti.fi\/en\/wp-json\/wp\/v2\/media?parent=25269"}],"curies":[{"name":"wp","href":"https:\/\/api.w.org\/{rel}","templated":true}]}}