{"id":24944,"date":"2024-06-28T13:22:10","date_gmt":"2024-06-28T10:22:10","guid":{"rendered":"https:\/\/vuokatti.fi\/?page_id=24944"},"modified":"2025-12-03T10:30:45","modified_gmt":"2025-12-03T08:30:45","slug":"nature-attractions","status":"publish","type":"page","link":"https:\/\/vuokatti.fi\/en\/nature-attractions\/","title":{"rendered":"Nature attractions"},"content":{"rendered":"\n<div style=\"height:60px\" aria-hidden=\"true\" class=\"wp-block-spacer\"><\/div>\n\n\n\n<h2 class=\"wp-block-heading has-text-align-center has-purple-color has-text-color has-link-color has-small-font-size wp-elements-bd89d2afa6fce1952c310c06ccd2526d\"><strong>Vuokatti&#8217;s unique nature charms year-round <\/strong><\/h2>\n\n\n\n<p class=\"has-text-align-center has-lightgray-color has-text-color has-link-color has-medium-font-size wp-elements-f848ab16effc174d37b84b332fdde110\">Vuokatti is known for its magnificent nature attractions and it is especially favored<br>by those who want to spend active nature holiday in authentic Finnish atmosphere. The chain on 13 hills, gorgeous blue lakes and thick green forests create a unique environment for a holiday to remember. Two national parks, Hiukka beach with its sand ridges and the variety of trails and routes in the beautiful landscape provides unforgettable experiences every day of the year.<\/p>\n\n\n\n<div style=\"height:30px\" aria-hidden=\"true\" class=\"wp-block-spacer\"><\/div>\n\n\n<div id=\"compilation-block_0d275145307a0ecc81230fdf0a4120f5\" class=\"compilation-block aligncenter\">\n\n\t<div class=\"compilation-block__content\">\n\n\t\t\n\t\t<div class=\"compilation-block__content__links random\">\n\t\t\t\n\t\t\t\t\t\t\t\t\t\n\t\t\t<div class=\"link__item\" data-company=\"13026\" data-area=\"13047\" data-title=\"Hiukka\" data-categories=\"[145]\"data-season=\"all\"data-distance=\"7000\">\n\t\t\t\t<div class=\"link__item__image\">\n\t\t\t\t\t\t\t\t\t\t\t<img decoding=\"async\" src=\"https:\/\/vuokatti.fi\/wp-content\/uploads\/2022\/10\/Hiukka_talven-auringonnousussa-300x225.jpg\"\n\t\t\t\t\t\t\tloading=\"lazy\"\n\t\t\t\t\t\t\twidth=\"300\"\n\t\t\t\t\t\t\theight=\"225\"\n\t\t\t\t\t\t\tsrcset=\"https:\/\/vuokatti.fi\/wp-content\/uploads\/2022\/10\/Hiukka_talven-auringonnousussa-300x225.jpg 300w, https:\/\/vuokatti.fi\/wp-content\/uploads\/2022\/10\/Hiukka_talven-auringonnousussa-1024x768.jpg 1024w, https:\/\/vuokatti.fi\/wp-content\/uploads\/2022\/10\/Hiukka_talven-auringonnousussa-768x576.jpg 768w, https:\/\/vuokatti.fi\/wp-content\/uploads\/2022\/10\/Hiukka_talven-auringonnousussa-1536x1152.jpg 1536w, https:\/\/vuokatti.fi\/wp-content\/uploads\/2022\/10\/Hiukka_talven-auringonnousussa-1920x1440.jpg 1920w, https:\/\/vuokatti.fi\/wp-content\/uploads\/2022\/10\/Hiukka_talven-auringonnousussa-1600x1200.jpg 1600w, https:\/\/vuokatti.fi\/wp-content\/uploads\/2022\/10\/Hiukka_talven-auringonnousussa.jpg 2048w\"\n\t\t\t\t\t\t\talt=\"\" \/>\n\t\t\t\t\t\t\t\t\t<\/div><!-- .link__item__image -->\n\n\t\t\t\t<div class=\"link__item__text\">\n\t\t\t\t\t\t\t\t\t\t\t<a href=\"https:\/\/vuokatti.fi\/en\/area\/homebase-in-sotkamo\/\">\n\t\t\t\t\t\t\t<p class=\"company\">Homebase in Sotkamo<\/p>\n\t\t\t\t\t\t<\/a>\n\t\t\t\t\t\n\n\t\t\t\t\t\t\t\t\t\t\t<a href=\"https:\/\/vuokatti.fi\/en\/place\/hiukka\/\">\n\t\t\t\t\t\t\t\t\t\t\t\t\t\t\t<h3 class=\"hyphenate\">Hiukka<\/h3>\n\t\t\t\t\t\t\t\n\t\t\t\t\t\t\t\t\t\t\t\t\t\t\t<p class=\"hyphenate\">The enchantment of sand ridge year-round<\/p>\n\t\t\t\t\t\t\t\t\t\t\t\t\t<\/a>\n\t\t\t\t\t\t\t\t\t<\/div><!-- .link__item__text -->\n\n\t\t\t\t\t\t\t\t\t<div class=\"link__item__details\">\n\t\t\t\t\t\t<p>\n\t\t\t\t\t\t\t\t\t\t\t\t\t\t\t<span>All year round<\/span>\n\t\t\t\t\t\t\t\n\t\t\t\t\t\t\t\n\t\t\t\t\t\t\t\t\t\t\t\t\t\t\t<span>7 km from Vuokatti Info<\/span>\n\t\t\t\t\t\t\t\t\t\t\t\t\t<\/p>\n\t\t\t\t\t<\/div><!-- .link__item__details -->\n\t\t\t\t\n\t\t\t\t<div class=\"link__item__link\">\n\t\t\t\t\t<a href=\"https:\/\/vuokatti.fi\/en\/place\/hiukka\/\">Explore<\/a>\n\t\t\t\t<\/div><!-- .link__item__link -->\n\n\t\t\t<\/div><!-- .link__item -->\n\t\t\t\n\t\t\t<div class=\"link__item\" data-company=\"5155\" data-area=\"\" data-title=\"Naapurinvaara Hill\" data-categories=\"[145]\"data-season=\"all\"data-distance=\"6300\">\n\t\t\t\t<div class=\"link__item__image\">\n\t\t\t\t\t\t\t\t\t\t\t<img decoding=\"async\" src=\"https:\/\/vuokatti.fi\/wp-content\/uploads\/2022\/09\/Naapurinvaara_Pasi-Korhonen-300x225.jpg\"\n\t\t\t\t\t\t\tloading=\"lazy\"\n\t\t\t\t\t\t\twidth=\"300\"\n\t\t\t\t\t\t\theight=\"225\"\n\t\t\t\t\t\t\tsrcset=\"https:\/\/vuokatti.fi\/wp-content\/uploads\/2022\/09\/Naapurinvaara_Pasi-Korhonen-300x225.jpg 300w, https:\/\/vuokatti.fi\/wp-content\/uploads\/2022\/09\/Naapurinvaara_Pasi-Korhonen-1024x768.jpg 1024w, https:\/\/vuokatti.fi\/wp-content\/uploads\/2022\/09\/Naapurinvaara_Pasi-Korhonen-768x576.jpg 768w, https:\/\/vuokatti.fi\/wp-content\/uploads\/2022\/09\/Naapurinvaara_Pasi-Korhonen-1536x1152.jpg 1536w, https:\/\/vuokatti.fi\/wp-content\/uploads\/2022\/09\/Naapurinvaara_Pasi-Korhonen-1920x1440.jpg 1920w, https:\/\/vuokatti.fi\/wp-content\/uploads\/2022\/09\/Naapurinvaara_Pasi-Korhonen-1600x1200.jpg 1600w, https:\/\/vuokatti.fi\/wp-content\/uploads\/2022\/09\/Naapurinvaara_Pasi-Korhonen.jpg 2048w\"\n\t\t\t\t\t\t\talt=\"Naapurinvaara sotkamo vuokatti kes\u00e4 n\u00e4ht\u00e4vyys\" \/>\n\t\t\t\t\t\t\t\t\t<\/div><!-- .link__item__image -->\n\n\t\t\t\t<div class=\"link__item__text\">\n\t\t\t\t\t\n\n\t\t\t\t\t\t\t\t\t\t\t<a href=\"https:\/\/vuokatti.fi\/en\/place\/naapurinvaara\/\">\n\t\t\t\t\t\t\t\t\t\t\t\t\t\t\t<h3 class=\"hyphenate\">Naapurinvaara Hill<\/h3>\n\t\t\t\t\t\t\t\n\t\t\t\t\t\t\t\t\t\t\t\t\t\t\t<p class=\"hyphenate\">Magnificent nature and lush meadows<\/p>\n\t\t\t\t\t\t\t\t\t\t\t\t\t<\/a>\n\t\t\t\t\t\t\t\t\t<\/div><!-- .link__item__text -->\n\n\t\t\t\t\t\t\t\t\t<div class=\"link__item__details\">\n\t\t\t\t\t\t<p>\n\t\t\t\t\t\t\t\t\t\t\t\t\t\t\t<span>All year round<\/span>\n\t\t\t\t\t\t\t\n\t\t\t\t\t\t\t\n\t\t\t\t\t\t\t\t\t\t\t\t\t\t\t<span>6.3 km from Vuokatti Info<\/span>\n\t\t\t\t\t\t\t\t\t\t\t\t\t<\/p>\n\t\t\t\t\t<\/div><!-- .link__item__details -->\n\t\t\t\t\n\t\t\t\t<div class=\"link__item__link\">\n\t\t\t\t\t<a href=\"https:\/\/vuokatti.fi\/en\/place\/naapurinvaara\/\">Explore<\/a>\n\t\t\t\t<\/div><!-- .link__item__link -->\n\n\t\t\t<\/div><!-- .link__item -->\n\t\t\t\n\t\t\t<div class=\"link__item\" data-company=\"13026\" data-area=\"\" data-title=\"Vuokatinvaara Hill\" data-categories=\"[145]\"data-season=\"all\"data-distance=\"3200\">\n\t\t\t\t<div class=\"link__item__image\">\n\t\t\t\t\t\t\t\t\t\t\t<img decoding=\"async\" src=\"https:\/\/vuokatti.fi\/wp-content\/uploads\/2022\/10\/Vuokatinvaara_talvi-300x225.jpg\"\n\t\t\t\t\t\t\tloading=\"lazy\"\n\t\t\t\t\t\t\twidth=\"300\"\n\t\t\t\t\t\t\theight=\"225\"\n\t\t\t\t\t\t\tsrcset=\"https:\/\/vuokatti.fi\/wp-content\/uploads\/2022\/10\/Vuokatinvaara_talvi-300x225.jpg 300w, https:\/\/vuokatti.fi\/wp-content\/uploads\/2022\/10\/Vuokatinvaara_talvi-1024x768.jpg 1024w, https:\/\/vuokatti.fi\/wp-content\/uploads\/2022\/10\/Vuokatinvaara_talvi-768x576.jpg 768w, https:\/\/vuokatti.fi\/wp-content\/uploads\/2022\/10\/Vuokatinvaara_talvi-1536x1152.jpg 1536w, https:\/\/vuokatti.fi\/wp-content\/uploads\/2022\/10\/Vuokatinvaara_talvi-2048x1536.jpg 2048w, https:\/\/vuokatti.fi\/wp-content\/uploads\/2022\/10\/Vuokatinvaara_talvi-1920x1440.jpg 1920w, https:\/\/vuokatti.fi\/wp-content\/uploads\/2022\/10\/Vuokatinvaara_talvi-1600x1200.jpg 1600w\"\n\t\t\t\t\t\t\talt=\"\" \/>\n\t\t\t\t\t\t\t\t\t<\/div><!-- .link__item__image -->\n\n\t\t\t\t<div class=\"link__item__text\">\n\t\t\t\t\t\n\n\t\t\t\t\t\t\t\t\t\t\t<a href=\"https:\/\/vuokatti.fi\/en\/place\/vuokatti-hills\/\">\n\t\t\t\t\t\t\t\t\t\t\t\t\t\t\t<h3 class=\"hyphenate\">Vuokatinvaara Hill<\/h3>\n\t\t\t\t\t\t\t\n\t\t\t\t\t\t\t\t\t\t\t\t\t\t\t<p class=\"hyphenate\">The landscape of Sotkamo and Vuokatti is mainly formed by the chain of 13 hills<\/p>\n\t\t\t\t\t\t\t\t\t\t\t\t\t<\/a>\n\t\t\t\t\t\t\t\t\t<\/div><!-- .link__item__text -->\n\n\t\t\t\t\t\t\t\t\t<div class=\"link__item__details\">\n\t\t\t\t\t\t<p>\n\t\t\t\t\t\t\t\t\t\t\t\t\t\t\t<span>All year round<\/span>\n\t\t\t\t\t\t\t\n\t\t\t\t\t\t\t\n\t\t\t\t\t\t\t\t\t\t\t\t\t\t\t<span>3.2 km from Vuokatti Info<\/span>\n\t\t\t\t\t\t\t\t\t\t\t\t\t<\/p>\n\t\t\t\t\t<\/div><!-- .link__item__details -->\n\t\t\t\t\n\t\t\t\t<div class=\"link__item__link\">\n\t\t\t\t\t<a href=\"https:\/\/vuokatti.fi\/en\/place\/vuokatti-hills\/\">Explore<\/a>\n\t\t\t\t<\/div><!-- .link__item__link -->\n\n\t\t\t<\/div><!-- .link__item -->\n\t\t\t\n\t\t\t<div class=\"link__item\" data-company=\"5161\" data-area=\"\" data-title=\"Tiilikkaj\u00e4rvi National Park\" data-categories=\"[145]\"data-season=\"all\"data-distance=\"75000\">\n\t\t\t\t<div class=\"link__item__image\">\n\t\t\t\t\t\t\t\t\t\t\t<img decoding=\"async\" src=\"https:\/\/vuokatti.fi\/wp-content\/uploads\/2022\/09\/Tiilikkajarvi_venajanhiekka_MarkoHaapalehto_1050-300x169.jpg\"\n\t\t\t\t\t\t\tloading=\"lazy\"\n\t\t\t\t\t\t\twidth=\"300\"\n\t\t\t\t\t\t\theight=\"169\"\n\t\t\t\t\t\t\tsrcset=\"https:\/\/vuokatti.fi\/wp-content\/uploads\/2022\/09\/Tiilikkajarvi_venajanhiekka_MarkoHaapalehto_1050-300x169.jpg 300w, https:\/\/vuokatti.fi\/wp-content\/uploads\/2022\/09\/Tiilikkajarvi_venajanhiekka_MarkoHaapalehto_1050-1024x575.jpg 1024w, https:\/\/vuokatti.fi\/wp-content\/uploads\/2022\/09\/Tiilikkajarvi_venajanhiekka_MarkoHaapalehto_1050-768x432.jpg 768w, https:\/\/vuokatti.fi\/wp-content\/uploads\/2022\/09\/Tiilikkajarvi_venajanhiekka_MarkoHaapalehto_1050.jpg 1050w\"\n\t\t\t\t\t\t\talt=\"\" \/>\n\t\t\t\t\t\t\t\t\t<\/div><!-- .link__item__image -->\n\n\t\t\t\t<div class=\"link__item__text\">\n\t\t\t\t\t\n\n\t\t\t\t\t\t\t\t\t\t\t<a href=\"https:\/\/vuokatti.fi\/en\/place\/tiilikkajarven-kansallispuisto\/\">\n\t\t\t\t\t\t\t\t\t\t\t\t\t\t\t<h3 class=\"hyphenate\">Tiilikkaj\u00e4rvi National Park<\/h3>\n\t\t\t\t\t\t\t\n\t\t\t\t\t\t\t\t\t\t\t\t\t\t\t<p class=\"hyphenate\">Fine sand beaches, wilderness lakes and lush swamp grounds<\/p>\n\t\t\t\t\t\t\t\t\t\t\t\t\t<\/a>\n\t\t\t\t\t\t\t\t\t<\/div><!-- .link__item__text -->\n\n\t\t\t\t\t\t\t\t\t<div class=\"link__item__details\">\n\t\t\t\t\t\t<p>\n\t\t\t\t\t\t\t\t\t\t\t\t\t\t\t<span>All year round<\/span>\n\t\t\t\t\t\t\t\n\t\t\t\t\t\t\t\n\t\t\t\t\t\t\t\t\t\t\t\t\t\t\t<span>75 km from Vuokatti Info<\/span>\n\t\t\t\t\t\t\t\t\t\t\t\t\t<\/p>\n\t\t\t\t\t<\/div><!-- .link__item__details -->\n\t\t\t\t\n\t\t\t\t<div class=\"link__item__link\">\n\t\t\t\t\t<a href=\"https:\/\/vuokatti.fi\/en\/place\/tiilikkajarven-kansallispuisto\/\">Explore<\/a>\n\t\t\t\t<\/div><!-- .link__item__link -->\n\n\t\t\t<\/div><!-- .link__item -->\n\t\t\t\n\t\t\t<div class=\"link__item\" data-company=\"13026\" data-area=\"\" data-title=\"Hiidenportti National Park\" data-categories=\"[145]\"data-season=\"all\"data-distance=\"53000\">\n\t\t\t\t<div class=\"link__item__image\">\n\t\t\t\t\t\t\t\t\t\t\t<img decoding=\"async\" src=\"https:\/\/vuokatti.fi\/wp-content\/uploads\/2022\/09\/Hiidenportin-kansallispuisto_Harri-Tarvainen_Metsahallitus-300x200.jpg\"\n\t\t\t\t\t\t\tloading=\"lazy\"\n\t\t\t\t\t\t\twidth=\"300\"\n\t\t\t\t\t\t\theight=\"200\"\n\t\t\t\t\t\t\tsrcset=\"https:\/\/vuokatti.fi\/wp-content\/uploads\/2022\/09\/Hiidenportin-kansallispuisto_Harri-Tarvainen_Metsahallitus-300x200.jpg 300w, https:\/\/vuokatti.fi\/wp-content\/uploads\/2022\/09\/Hiidenportin-kansallispuisto_Harri-Tarvainen_Metsahallitus-1024x683.jpg 1024w, https:\/\/vuokatti.fi\/wp-content\/uploads\/2022\/09\/Hiidenportin-kansallispuisto_Harri-Tarvainen_Metsahallitus-768x512.jpg 768w, https:\/\/vuokatti.fi\/wp-content\/uploads\/2022\/09\/Hiidenportin-kansallispuisto_Harri-Tarvainen_Metsahallitus-1536x1024.jpg 1536w, https:\/\/vuokatti.fi\/wp-content\/uploads\/2022\/09\/Hiidenportin-kansallispuisto_Harri-Tarvainen_Metsahallitus-1920x1280.jpg 1920w, https:\/\/vuokatti.fi\/wp-content\/uploads\/2022\/09\/Hiidenportin-kansallispuisto_Harri-Tarvainen_Metsahallitus-1600x1066.jpg 1600w, https:\/\/vuokatti.fi\/wp-content\/uploads\/2022\/09\/Hiidenportin-kansallispuisto_Harri-Tarvainen_Metsahallitus.jpg 2048w\"\n\t\t\t\t\t\t\talt=\"\" \/>\n\t\t\t\t\t\t\t\t\t<\/div><!-- .link__item__image -->\n\n\t\t\t\t<div class=\"link__item__text\">\n\t\t\t\t\t\n\n\t\t\t\t\t\t\t\t\t\t\t<a href=\"https:\/\/vuokatti.fi\/en\/place\/hiidenportti-national-park\/\">\n\t\t\t\t\t\t\t\t\t\t\t\t\t\t\t<h3 class=\"hyphenate\">Hiidenportti National Park<\/h3>\n\t\t\t\t\t\t\t\n\t\t\t\t\t\t\t\t\t\t\t\t\t\t\t<p class=\"hyphenate\">Rugged gorge landscapes, duck board trails and marsh meadows<\/p>\n\t\t\t\t\t\t\t\t\t\t\t\t\t<\/a>\n\t\t\t\t\t\t\t\t\t<\/div><!-- .link__item__text -->\n\n\t\t\t\t\t\t\t\t\t<div class=\"link__item__details\">\n\t\t\t\t\t\t<p>\n\t\t\t\t\t\t\t\t\t\t\t\t\t\t\t<span>All year round<\/span>\n\t\t\t\t\t\t\t\n\t\t\t\t\t\t\t\n\t\t\t\t\t\t\t\t\t\t\t\t\t\t\t<span>53 km from Vuokatti Info<\/span>\n\t\t\t\t\t\t\t\t\t\t\t\t\t<\/p>\n\t\t\t\t\t<\/div><!-- .link__item__details -->\n\t\t\t\t\n\t\t\t\t<div class=\"link__item__link\">\n\t\t\t\t\t<a href=\"https:\/\/vuokatti.fi\/en\/place\/hiidenportti-national-park\/\">Explore<\/a>\n\t\t\t\t<\/div><!-- .link__item__link -->\n\n\t\t\t<\/div><!-- .link__item -->\n\t\t\t\t\t\t\t\n\t\t\t\t\t<\/div><!-- .compilation-block__content__links -->\n\n\t<\/div><!-- .compilation-block__content -->\n<\/div>\n\n\n\n<div style=\"height:20px\" aria-hidden=\"true\" class=\"wp-block-spacer\"><\/div>\n\n\n\n<div class=\"wp-block-buttons is-layout-flex wp-block-buttons-is-layout-flex\">\n<div class=\"wp-block-button has-custom-font-size has-small-font-size\"><a class=\"wp-block-button__link has-purple-background-color has-background wp-element-button\" href=\"https:\/\/vuokatti.fi\/en\/trails-and-routes\/\" target=\"_blank\" rel=\"noreferrer noopener\">Explore the trails and routes in the area<\/a><\/div>\n<\/div>\n\n\n\n<div style=\"height:30px\" aria-hidden=\"true\" class=\"wp-block-spacer\"><\/div>\n\n\n\n<div style=\"height:54px\" aria-hidden=\"true\" class=\"wp-block-spacer\"><\/div>\n","protected":false},"excerpt":{"rendered":"<p>Vuokatti&#8217;s unique nature charms year-round Vuokatti is known for its magnificent nature attractions and it is especially favoredby those who want to spend active nature holiday in authentic Finnish atmosphere. The chain on 13 hills, gorgeous blue lakes and thick green forests create a unique environment for a holiday to remember. Two national parks, Hiukka [&hellip;]<\/p>\n","protected":false},"author":55,"featured_media":0,"parent":0,"menu_order":0,"comment_status":"closed","ping_status":"closed","template":"","meta":{"_acf_changed":false,"footnotes":""},"class_list":["post-24944","page","type-page","status-publish","hentry"],"acf":[],"_links":{"self":[{"href":"https:\/\/vuokatti.fi\/en\/wp-json\/wp\/v2\/pages\/24944","targetHints":{"allow":["GET"]}}],"collection":[{"href":"https:\/\/vuokatti.fi\/en\/wp-json\/wp\/v2\/pages"}],"about":[{"href":"https:\/\/vuokatti.fi\/en\/wp-json\/wp\/v2\/types\/page"}],"author":[{"embeddable":true,"href":"https:\/\/vuokatti.fi\/en\/wp-json\/wp\/v2\/users\/55"}],"replies":[{"embeddable":true,"href":"https:\/\/vuokatti.fi\/en\/wp-json\/wp\/v2\/comments?post=24944"}],"version-history":[{"count":9,"href":"https:\/\/vuokatti.fi\/en\/wp-json\/wp\/v2\/pages\/24944\/revisions"}],"predecessor-version":[{"id":36484,"href":"https:\/\/vuokatti.fi\/en\/wp-json\/wp\/v2\/pages\/24944\/revisions\/36484"}],"wp:attachment":[{"href":"https:\/\/vuokatti.fi\/en\/wp-json\/wp\/v2\/media?parent=24944"}],"curies":[{"name":"wp","href":"https:\/\/api.w.org\/{rel}","templated":true}]}}