{"id":14672,"date":"2023-09-05T11:10:50","date_gmt":"2023-09-05T08:10:50","guid":{"rendered":"https:\/\/vuokatti.fi\/?page_id=14672"},"modified":"2025-12-03T11:20:00","modified_gmt":"2025-12-03T09:20:00","slug":"accessible-restaurants","status":"publish","type":"page","link":"https:\/\/vuokatti.fi\/en\/accessibility\/accessible-restaurants\/","title":{"rendered":"Accessible restaurants"},"content":{"rendered":"\n<div style=\"height:60px\" aria-hidden=\"true\" class=\"wp-block-spacer\"><\/div>\n\n\n\n<p class=\"has-text-align-center has-lightgray-color has-text-color has-medium-font-size\">The restaurants are accessible and also have an accessible toilet. Some of the tables are accessible and on one level.<\/p>\n\n\n\n<div style=\"height:30px\" aria-hidden=\"true\" class=\"wp-block-spacer\"><\/div>\n\n\n\n<p class=\"has-small-font-size\" style=\"letter-spacing:2px\"><strong>BREAK SOKOS HOTEL VUOKATTI<\/strong><\/p>\n\n\n\n<h4 class=\"wp-block-heading has-purple-color has-text-color has-small-font-size\">Amarillo and Restaurant Kippo<\/h4>\n\n\n\n<div class=\"wp-block-columns is-layout-flex wp-container-core-columns-is-layout-28f84493 wp-block-columns-is-layout-flex\">\n<div class=\"wp-block-column is-layout-flow wp-block-column-is-layout-flow\">\n<p>The hotel has two restaurants that are both accessible. Amarillo and Restaurant Kippo, which are connected to the hotel, can be accessed by lift.<\/p>\n\n\n\n<p>In addition, the hotel\u2019s lobby features the Break Shop, which serves coffee, tea and refreshments, along with sweet and savoury snacks.<\/p>\n\n\n\n<div class=\"wp-block-buttons is-layout-flex wp-block-buttons-is-layout-flex\">\n<div class=\"wp-block-button\"><a class=\"wp-block-button__link has-white-color has-purple-background-color has-text-color has-background has-small-font-size has-custom-font-size wp-element-button\" href=\"https:\/\/www.sokoshotels.fi\/en\/vuokatti\/sokos-hotel-vuokatti\/restaurants\" target=\"_blank\" rel=\"noreferrer noopener\">Read more here<\/a><\/div>\n<\/div>\n<\/div>\n\n\n\n<div class=\"wp-block-column is-layout-flow wp-block-column-is-layout-flow\">\n<figure class=\"wp-block-image size-large\"><img loading=\"lazy\" decoding=\"async\" width=\"1024\" height=\"585\" src=\"https:\/\/vuokatti.fi\/wp-content\/uploads\/2022\/10\/ravintola-kippo-1024x585.jpg\" alt=\"tunnelmaa ravintoassa hein\u00e4seiv\u00e4ssein\u00e4t katettu p\u00f6yt\u00e4. ravintola Vuokatti.\" class=\"wp-image-6203\" srcset=\"https:\/\/vuokatti.fi\/wp-content\/uploads\/2022\/10\/ravintola-kippo-1024x585.jpg 1024w, https:\/\/vuokatti.fi\/wp-content\/uploads\/2022\/10\/ravintola-kippo-300x171.jpg 300w, https:\/\/vuokatti.fi\/wp-content\/uploads\/2022\/10\/ravintola-kippo-768x439.jpg 768w, https:\/\/vuokatti.fi\/wp-content\/uploads\/2022\/10\/ravintola-kippo-1536x877.jpg 1536w, https:\/\/vuokatti.fi\/wp-content\/uploads\/2022\/10\/ravintola-kippo-2048x1170.jpg 2048w, https:\/\/vuokatti.fi\/wp-content\/uploads\/2022\/10\/ravintola-kippo-1920x1096.jpg 1920w, https:\/\/vuokatti.fi\/wp-content\/uploads\/2022\/10\/ravintola-kippo-1600x914.jpg 1600w\" sizes=\"auto, (max-width: 1024px) 100vw, 1024px\"><\/figure>\n<\/div>\n<\/div>\n\n\n\n<div style=\"height:30px\" aria-hidden=\"true\" class=\"wp-block-spacer\"><\/div>\n\n\n\n<hr class=\"wp-block-separator has-text-color has-alpha-channel-opacity has-background is-style-wide\" style=\"background-color:#dcdcdc;color:#dcdcdc\">\n\n\n\n<div style=\"height:30px\" aria-hidden=\"true\" class=\"wp-block-spacer\"><\/div>\n\n\n\n<p class=\"has-small-font-size\" style=\"letter-spacing:2px\"><strong>HOLIDAY CLUB KATINKULTA<\/strong><\/p>\n\n\n\n<h4 class=\"wp-block-heading has-purple-color has-text-color has-small-font-size\">Classic Pizza, O\u2019Learys and Robert\u2019s Coffee<\/h4>\n\n\n\n<div class=\"wp-block-columns is-layout-flex wp-container-core-columns-is-layout-28f84493 wp-block-columns-is-layout-flex\">\n<div class=\"wp-block-column is-layout-flow wp-block-column-is-layout-flow\">\n<p>Holiday Club Katinkulta has three restaurants that are all accessible. From the hotel lobby, you can take the lift to Classic Pizza Restaurant on the second floor. Restaurant O\u2019Learys and Robert\u2019s Coffee are situated on the ground floor.<\/p>\n\n\n\n<p>Next to the reception in the lobby, there is R-kioski offering small snacks and treats around the clock.<\/p>\n\n\n\n<div class=\"wp-block-buttons is-layout-flex wp-block-buttons-is-layout-flex\">\n<div class=\"wp-block-button\"><a class=\"wp-block-button__link has-white-color has-purple-background-color has-text-color has-background has-small-font-size has-custom-font-size wp-element-button\" href=\"https:\/\/www.holidayclubresorts.com\/en\/hotels-resorts\/katinkulta\/restaurants-and-services\/\" target=\"_blank\" rel=\"noreferrer noopener\">Read more here<\/a><\/div>\n<\/div>\n<\/div>\n\n\n\n<div class=\"wp-block-column is-layout-flow wp-block-column-is-layout-flow\">\n<figure class=\"wp-block-image size-full\"><img loading=\"lazy\" decoding=\"async\" width=\"800\" height=\"533\" src=\"https:\/\/vuokatti.fi\/wp-content\/uploads\/2022\/08\/classic-pizza-ravintola-vuokatti-katinkulta-01.jpg\" alt=\"ravintolatunnelmaa vuokatti\" class=\"wp-image-1651\" srcset=\"https:\/\/vuokatti.fi\/wp-content\/uploads\/2022\/08\/classic-pizza-ravintola-vuokatti-katinkulta-01.jpg 800w, https:\/\/vuokatti.fi\/wp-content\/uploads\/2022\/08\/classic-pizza-ravintola-vuokatti-katinkulta-01-300x200.jpg 300w, https:\/\/vuokatti.fi\/wp-content\/uploads\/2022\/08\/classic-pizza-ravintola-vuokatti-katinkulta-01-768x512.jpg 768w\" sizes=\"auto, (max-width: 800px) 100vw, 800px\"><\/figure>\n<\/div>\n<\/div>\n\n\n\n<div style=\"height:28px\" aria-hidden=\"true\" class=\"wp-block-spacer\"><\/div>\n\n\n\n<hr class=\"wp-block-separator has-text-color has-alpha-channel-opacity has-background is-style-wide\" style=\"background-color:#dcdcdc;color:#dcdcdc\">\n\n\n\n<div style=\"height:30px\" aria-hidden=\"true\" class=\"wp-block-spacer\"><\/div>\n\n\n\n<p class=\"has-small-font-size\" style=\"letter-spacing:2px\"><strong>VUOKATTI SPORT<\/strong><\/p>\n\n\n\n<h4 class=\"wp-block-heading has-purple-color has-text-color has-small-font-size\">Restaurant O\u2019las<\/h4>\n\n\n\n<div class=\"wp-block-columns is-layout-flex wp-container-core-columns-is-layout-28f84493 wp-block-columns-is-layout-flex\">\n<div class=\"wp-block-column is-layout-flow wp-block-column-is-layout-flow\">\n<p>The 380-seat restaurant O\u2019las offers the most diverse buffet in Vuokatti every day. \u00a0The basic menu of O\u2019las consists of breakfast, lunch and dinner served from the buffet every day. At lunch, you can also choose a lighter soup option.<\/p>\n\n\n\n<p>The restaurant has a summer terrace with beautiful views of Lake S\u00e4rkinen and the hills of Vuokatti.<\/p>\n\n\n\n<div class=\"wp-block-buttons is-layout-flex wp-block-buttons-is-layout-flex\">\n<div class=\"wp-block-button\"><a class=\"wp-block-button__link has-white-color has-purple-background-color has-text-color has-background has-small-font-size has-custom-font-size wp-element-button\" href=\"https:\/\/vuokattisport.fi\/en\/restaurant\/\" target=\"_blank\" rel=\"noreferrer noopener\">Read more here<\/a><\/div>\n<\/div>\n<\/div>\n\n\n\n<div class=\"wp-block-column is-layout-flow wp-block-column-is-layout-flow\">\n<figure class=\"wp-block-image size-large\"><img loading=\"lazy\" decoding=\"async\" width=\"1024\" height=\"683\" src=\"https:\/\/vuokatti.fi\/wp-content\/uploads\/2022\/10\/vuokatti-sport-ravintola-06-1024x683.jpg\" alt=\"\" class=\"wp-image-5084\" srcset=\"https:\/\/vuokatti.fi\/wp-content\/uploads\/2022\/10\/vuokatti-sport-ravintola-06-1024x683.jpg 1024w, https:\/\/vuokatti.fi\/wp-content\/uploads\/2022\/10\/vuokatti-sport-ravintola-06-300x200.jpg 300w, https:\/\/vuokatti.fi\/wp-content\/uploads\/2022\/10\/vuokatti-sport-ravintola-06-768x512.jpg 768w, https:\/\/vuokatti.fi\/wp-content\/uploads\/2022\/10\/vuokatti-sport-ravintola-06-1536x1024.jpg 1536w\" sizes=\"auto, (max-width: 1024px) 100vw, 1024px\"><\/figure>\n<\/div>\n<\/div>\n\n\n\n<div style=\"height:30px\" aria-hidden=\"true\" class=\"wp-block-spacer\"><\/div>\n\n\n\n<hr class=\"wp-block-separator has-text-color has-alpha-channel-opacity has-background is-style-wide\" style=\"background-color:#dcdcdc;color:#dcdcdc\">\n\n\n\n<div style=\"height:30px\" aria-hidden=\"true\" class=\"wp-block-spacer\"><\/div>\n\n\n\n<p class=\"has-small-font-size\" style=\"letter-spacing:2px\"><strong>VUOKATIN AATELI<\/strong><\/p>\n\n\n\n<h4 class=\"wp-block-heading has-purple-color has-text-color has-small-font-size\">Restaurant Ainoa<\/h4>\n\n\n\n<div class=\"wp-block-columns is-layout-flex wp-container-core-columns-is-layout-28f84493 wp-block-columns-is-layout-flex\">\n<div class=\"wp-block-column is-layout-flow wp-block-column-is-layout-flow\">\n<p>The doors of the \u00e1 la carte restaurant located next to the slopes of Vuokatti are open to everyone: those who want to experiment, those hungry for nostalgia and, above all, lovers of good food.<\/p>\n\n\n\n<p>Restaurant Ainoa is located at Hotel Aateli Hillside.\u00a0The kitchen\u2019s roots stem from Kainuu\u2019s food traditions.<\/p>\n\n\n\n<div class=\"wp-block-buttons is-layout-flex wp-block-buttons-is-layout-flex\">\n<div class=\"wp-block-button\"><a class=\"wp-block-button__link has-white-color has-purple-background-color has-text-color has-background has-small-font-size has-custom-font-size wp-element-button\" href=\"https:\/\/ravintolaainoa.fi\/en\/\" target=\"_blank\" rel=\"noreferrer noopener\">Read more here<\/a><\/div>\n<\/div>\n<\/div>\n\n\n\n<div class=\"wp-block-column is-layout-flow wp-block-column-is-layout-flow\">\n<figure class=\"wp-block-image size-large\"><img loading=\"lazy\" decoding=\"async\" width=\"1024\" height=\"683\" src=\"https:\/\/vuokatti.fi\/wp-content\/uploads\/2022\/08\/ravintola-ainoa-vuokatti-01-1024x683.jpg\" alt=\"\" class=\"wp-image-1538\" srcset=\"https:\/\/vuokatti.fi\/wp-content\/uploads\/2022\/08\/ravintola-ainoa-vuokatti-01-1024x683.jpg 1024w, https:\/\/vuokatti.fi\/wp-content\/uploads\/2022\/08\/ravintola-ainoa-vuokatti-01-300x200.jpg 300w, https:\/\/vuokatti.fi\/wp-content\/uploads\/2022\/08\/ravintola-ainoa-vuokatti-01-768x512.jpg 768w, https:\/\/vuokatti.fi\/wp-content\/uploads\/2022\/08\/ravintola-ainoa-vuokatti-01-1536x1024.jpg 1536w, https:\/\/vuokatti.fi\/wp-content\/uploads\/2022\/08\/ravintola-ainoa-vuokatti-01-1600x1067.jpg 1600w, https:\/\/vuokatti.fi\/wp-content\/uploads\/2022\/08\/ravintola-ainoa-vuokatti-01.jpg 1800w\" sizes=\"auto, (max-width: 1024px) 100vw, 1024px\"><\/figure>\n<\/div>\n<\/div>\n\n\n\n<div style=\"height:30px\" aria-hidden=\"true\" class=\"wp-block-spacer\"><\/div>\n\n\n\n<hr class=\"wp-block-separator has-text-color has-alpha-channel-opacity has-background is-style-wide\" style=\"background-color:#dcdcdc;color:#dcdcdc\">\n\n\n\n<div style=\"height:30px\" aria-hidden=\"true\" class=\"wp-block-spacer\"><\/div>\n\n\n\n<p class=\"has-small-font-size\" style=\"letter-spacing:2px\"><strong>VUOKATTI SLOPES<\/strong><\/p>\n\n\n\n<h4 class=\"wp-block-heading has-purple-color has-text-color has-small-font-size\">Restaurant A\u2019la Katti<\/h4>\n\n\n\n<div class=\"wp-block-columns is-layout-flex wp-container-core-columns-is-layout-28f84493 wp-block-columns-is-layout-flex\">\n<div class=\"wp-block-column is-layout-flow wp-block-column-is-layout-flow\">\n<p>At restaurant A\u2019la Katti, you can enjoy a tasty home-cooked lunch, or choose from delicious pizzas or grill and \u00e0 la carte dishes.<\/p>\n\n\n\n<p>The caf\u00e9 serves salty and sweet snacks as well as hot and cold beverages. You can also relax and bask in the late winter sun on the restaurant\u2019s large sunny terrace. The restaurant is fully licensed.<\/p>\n\n\n\n<div class=\"wp-block-buttons is-layout-flex wp-block-buttons-is-layout-flex\">\n<div class=\"wp-block-button\"><a class=\"wp-block-button__link has-white-color has-purple-background-color has-text-color has-background has-small-font-size has-custom-font-size wp-element-button\" href=\"https:\/\/vuokatti.fi\/en\/place\/a-la-katti-rinneravintola\/\" target=\"_blank\" rel=\"noreferrer noopener\">Read more here<\/a><\/div>\n<\/div>\n<\/div>\n\n\n\n<div class=\"wp-block-column is-layout-flow wp-block-column-is-layout-flow\">\n<figure class=\"wp-block-image size-large\"><img loading=\"lazy\" decoding=\"async\" width=\"1024\" height=\"683\" src=\"https:\/\/vuokatti.fi\/wp-content\/uploads\/2022\/08\/vuokatinrinteet-ravintola-ja-kahvilat-02-1024x683.jpg\" alt=\"\" class=\"wp-image-2133\" srcset=\"https:\/\/vuokatti.fi\/wp-content\/uploads\/2022\/08\/vuokatinrinteet-ravintola-ja-kahvilat-02-1024x683.jpg 1024w, https:\/\/vuokatti.fi\/wp-content\/uploads\/2022\/08\/vuokatinrinteet-ravintola-ja-kahvilat-02-300x200.jpg 300w, https:\/\/vuokatti.fi\/wp-content\/uploads\/2022\/08\/vuokatinrinteet-ravintola-ja-kahvilat-02-768x512.jpg 768w, https:\/\/vuokatti.fi\/wp-content\/uploads\/2022\/08\/vuokatinrinteet-ravintola-ja-kahvilat-02-1536x1024.jpg 1536w, https:\/\/vuokatti.fi\/wp-content\/uploads\/2022\/08\/vuokatinrinteet-ravintola-ja-kahvilat-02-2048x1366.jpg 2048w, https:\/\/vuokatti.fi\/wp-content\/uploads\/2022\/08\/vuokatinrinteet-ravintola-ja-kahvilat-02-1920x1280.jpg 1920w, https:\/\/vuokatti.fi\/wp-content\/uploads\/2022\/08\/vuokatinrinteet-ravintola-ja-kahvilat-02-1600x1067.jpg 1600w\" sizes=\"auto, (max-width: 1024px) 100vw, 1024px\"><\/figure>\n<\/div>\n<\/div>\n\n\n\n<div style=\"height:30px\" aria-hidden=\"true\" class=\"wp-block-spacer\"><\/div>\n\n\n\n<hr class=\"wp-block-separator has-text-color has-alpha-channel-opacity has-background\" style=\"background-color:#dcdcdc;color:#dcdcdc\">\n\n\n\n<div style=\"height:30px\" aria-hidden=\"true\" class=\"wp-block-spacer\"><\/div>\n\n\n\n<p class=\"has-small-font-size\" style=\"letter-spacing:2px\"><strong>HOTEL KALEVALA<\/strong><\/p>\n\n\n\n<h4 class=\"wp-block-heading has-purple-color has-text-color has-small-font-size\">Restaurant Kanteletar<\/h4>\n\n\n\n<div class=\"wp-block-columns is-layout-flex wp-container-core-columns-is-layout-28f84493 wp-block-columns-is-layout-flex\">\n<div class=\"wp-block-column is-layout-flow wp-block-column-is-layout-flow\">\n<p>Restaurant Kanteletar\u2019s kitchen has designed a seasonally changing \u00e0 la carte menu around local produce. The restaurant offers a beautiful, seasonally changing view of Lake Lammasj\u00e4rvi.<\/p>\n\n\n\n<p>Our staff will provide movable ramps for the stairs for customers in wheelchairs.<\/p>\n\n\n\n<div class=\"wp-block-buttons is-layout-flex wp-block-buttons-is-layout-flex\">\n<div class=\"wp-block-button\"><a class=\"wp-block-button__link has-white-color has-purple-background-color has-text-color has-background has-small-font-size has-custom-font-size wp-element-button\" href=\"https:\/\/www.hotellikalevala.fi\/restaurant\" target=\"_blank\" rel=\"noreferrer noopener\">Read more here<\/a><\/div>\n<\/div>\n<\/div>\n\n\n\n<div class=\"wp-block-column is-layout-flow wp-block-column-is-layout-flow\">\n<figure class=\"wp-block-image size-large\"><img loading=\"lazy\" decoding=\"async\" width=\"1024\" height=\"576\" src=\"https:\/\/vuokatti.fi\/wp-content\/uploads\/2022\/09\/hotellikalevala6-1024x576.jpg\" alt=\"\" class=\"wp-image-4296\" srcset=\"https:\/\/vuokatti.fi\/wp-content\/uploads\/2022\/09\/hotellikalevala6-1024x576.jpg 1024w, https:\/\/vuokatti.fi\/wp-content\/uploads\/2022\/09\/hotellikalevala6-300x169.jpg 300w, https:\/\/vuokatti.fi\/wp-content\/uploads\/2022\/09\/hotellikalevala6-768x432.jpg 768w, https:\/\/vuokatti.fi\/wp-content\/uploads\/2022\/09\/hotellikalevala6-1536x864.jpg 1536w, https:\/\/vuokatti.fi\/wp-content\/uploads\/2022\/09\/hotellikalevala6-1600x900.jpg 1600w, https:\/\/vuokatti.fi\/wp-content\/uploads\/2022\/09\/hotellikalevala6.jpg 1920w\" sizes=\"auto, (max-width: 1024px) 100vw, 1024px\"><\/figure>\n<\/div>\n<\/div>\n\n\n\n<div style=\"height:45px\" aria-hidden=\"true\" class=\"wp-block-spacer\"><\/div>\n","protected":false},"excerpt":{"rendered":"<p>The restaurants are accessible and also have an accessible toilet. Some of the tables are accessible and on one level. BREAK SOKOS HOTEL VUOKATTI Amarillo and Restaurant Kippo The hotel has two restaurants that are both accessible. Amarillo and Restaurant Kippo, which are connected to the hotel, can be accessed by lift. In addition, the [&hellip;]<\/p>\n","protected":false},"author":55,"featured_media":0,"parent":14713,"menu_order":0,"comment_status":"closed","ping_status":"closed","template":"","meta":{"_acf_changed":false,"footnotes":""},"class_list":["post-14672","page","type-page","status-publish","hentry"],"acf":[],"_links":{"self":[{"href":"https:\/\/vuokatti.fi\/en\/wp-json\/wp\/v2\/pages\/14672","targetHints":{"allow":["GET"]}}],"collection":[{"href":"https:\/\/vuokatti.fi\/en\/wp-json\/wp\/v2\/pages"}],"about":[{"href":"https:\/\/vuokatti.fi\/en\/wp-json\/wp\/v2\/types\/page"}],"author":[{"embeddable":true,"href":"https:\/\/vuokatti.fi\/en\/wp-json\/wp\/v2\/users\/55"}],"replies":[{"embeddable":true,"href":"https:\/\/vuokatti.fi\/en\/wp-json\/wp\/v2\/comments?post=14672"}],"version-history":[{"count":11,"href":"https:\/\/vuokatti.fi\/en\/wp-json\/wp\/v2\/pages\/14672\/revisions"}],"predecessor-version":[{"id":36515,"href":"https:\/\/vuokatti.fi\/en\/wp-json\/wp\/v2\/pages\/14672\/revisions\/36515"}],"up":[{"embeddable":true,"href":"https:\/\/vuokatti.fi\/en\/wp-json\/wp\/v2\/pages\/14713"}],"wp:attachment":[{"href":"https:\/\/vuokatti.fi\/en\/wp-json\/wp\/v2\/media?parent=14672"}],"curies":[{"name":"wp","href":"https:\/\/api.w.org\/{rel}","templated":true}]}}