{"id":13113,"date":"2022-11-16T11:53:59","date_gmt":"2022-11-16T09:53:59","guid":{"rendered":"https:\/\/vuokatti.fi\/?page_id=13113"},"modified":"2025-12-03T12:53:14","modified_gmt":"2025-12-03T10:53:14","slug":"winter-cycling","status":"publish","type":"page","link":"https:\/\/vuokatti.fi\/en\/winter-cycling\/","title":{"rendered":"Winter cycling"},"content":{"rendered":"\n<div style=\"height:60px\" aria-hidden=\"true\" class=\"wp-block-spacer\"><\/div>\n\n\n\n<p class=\"has-text-align-center has-lightgray-color has-text-color has-medium-font-size\">In Finland we have this crazy thing called winter cycling. The beautiful landscapes of Vuokatti and the specially designed winter cycling trails are a fun pastime for both first-timers and seasoned cyclists.<\/p>\n\n\n\n<p class=\"has-text-align-center\">A landscape adventure on two wheels starts in Vuokatti. On the back of a mountain bicycle or a fatbike, you can enjoy the speed while still having time to admire the scenery. In Vuokatti, snowy slopes and hills as well as ice and lake landscapes await cyclists. Hop on a bicycle and let the adventure begin! Because arriving at the trails is easy \u2014 and because Vuokatti\u2019s services are just a stone\u2019s throw away \u2014 winter cycling provides a fun adventure even for the youngest in the family.<\/p>\n\n\n\n<div style=\"height:30px\" aria-hidden=\"true\" class=\"wp-block-spacer\"><\/div>\n\n\n\n<figure class=\"wp-block-embed is-type-video is-provider-youtube wp-block-embed-youtube wp-embed-aspect-16-9 wp-has-aspect-ratio\"><div class=\"wp-block-embed__wrapper\">\n<iframe loading=\"lazy\" title=\"Talvipy\u00f6r\u00e4ily\u00e4 Vuokatissa ja Sotkamossa\" width=\"800\" height=\"450\" src=\"https:\/\/www.youtube.com\/embed\/nQZP-_9uioo?feature=oembed\" frameborder=\"0\" allow=\"accelerometer; autoplay; clipboard-write; encrypted-media; gyroscope; picture-in-picture; web-share\" referrerpolicy=\"strict-origin-when-cross-origin\" allowfullscreen><\/iframe>\n<\/div><\/figure>\n\n\n\n<div style=\"height:60px\" aria-hidden=\"true\" class=\"wp-block-spacer\"><\/div>\n\n\n\n<div class=\"wp-block-columns is-layout-flex wp-container-core-columns-is-layout-28f84493 wp-block-columns-is-layout-flex\">\n<div class=\"wp-block-column is-vertically-aligned-center is-layout-flow wp-block-column-is-layout-flow\">\n<p class=\"has-medium-font-size\"><strong>Checklist for winter cyclists<\/strong><\/p>\n\n\n\n<p>Starting winter cycling is no more difficult than cycling in summer; just hop on a bicycle and put a helmet on! We have a wide range of different bicycles available, which is why it is important to select the right bicycle for the trail. Whether you select a mountain bicycle, a fatbike or an electric bicycle, you should always protect your head with a helmet.<\/p>\n\n\n\n<p>Be sure to dress properly for the cold weather. Wearing several layers of clothing is important, but you should especially focus on keeping your limbs warm. Fingers and toes are the most sensitive to frostbite, so you should invest in proper socks and gloves. Despite the cold, winter cycling is a great pastime. Even the most bitter cold is only a matter of clothing!<\/p>\n<\/div>\n\n\n\n<div class=\"wp-block-column is-vertically-aligned-center is-layout-flow wp-block-column-is-layout-flow\">\n<figure class=\"wp-block-image size-large\"><img loading=\"lazy\" decoding=\"async\" width=\"1024\" height=\"766\" src=\"https:\/\/vuokatti.fi\/wp-content\/uploads\/2022\/11\/vuokatti-talvipyoraily08-1024x766.jpg\" alt=\"\" class=\"wp-image-7409\" srcset=\"https:\/\/vuokatti.fi\/wp-content\/uploads\/2022\/11\/vuokatti-talvipyoraily08-1024x766.jpg 1024w, https:\/\/vuokatti.fi\/wp-content\/uploads\/2022\/11\/vuokatti-talvipyoraily08-300x224.jpg 300w, https:\/\/vuokatti.fi\/wp-content\/uploads\/2022\/11\/vuokatti-talvipyoraily08-768x574.jpg 768w, https:\/\/vuokatti.fi\/wp-content\/uploads\/2022\/11\/vuokatti-talvipyoraily08.jpg 1217w\" sizes=\"auto, (max-width: 1024px) 100vw, 1024px\"><\/figure>\n<\/div>\n<\/div>\n\n\n\n<div style=\"height:8px\" aria-hidden=\"true\" class=\"wp-block-spacer\"><\/div>\n\n\n\n<h2 class=\"wp-block-heading has-text-align-center\">Winter cycling trails<\/h2>\n\n\n\n<p class=\"has-text-align-center\"><strong>You can find the real-time winter cycling trail maintenance situation from\u00a0<a href=\"https:\/\/sotkamovuokatti.fluentprogress.fi\/outdoors\/?type=Cycling\" target=\"_blank\" rel=\"noreferrer noopener\">Fluent<\/a>.<\/strong><\/p>\n\n\n\n<div style=\"height:15px\" aria-hidden=\"true\" class=\"wp-block-spacer\"><\/div>\n\n\n\n<script type=\"text\/javascript\" src=\"https:\/\/api-oa.com\/jscr\/loader.js?id=dcir85&amp;lang=en\"><\/script>\n\n\n\n<div style=\"height:30px\" aria-hidden=\"true\" class=\"wp-block-spacer\"><\/div>\n\n\n\n<hr class=\"wp-block-separator has-text-color has-alpha-channel-opacity has-background\" style=\"background-color:#c2c2c2;color:#c2c2c2\">\n\n\n\n<div style=\"height:8px\" aria-hidden=\"true\" class=\"wp-block-spacer\"><\/div>\n\n\n\n<h4 class=\"wp-block-heading has-text-align-center\">Explore trails<\/h4>\n\n\n\n<div id=\"outdooractive-links-block_e63f8c098c19c63a6938c2228713bc0f\" class=\"outdooractive-links-block aligncenter\">\n\n\t<div class=\"outdooractive-links-block__content\">\n\n\t\t\n\t\t\t\t\t<div class=\"outdooractive-links-block__content__filters\">\n\n\t\t\t\t<div class=\"outdooractive-links-block__content__filters__length\">\n\t\t\t\t\t<p>Filter by length<\/p>\n\n\t\t\t\t\t<div class=\"outdooractive-links-block__content__filters__length__inputs\">\n\t\t\t\t\t\t<div id=\"outdooractive-range-slider\">\n\t\t\t\t\t\t<\/div>\n\t\t\t\t\t<\/div><!-- .outdooractive-links-block__content__filters__length__inputs -->\n\t\t\t\t<\/div><!-- .outdooractive-links-block__content__filters__length -->\n\n\t\t\t\t\t\t\t\t\t<div class=\"outdooractive-links-block__content__filters__seasons\">\n\t\t\t\t\t\t<p>Filter by seasons<\/p>\n\n\t\t\t\t\t\t<div class=\"outdooractive-links-block__content__filters__seasons__inputs\">\n\t\t\t\t\t\t\t<button aria-pressed=\"false\" aria-label=\"Show tours for snow-free season.\" data-filter=\"summer\">\n\t\t\t\t\t\t\t\tSnow-free season\t\t\t\t\t\t\t<\/button>\n\n\t\t\t\t\t\t\t<button aria-pressed=\"false\" aria-label=\"Show tours for snow season.\" data-filter=\"winter\">\n\t\t\t\t\t\t\t\tSnow season\t\t\t\t\t\t\t<\/button>\n\t\t\t\t\t\t<\/div><!-- .outdooractive-links-block__content__filters__seasons__inputs -->\n\t\t\t\t\t<\/div><!-- .outdooractive-links-block__content__filters__seasons -->\n\t\t\t\t\n\t\t\t\t<div class=\"outdooractive-links-block__content__filters__special\">\n\n\t\t\t\t\t\t\t\t\t\t\t<p>Accessibility and pets<\/p>\n\t\t\t\t\t\n\t\t\t\t\t<div class=\"outdooractive-links-block__content__filters__special__inputs\">\n\n\t\t\t\t\t\t\t\t\t\t\t\t\t<button aria-pressed=\"false\" class=\"accessible-button\" aria-label=\"Show accessible routes.\">\n\t\t\t\t\t\t\t\tAccessible routes\t\t\t\t\t\t\t<\/button>\n\t\t\t\t\t\t\n\t\t\t\t\t\t\t\t\t\t\t\t\t<button aria-pressed=\"false\" class=\"pet-button\" aria-label=\"Show tours where dogs are allowed.\">\n\t\t\t\t\t\t\t\tDogs welcome\t\t\t\t\t\t\t<\/button>\n\t\t\t\t\t\t\t\t\t\t\t<\/div><!-- .outdooractive-links-block__content__filters__special__inputs -->\n\t\t\t\t<\/div><!-- .outdooractive-links-block__content__filters__special -->\n\n\t\t\t<\/div><!-- .outdooractive-links-block__content__filters -->\n\t\t\n\t\t<div class=\"outdooractive-links-block__content__links\" data-season=\"all\">\n\n\t\t\t\n\t\t\t<div class=\"tour__item\" data-title=\"Leivolankyl\u00e4n vauhdikas talvipy\u00f6r\u00e4ilyreitti 7,4 km, Vuokatti\" data-type=\"tour\" data-categories=\"[319]\" data-accessibility=\"\" data-pets=\"\" data-length=\"7.3\" data-season=\"[&quot;winter&quot;]\">\n\t\t\t\t<div class=\"tour__item__image\">\n\t\t\t\t\t\t\t\t\t\t\t<img decoding=\"async\" src=\"https:\/\/img.oastatic.com\/img\/671\/335\/93716321\/.jpg\" loading=\"lazy\">\n\t\t\t\t\t\t\t\t\t<\/div><!-- .tour__item__image -->\n\n\t\t\t\t<div class=\"tour__item__text\">\n\t\t\t\t\t\t\t\t\t\t\t<h3 class=\"hyphenate\">Leivolankyl\u00e4n vauhdikas talvipy\u00f6r\u00e4ilyreitti 7,4 km, Vuokatti<\/h3>\n\t\t\t\t\t\t\t\t\t<\/div><!-- .tour__item__text -->\n\t\t\t\t\t\n\t\t\t\t\t\n\t\t\t\t\t<div class=\"tour__item__details\">\n\t\t\t\t\t\t<div class=\"tour__item__details__other\">\n\t\t\t\t\t\t\t\n\t\t\t\t\t\t\t\t\t\t\t\t\t\t\t\t\t<p class=\"easy\">Easy<\/p>\n\t\t\t\t\t\t\t\t\n\t\t\t\t\t\t\t\n\t\t\t\t\t\t\t\n\t\t\t\t\t\t\t\t\t\t\t\t\t<\/div><!-- .tour__item__details__other -->\n\n\t\t\t\t\t\t<div class=\"tour__item__details__main\">\n\t\t\t\t\t\t\t\n\t\t\t\t\t\t\t\t\n\t\t\t\t\t\t\t\t<div class=\"detail\">\n\t\t\t\t\t\t\t\t\t<svg xmlns=\"http:\/\/www.w3.org\/2000\/svg\" viewbox=\"0 0 39.73 39.73\"><path class=\"cls-1\" d=\"m19.86,0C8.91,0,0,8.91,0,19.86s8.91,19.86,19.86,19.86,19.86-8.91,19.86-19.86S30.81,0,19.86,0Zm0,35.73c-8.75,0-15.86-7.12-15.86-15.86s7.12-15.86,15.86-15.86,15.86,7.12,15.86,15.86-7.12,15.86-15.86,15.86Z\"><\/path><polygon class=\"cls-1\" points=\"21.86 7.12 17.86 7.12 17.86 20.68 27.05 30.11 29.92 27.32 21.86 19.05 21.86 7.12\"><\/polygon><\/svg>\n\t\t\t\t\t\t\t\t\t\t\t\t\t\t\t\t\t\t\t<p title=\"Tour duration\">1 h 20 min<\/p>\n\t\t\t\t\t\t\t\t\t\t\t\t\t\t\t\t\t<\/div><!-- .detail -->\n\t\t\t\t\t\t\t\n\t\t\t\t\t\t\t\n\t\t\t\t\t\t\t\t\n\t\t\t\t\t\t\t\t<div class=\"detail\">\n\t\t\t\t\t\t\t\t\t<svg xmlns=\"http:\/\/www.w3.org\/2000\/svg\" viewbox=\"0 0 39.73 17.62\"><polygon class=\"cls-1\" points=\"35.73 6.81 4 6.81 4 0 0 0 0 17.62 4 17.62 4 10.81 35.73 10.81 35.73 17.62 39.73 17.62 39.73 0 35.73 0 35.73 6.81\"><\/polygon><\/svg>\t\t\t\t\t\t\t\t\t<p title=\"Tour distance\">7.3 km<\/p>\n\t\t\t\t\t\t\t\t<\/div><!-- .detail -->\n\t\t\t\t\t\t\t\t\t\t\t\t\t<\/div><!-- .tour__item__details__main -->\n\n\t\t\t\t\t\t<div class=\"tour__item__details__secondary\">\n\t\t\t\t\t\t\t\t\t\t\t\t\t\t\t<div class=\"detail\">\n\t\t\t\t\t\t\t\t\t\t\t\t\t\t\t\t\t\t<p>Ascent: 41 m<\/p>\n\t\t\t\t\t\t\t\t<\/div><!-- .detail -->\n\t\t\t\t\t\t\t\n\t\t\t\t\t\t\t\t\t\t\t\t\t\t\t<div class=\"detail\">\n\t\t\t\t\t\t\t\t\t\t\t\t\t\t\t\t\t\t<p>Descent: 42 m<\/p>\n\t\t\t\t\t\t\t\t<\/div><!-- .detail -->\n\t\t\t\t\t\t\t\n\t\t\t\t\t\t\t\t\t\t\t\t\t\t\t<div class=\"detail\">\n\t\t\t\t\t\t\t\t\t\t\t\t\t\t\t\t\t\t<p>Highest point: 191 m<\/p>\n\t\t\t\t\t\t\t\t<\/div><!-- .detail -->\n\t\t\t\t\t\t\t\n\t\t\t\t\t\t\t\t\t\t\t\t\t\t\t<div class=\"detail\">\n\t\t\t\t\t\t\t\t\t\t\t\t\t\t\t\t\t\t<p>Lowest point: 156 m<\/p>\n\t\t\t\t\t\t\t\t<\/div><!-- .detail -->\n\t\t\t\t\t\t\t\t\t\t\t\t\t<\/div><!-- .tour__item__details__secondary -->\n\t\t\t\t\t<\/div><!-- .tour__item__details -->\n\n\t\t\t\t\n\t\t\t\t<div class=\"tour__item__link\">\n\t\t\t\t\t\t\t\t\t\t\t<a href=\"https:\/\/vuokatti.fi\/en\/tour\/leivolankylas-fast-winter-cycling-route-7-4-km-vuokatti\/\">Explore tour<\/a>\n\t\t\t\t\t\t\t\t\t<\/div><!-- .tour__item__link -->\n\n\t\t\t<\/div><!-- .tour__item -->\n\t\t\t\n\t\t\t<div class=\"tour__item\" data-title=\"Hiukka-P\u00f6llyvaara winter cycling route 13.5 km, Sotkamo \u2013 Vuokatti\" data-type=\"tour\" data-categories=\"[319]\" data-accessibility=\"\" data-pets=\"allowed\" data-length=\"13.7\" data-season=\"[&quot;winter&quot;]\">\n\t\t\t\t<div class=\"tour__item__image\">\n\t\t\t\t\t\t\t\t\t\t\t<img decoding=\"async\" src=\"https:\/\/img.oastatic.com\/img\/671\/335\/58024600\/.jpg\" loading=\"lazy\">\n\t\t\t\t\t\t\t\t\t<\/div><!-- .tour__item__image -->\n\n\t\t\t\t<div class=\"tour__item__text\">\n\t\t\t\t\t\t\t\t\t\t\t<h3 class=\"hyphenate\">Hiukka-P\u00f6llyvaara winter cycling route 13.5 km, Sotkamo \u2013 Vuokatti<\/h3>\n\t\t\t\t\t\t\t\t\t<\/div><!-- .tour__item__text -->\n\t\t\t\t\t\n\t\t\t\t\t\n\t\t\t\t\t<div class=\"tour__item__details\">\n\t\t\t\t\t\t<div class=\"tour__item__details__other\">\n\t\t\t\t\t\t\t\n\t\t\t\t\t\t\t\t\t\t\t\t\t\t\t\t\t<p class=\"easy\">Easy<\/p>\n\t\t\t\t\t\t\t\t\n\t\t\t\t\t\t\t\n\t\t\t\t\t\t\t\n\t\t\t\t\t\t\t\t\t\t\t\t\t\t\t<span class=\"pets\" title=\"Dogs welcome\"><svg xmlns=\"http:\/\/www.w3.org\/2000\/svg\" viewbox=\"0 0 512 512\"><path d=\"M226.5 92.9c14.3 42.9-.3 86.2-32.6 96.8s-70.1-15.6-84.4-58.5s.3-86.2 32.6-96.8s70.1 15.6 84.4 58.5zM100.4 198.6c18.9 32.4 14.3 70.1-10.2 84.1s-59.7-.9-78.5-33.3S-2.7 179.3 21.8 165.3s59.7 .9 78.5 33.3zM69.2 401.2C121.6 259.9 214.7 224 256 224s134.4 35.9 186.8 177.2c3.6 9.7 5.2 20.1 5.2 30.5v1.6c0 25.8-20.9 46.7-46.7 46.7c-11.5 0-22.9-1.4-34-4.2l-88-22c-15.3-3.8-31.3-3.8-46.6 0l-88 22c-11.1 2.8-22.5 4.2-34 4.2C84.9 480 64 459.1 64 433.3v-1.6c0-10.4 1.6-20.8 5.2-30.5zM421.8 282.7c-24.5-14-29.1-51.7-10.2-84.1s54-47.3 78.5-33.3s29.1 51.7 10.2 84.1s-54 47.3-78.5 33.3zM310.1 189.7c-32.3-10.6-46.9-53.9-32.6-96.8s52.1-69.1 84.4-58.5s46.9 53.9 32.6 96.8s-52.1 69.1-84.4 58.5z\"><\/path><\/svg><\/span>\n\t\t\t\t\t\t\t\t\t\t\t\t\t<\/div><!-- .tour__item__details__other -->\n\n\t\t\t\t\t\t<div class=\"tour__item__details__main\">\n\t\t\t\t\t\t\t\n\t\t\t\t\t\t\t\t\n\t\t\t\t\t\t\t\t<div class=\"detail\">\n\t\t\t\t\t\t\t\t\t<svg xmlns=\"http:\/\/www.w3.org\/2000\/svg\" viewbox=\"0 0 39.73 39.73\"><path class=\"cls-1\" d=\"m19.86,0C8.91,0,0,8.91,0,19.86s8.91,19.86,19.86,19.86,19.86-8.91,19.86-19.86S30.81,0,19.86,0Zm0,35.73c-8.75,0-15.86-7.12-15.86-15.86s7.12-15.86,15.86-15.86,15.86,7.12,15.86,15.86-7.12,15.86-15.86,15.86Z\"><\/path><polygon class=\"cls-1\" points=\"21.86 7.12 17.86 7.12 17.86 20.68 27.05 30.11 29.92 27.32 21.86 19.05 21.86 7.12\"><\/polygon><\/svg>\n\t\t\t\t\t\t\t\t\t\t\t\t\t\t\t\t\t\t\t<p title=\"Tour duration\">2 h 15 min<\/p>\n\t\t\t\t\t\t\t\t\t\t\t\t\t\t\t\t\t<\/div><!-- .detail -->\n\t\t\t\t\t\t\t\n\t\t\t\t\t\t\t\n\t\t\t\t\t\t\t\t\n\t\t\t\t\t\t\t\t<div class=\"detail\">\n\t\t\t\t\t\t\t\t\t<svg xmlns=\"http:\/\/www.w3.org\/2000\/svg\" viewbox=\"0 0 39.73 17.62\"><polygon class=\"cls-1\" points=\"35.73 6.81 4 6.81 4 0 0 0 0 17.62 4 17.62 4 10.81 35.73 10.81 35.73 17.62 39.73 17.62 39.73 0 35.73 0 35.73 6.81\"><\/polygon><\/svg>\t\t\t\t\t\t\t\t\t<p title=\"Tour distance\">13.7 km<\/p>\n\t\t\t\t\t\t\t\t<\/div><!-- .detail -->\n\t\t\t\t\t\t\t\t\t\t\t\t\t<\/div><!-- .tour__item__details__main -->\n\n\t\t\t\t\t\t<div class=\"tour__item__details__secondary\">\n\t\t\t\t\t\t\t\t\t\t\t\t\t\t\t<div class=\"detail\">\n\t\t\t\t\t\t\t\t\t\t\t\t\t\t\t\t\t\t<p>Ascent: 83 m<\/p>\n\t\t\t\t\t\t\t\t<\/div><!-- .detail -->\n\t\t\t\t\t\t\t\n\t\t\t\t\t\t\t\t\t\t\t\t\t\t\t<div class=\"detail\">\n\t\t\t\t\t\t\t\t\t\t\t\t\t\t\t\t\t\t<p>Descent: 82 m<\/p>\n\t\t\t\t\t\t\t\t<\/div><!-- .detail -->\n\t\t\t\t\t\t\t\n\t\t\t\t\t\t\t\t\t\t\t\t\t\t\t<div class=\"detail\">\n\t\t\t\t\t\t\t\t\t\t\t\t\t\t\t\t\t\t<p>Highest point: 209 m<\/p>\n\t\t\t\t\t\t\t\t<\/div><!-- .detail -->\n\t\t\t\t\t\t\t\n\t\t\t\t\t\t\t\t\t\t\t\t\t\t\t<div class=\"detail\">\n\t\t\t\t\t\t\t\t\t\t\t\t\t\t\t\t\t\t<p>Lowest point: 132 m<\/p>\n\t\t\t\t\t\t\t\t<\/div><!-- .detail -->\n\t\t\t\t\t\t\t\t\t\t\t\t\t<\/div><!-- .tour__item__details__secondary -->\n\t\t\t\t\t<\/div><!-- .tour__item__details -->\n\n\t\t\t\t\n\t\t\t\t<div class=\"tour__item__link\">\n\t\t\t\t\t\t\t\t\t\t\t<a href=\"https:\/\/vuokatti.fi\/en\/tour\/hiukka-pollyvaara-winter-cycling-route-13-5-km-sotkamo-vuokatti\/\">Explore tour<\/a>\n\t\t\t\t\t\t\t\t\t<\/div><!-- .tour__item__link -->\n\n\t\t\t<\/div><!-- .tour__item -->\n\t\t\t\n\t\t\t<div class=\"tour__item\" data-title=\"Katinkulla winter cycling route to the lean-to shelter 11 km, Vuokatti\" data-type=\"tour\" data-categories=\"[319]\" data-accessibility=\"\" data-pets=\"\" data-length=\"10.6\" data-season=\"[&quot;winter&quot;]\">\n\t\t\t\t<div class=\"tour__item__image\">\n\t\t\t\t\t\t\t\t\t\t\t<img decoding=\"async\" src=\"https:\/\/img.oastatic.com\/img\/671\/335\/93716355\/.jpg\" loading=\"lazy\">\n\t\t\t\t\t\t\t\t\t<\/div><!-- .tour__item__image -->\n\n\t\t\t\t<div class=\"tour__item__text\">\n\t\t\t\t\t\t\t\t\t\t\t<h3 class=\"hyphenate\">Katinkulla winter cycling route to the lean-to shelter 11 km, Vuokatti<\/h3>\n\t\t\t\t\t\t\t\t\t<\/div><!-- .tour__item__text -->\n\t\t\t\t\t\n\t\t\t\t\t\n\t\t\t\t\t<div class=\"tour__item__details\">\n\t\t\t\t\t\t<div class=\"tour__item__details__other\">\n\t\t\t\t\t\t\t\n\t\t\t\t\t\t\t\t\t\t\t\t\t\t\t\t\t<p class=\"easy\">Easy<\/p>\n\t\t\t\t\t\t\t\t\n\t\t\t\t\t\t\t\n\t\t\t\t\t\t\t\n\t\t\t\t\t\t\t\t\t\t\t\t\t<\/div><!-- .tour__item__details__other -->\n\n\t\t\t\t\t\t<div class=\"tour__item__details__main\">\n\t\t\t\t\t\t\t\n\t\t\t\t\t\t\t\t\n\t\t\t\t\t\t\t\t<div class=\"detail\">\n\t\t\t\t\t\t\t\t\t<svg xmlns=\"http:\/\/www.w3.org\/2000\/svg\" viewbox=\"0 0 39.73 39.73\"><path class=\"cls-1\" d=\"m19.86,0C8.91,0,0,8.91,0,19.86s8.91,19.86,19.86,19.86,19.86-8.91,19.86-19.86S30.81,0,19.86,0Zm0,35.73c-8.75,0-15.86-7.12-15.86-15.86s7.12-15.86,15.86-15.86,15.86,7.12,15.86,15.86-7.12,15.86-15.86,15.86Z\"><\/path><polygon class=\"cls-1\" points=\"21.86 7.12 17.86 7.12 17.86 20.68 27.05 30.11 29.92 27.32 21.86 19.05 21.86 7.12\"><\/polygon><\/svg>\n\t\t\t\t\t\t\t\t\t\t\t\t\t\t\t\t\t\t\t<p title=\"Tour duration\">2 h 30 min<\/p>\n\t\t\t\t\t\t\t\t\t\t\t\t\t\t\t\t\t<\/div><!-- .detail -->\n\t\t\t\t\t\t\t\n\t\t\t\t\t\t\t\n\t\t\t\t\t\t\t\t\n\t\t\t\t\t\t\t\t<div class=\"detail\">\n\t\t\t\t\t\t\t\t\t<svg xmlns=\"http:\/\/www.w3.org\/2000\/svg\" viewbox=\"0 0 39.73 17.62\"><polygon class=\"cls-1\" points=\"35.73 6.81 4 6.81 4 0 0 0 0 17.62 4 17.62 4 10.81 35.73 10.81 35.73 17.62 39.73 17.62 39.73 0 35.73 0 35.73 6.81\"><\/polygon><\/svg>\t\t\t\t\t\t\t\t\t<p title=\"Tour distance\">10.6 km<\/p>\n\t\t\t\t\t\t\t\t<\/div><!-- .detail -->\n\t\t\t\t\t\t\t\t\t\t\t\t\t<\/div><!-- .tour__item__details__main -->\n\n\t\t\t\t\t\t<div class=\"tour__item__details__secondary\">\n\t\t\t\t\t\t\t\t\t\t\t\t\t\t\t<div class=\"detail\">\n\t\t\t\t\t\t\t\t\t\t\t\t\t\t\t\t\t\t<p>Ascent: 34 m<\/p>\n\t\t\t\t\t\t\t\t<\/div><!-- .detail -->\n\t\t\t\t\t\t\t\n\t\t\t\t\t\t\t\t\t\t\t\t\t\t\t<div class=\"detail\">\n\t\t\t\t\t\t\t\t\t\t\t\t\t\t\t\t\t\t<p>Descent: 11 m<\/p>\n\t\t\t\t\t\t\t\t<\/div><!-- .detail -->\n\t\t\t\t\t\t\t\n\t\t\t\t\t\t\t\t\t\t\t\t\t\t\t<div class=\"detail\">\n\t\t\t\t\t\t\t\t\t\t\t\t\t\t\t\t\t\t<p>Highest point: 165 m<\/p>\n\t\t\t\t\t\t\t\t<\/div><!-- .detail -->\n\t\t\t\t\t\t\t\n\t\t\t\t\t\t\t\t\t\t\t\t\t\t\t<div class=\"detail\">\n\t\t\t\t\t\t\t\t\t\t\t\t\t\t\t\t\t\t<p>Lowest point: 134 m<\/p>\n\t\t\t\t\t\t\t\t<\/div><!-- .detail -->\n\t\t\t\t\t\t\t\t\t\t\t\t\t<\/div><!-- .tour__item__details__secondary -->\n\t\t\t\t\t<\/div><!-- .tour__item__details -->\n\n\t\t\t\t\n\t\t\t\t<div class=\"tour__item__link\">\n\t\t\t\t\t\t\t\t\t\t\t<a href=\"https:\/\/vuokatti.fi\/en\/tour\/katinkulla-winter-cycling-route-to-the-lean-to-shelter-11-km-vuokatti\/\">Explore tour<\/a>\n\t\t\t\t\t\t\t\t\t<\/div><!-- .tour__item__link -->\n\n\t\t\t<\/div><!-- .tour__item -->\n\t\t\t\n\t\t<\/div><!-- .outdooractive-links-block__content__links -->\n\n\t<\/div><!-- .outdooractive-links-block__content -->\n\n<\/div>\n\n\n\n<div style=\"height:40px\" aria-hidden=\"true\" class=\"wp-block-spacer\"><\/div>\n\n\n\n<hr class=\"wp-block-separator has-text-color has-alpha-channel-opacity has-background is-style-wide\" style=\"background-color:#dcdcdc;color:#dcdcdc\">\n\n\n\n<div class=\"wp-block-columns is-layout-flex wp-container-core-columns-is-layout-28f84493 wp-block-columns-is-layout-flex\">\n<div class=\"wp-block-column is-layout-flow wp-block-column-is-layout-flow\">\n<p class=\"has-darkgray-color has-text-color has-medium-font-size\"><strong>Bicycle rental in Vuokatti<\/strong><\/p>\n\n\n\n<p class=\"has-gray-color has-text-color\">Vuokatti Ski Service\u2019s selection includes bicycles suitable for the trails and moving around the area. The wide selection of mountain bicycles and fatbikes ensures that children can also take part in the fun. Electric bicycles make cycling faster and easier, and helmets are included in the package. Rent your bicycle on site at the Vuokatti Ski Service store (Opistontie 1) or online.<\/p>\n\n\n\n<div class=\"wp-block-buttons is-layout-flex wp-block-buttons-is-layout-flex\">\n<div class=\"wp-block-button has-custom-font-size has-small-font-size\"><a class=\"wp-block-button__link has-purple-background-color has-background wp-element-button\" href=\"https:\/\/rentle.store\/vuokattiskiservice\/shop?admin=true\" target=\"_blank\" rel=\"noreferrer noopener\">Rent online<\/a><\/div>\n<\/div>\n<\/div>\n\n\n\n<div class=\"wp-block-column is-layout-flow wp-block-column-is-layout-flow\">\n<figure class=\"wp-block-image aligncenter size-large\"><img loading=\"lazy\" decoding=\"async\" width=\"1024\" height=\"776\" src=\"https:\/\/vuokatti.fi\/wp-content\/uploads\/2023\/11\/vuokatti-talvipyoraily05-1024x776.webp\" alt=\"\" class=\"wp-image-16559\" srcset=\"https:\/\/vuokatti.fi\/wp-content\/uploads\/2023\/11\/vuokatti-talvipyoraily05-1024x776.webp 1024w, https:\/\/vuokatti.fi\/wp-content\/uploads\/2023\/11\/vuokatti-talvipyoraily05-300x227.webp 300w, https:\/\/vuokatti.fi\/wp-content\/uploads\/2023\/11\/vuokatti-talvipyoraily05-768x582.webp 768w, https:\/\/vuokatti.fi\/wp-content\/uploads\/2023\/11\/vuokatti-talvipyoraily05.webp 1221w\" sizes=\"auto, (max-width: 1024px) 100vw, 1024px\"><\/figure>\n<\/div>\n<\/div>\n\n\n\n<div style=\"height:45px\" aria-hidden=\"true\" class=\"wp-block-spacer\"><\/div>\n\n\n\n<div style=\"height:40px\" aria-hidden=\"true\" class=\"wp-block-spacer\"><\/div>\n","protected":false},"excerpt":{"rendered":"<p>In Finland we have this crazy thing called winter cycling. The beautiful landscapes of Vuokatti and the specially designed winter cycling trails are a fun pastime for both first-timers and seasoned cyclists. A landscape adventure on two wheels starts in Vuokatti. On the back of a mountain bicycle or a fatbike, you can enjoy the [&hellip;]<\/p>\n","protected":false},"author":55,"featured_media":0,"parent":0,"menu_order":0,"comment_status":"closed","ping_status":"closed","template":"","meta":{"_acf_changed":false,"footnotes":""},"class_list":["post-13113","page","type-page","status-publish","hentry"],"acf":[],"_links":{"self":[{"href":"https:\/\/vuokatti.fi\/en\/wp-json\/wp\/v2\/pages\/13113","targetHints":{"allow":["GET"]}}],"collection":[{"href":"https:\/\/vuokatti.fi\/en\/wp-json\/wp\/v2\/pages"}],"about":[{"href":"https:\/\/vuokatti.fi\/en\/wp-json\/wp\/v2\/types\/page"}],"author":[{"embeddable":true,"href":"https:\/\/vuokatti.fi\/en\/wp-json\/wp\/v2\/users\/55"}],"replies":[{"embeddable":true,"href":"https:\/\/vuokatti.fi\/en\/wp-json\/wp\/v2\/comments?post=13113"}],"version-history":[{"count":6,"href":"https:\/\/vuokatti.fi\/en\/wp-json\/wp\/v2\/pages\/13113\/revisions"}],"predecessor-version":[{"id":29138,"href":"https:\/\/vuokatti.fi\/en\/wp-json\/wp\/v2\/pages\/13113\/revisions\/29138"}],"wp:attachment":[{"href":"https:\/\/vuokatti.fi\/en\/wp-json\/wp\/v2\/media?parent=13113"}],"curies":[{"name":"wp","href":"https:\/\/api.w.org\/{rel}","templated":true}]}}