{"id":12993,"date":"2023-04-26T14:38:30","date_gmt":"2023-04-26T11:38:30","guid":{"rendered":"https:\/\/vuokatti.fi\/?page_id=12993"},"modified":"2025-12-03T12:19:14","modified_gmt":"2025-12-03T10:19:14","slug":"summer-in-vuokatti","status":"publish","type":"page","link":"https:\/\/vuokatti.fi\/en\/summer-in-vuokatti\/","title":{"rendered":"Summer in Vuokatti"},"content":{"rendered":"\n<div style=\"height:54px\" aria-hidden=\"true\" class=\"wp-block-spacer\"><\/div>\n\n\n\n<p class=\"has-text-align-center has-lightgray-color has-text-color has-medium-font-size\">Summer in Vuokatti is a world away from everyday life. You can enjoy peaceful nature trails on the hills, recharge your batteries on the stunning Hiukka beach, or get your adrenaline pumping at the brand-new water experience center. Or perhaps you\u2019ve already tried out the revamped roller skiing track? Instead of the hum of mosquitoes, summer in Vuokatti is marked by the rhythmic click of ski poles on asphalt.<\/p>\n\n\n\n<p>Those who think of Vuokatti only as a winter holiday destination have not yet experienced the summer in Vuokatti. Diverse nature and water activities make every visitor wish for a longer holiday. In the summer, you can enjoy the midnight sun in Vuokatti, as in June and July the sun barely sets even at night. The summer temperatures are also ideal for outdoor enthusiasts, making outdoor activities enjoyable in the pleasant weather.<\/p>\n\n\n\n<p>The beginning of the golf season also signifies the beginning of summer. Holiday Club Katinkulta has high-quality golf courses that offer memorable experiences for players of all skill levels. The 18-hole Championship-level Nuas course provides a challenge in the lakeside scenery. The 9-hole Tenetti club course features diverse fairways and the course can be played flexibly. The Vuokatti par 3 course gives everyone the opportunity to try their hand at the sport.<\/p>\n\n\n\n<div class=\"wp-block-columns is-layout-flex wp-container-core-columns-is-layout-28f84493 wp-block-columns-is-layout-flex\">\n<div class=\"wp-block-column is-layout-flow wp-block-column-is-layout-flow\">\n<figure class=\"wp-block-image aligncenter size-large\"><img loading=\"lazy\" decoding=\"async\" width=\"1024\" height=\"678\" src=\"https:\/\/vuokatti.fi\/wp-content\/uploads\/2023\/04\/golf16-1024x678.jpg\" alt=\"\" class=\"wp-image-11870\" srcset=\"https:\/\/vuokatti.fi\/wp-content\/uploads\/2023\/04\/golf16-1024x678.jpg 1024w, https:\/\/vuokatti.fi\/wp-content\/uploads\/2023\/04\/golf16-300x199.jpg 300w, https:\/\/vuokatti.fi\/wp-content\/uploads\/2023\/04\/golf16-768x509.jpg 768w, https:\/\/vuokatti.fi\/wp-content\/uploads\/2023\/04\/golf16-1536x1017.jpg 1536w, https:\/\/vuokatti.fi\/wp-content\/uploads\/2023\/04\/golf16-2048x1356.jpg 2048w, https:\/\/vuokatti.fi\/wp-content\/uploads\/2023\/04\/golf16-1920x1272.jpg 1920w, https:\/\/vuokatti.fi\/wp-content\/uploads\/2023\/04\/golf16-1600x1060.jpg 1600w\" sizes=\"auto, (max-width: 1024px) 100vw, 1024px\"><\/figure>\n<\/div>\n<\/div>\n\n\n\n<div style=\"height:8px\" aria-hidden=\"true\" class=\"wp-block-spacer\"><\/div>\n\n\n\n<p>If teeing off isn\u2019t your thing, don\u2019t worry \u2013 there\u2019s plenty more to enjoy. On a warm summer\u2019s day, recharging your batteries on <a href=\"https:\/\/vuokatti.fi\/en\/place\/hiukka\/\" target=\"_blank\" rel=\"noreferrer noopener\">Hiukka\u2019s sandy beach<\/a> or heading up to <a href=\"https:\/\/vuokatti.fi\/en\/place\/vuokatti-hills\/\" target=\"_blank\" rel=\"noreferrer noopener\">Vuokatinvaara Hill<\/a> to soak in the natural beauty is an absolute treat. Summer in Vuokatti invites you to slow down and take in the breathtaking scenery. The area\u2019s <a href=\"https:\/\/vuokatti.fi\/en\/trails-and-routes\/\" target=\"_blank\" rel=\"noreferrer noopener\">diverse network of trails<\/a> offers something for everyone, whether your passion is <a href=\"https:\/\/vuokatti.fi\/en\/hiking-in-vuokatti\/\" target=\"_blank\" rel=\"noreferrer noopener\">hiking<\/a>, <a href=\"https:\/\/vuokatti.fi\/en\/cycling-in-vuokatti\/\" target=\"_blank\" rel=\"noreferrer noopener\">cycling<\/a> or <a href=\"https:\/\/vuokatti.fi\/en\/canoeing\/\" target=\"_blank\" rel=\"noreferrer noopener\">canoeing<\/a>. You can easily grab some snacks for your adventure from the <a href=\"https:\/\/vuokatti.fi\/en\/company\/k-supermarket-vuokatti\/\" target=\"_blank\" rel=\"noreferrer noopener\">K-Supermarket Vuokatti<\/a>, and enjoy a classic Finnish sausage by the campfire at the <a href=\"https:\/\/vuokatti.fi\/en\/tour\/jaatiolampi-lean-to-shelter-vuokatti-finland\/\" target=\"_blank\" rel=\"noreferrer noopener\">J\u00e4\u00e4ti\u00f6nlampi lean-to<\/a>, which is even accessible with a pushchair.<\/p>\n\n\n\n<p>In June 2025, a brand-new water experience centre was opened right in the heart of Vuokatti, at Lake Ahvenuksenlampi. There, you\u2019ll find SUP boarding, wakeboarding, a floating sauna raft and a floating water park \u2013 all in one place!<\/p>\n\n\n\n<p>Be sure to add a visit to the stunning <a href=\"https:\/\/vuokatti.fi\/en\/place\/hiidenportti-national-park\/\" target=\"_blank\" rel=\"noreferrer noopener\">Hiidenportti National Park<\/a> \u2013 known for its dramatic gorge landscapes  \u2013 to your summer to-do list.<\/p>\n\n\n\n<figure class=\"wp-block-image size-large\"><img loading=\"lazy\" decoding=\"async\" width=\"1024\" height=\"768\" src=\"https:\/\/vuokatti.fi\/wp-content\/uploads\/2025\/04\/Hiidenportti_Photo-Katja-Tirkkonen-1024x768.jpg\" alt=\"\" class=\"wp-image-29290\" srcset=\"https:\/\/vuokatti.fi\/wp-content\/uploads\/2025\/04\/Hiidenportti_Photo-Katja-Tirkkonen-1024x768.jpg 1024w, https:\/\/vuokatti.fi\/wp-content\/uploads\/2025\/04\/Hiidenportti_Photo-Katja-Tirkkonen-300x225.jpg 300w, https:\/\/vuokatti.fi\/wp-content\/uploads\/2025\/04\/Hiidenportti_Photo-Katja-Tirkkonen-768x576.jpg 768w, https:\/\/vuokatti.fi\/wp-content\/uploads\/2025\/04\/Hiidenportti_Photo-Katja-Tirkkonen-1536x1152.jpg 1536w, https:\/\/vuokatti.fi\/wp-content\/uploads\/2025\/04\/Hiidenportti_Photo-Katja-Tirkkonen-1920x1440.jpg 1920w, https:\/\/vuokatti.fi\/wp-content\/uploads\/2025\/04\/Hiidenportti_Photo-Katja-Tirkkonen-1600x1200.jpg 1600w, https:\/\/vuokatti.fi\/wp-content\/uploads\/2025\/04\/Hiidenportti_Photo-Katja-Tirkkonen.jpg 2016w\" sizes=\"auto, (max-width: 1024px) 100vw, 1024px\"><figcaption class=\"wp-element-caption\">Photo Katja Tirkkonen<\/figcaption><\/figure>\n\n\n\n<div style=\"height:8px\" aria-hidden=\"true\" class=\"wp-block-spacer\"><\/div>\n\n\n\n<p>If the weather takes a turn, there\u2019s no need to worry \u2013 Vuokatti has plenty of indoor fun for the whole family.<br>Challenge your crew to an <a href=\"https:\/\/vuokatti.fi\/en\/product\/escape-rooms-in-vuokatti\/\" target=\"_blank\" rel=\"noreferrer noopener\">escape room<\/a>, explore an <a href=\"https:\/\/vuokatti.fi\/en\/product\/indoor-activity-park-superpark-vuokatti\/\" target=\"_blank\" rel=\"noreferrer noopener\">indoor activity park<\/a>, hit the <a href=\"https:\/\/vuokatti.fi\/en\/product\/bowling-in-vuokatti\/\" target=\"_blank\" rel=\"noreferrer noopener\">bowling lanes<\/a>, or try out the versatile <a href=\"https:\/\/vuokatti.fi\/en\/company\/vuokatti-arena\/\" target=\"_blank\" rel=\"noreferrer noopener\">training facilities at Vuokatti Arena<\/a>. And what better way to top off a holiday than by sitting down to a delicious meal you didn\u2019t have to cook yourself? Explore Vuokatti\u2019s <a href=\"https:\/\/vuokatti.fi\/en\/eat-drink\/\" target=\"_blank\" rel=\"noreferrer noopener\">range of restaurants<\/a> and discover your new favourite spot.<\/p>\n\n\n\n<p class=\"has-text-align-left\">Whether you\u2019re travelling to Vuokatti solo or with company, you\u2019re sure to find your perfect place to stay. Discover your favourite from the area\u2019s wide range of accommodation options via the link below.<\/p>\n\n\n\n<div class=\"wp-block-buttons is-content-justification-center is-layout-flex wp-container-core-buttons-is-layout-a89b3969 wp-block-buttons-is-layout-flex\">\n<div class=\"wp-block-button\"><a class=\"wp-block-button__link has-white-color has-purple-background-color has-text-color has-background has-medium-font-size has-custom-font-size wp-element-button\" href=\"https:\/\/vuokatti.fi\/en\/where-to-stay\/\" target=\"_blank\" rel=\"noreferrer noopener\">Vuokatti accommodation search<\/a><\/div>\n<\/div>\n\n\n\n<div style=\"height:30px\" aria-hidden=\"true\" class=\"wp-block-spacer\"><\/div>\n\n\n\n<div style=\"height:4em\" aria-hidden=\"true\" class=\"wp-block-spacer\"><\/div>\n","protected":false},"excerpt":{"rendered":"<p>Summer in Vuokatti is a world away from everyday life. You can enjoy peaceful nature trails on the hills, recharge your batteries on the stunning Hiukka beach, or get your adrenaline pumping at the brand-new water experience center. Or perhaps you\u2019ve already tried out the revamped roller skiing track? Instead of the hum of mosquitoes, [&hellip;]<\/p>\n","protected":false},"author":55,"featured_media":0,"parent":0,"menu_order":0,"comment_status":"closed","ping_status":"closed","template":"","meta":{"_acf_changed":false,"footnotes":""},"class_list":["post-12993","page","type-page","status-publish","hentry"],"acf":[],"_links":{"self":[{"href":"https:\/\/vuokatti.fi\/en\/wp-json\/wp\/v2\/pages\/12993","targetHints":{"allow":["GET"]}}],"collection":[{"href":"https:\/\/vuokatti.fi\/en\/wp-json\/wp\/v2\/pages"}],"about":[{"href":"https:\/\/vuokatti.fi\/en\/wp-json\/wp\/v2\/types\/page"}],"author":[{"embeddable":true,"href":"https:\/\/vuokatti.fi\/en\/wp-json\/wp\/v2\/users\/55"}],"replies":[{"embeddable":true,"href":"https:\/\/vuokatti.fi\/en\/wp-json\/wp\/v2\/comments?post=12993"}],"version-history":[{"count":16,"href":"https:\/\/vuokatti.fi\/en\/wp-json\/wp\/v2\/pages\/12993\/revisions"}],"predecessor-version":[{"id":36520,"href":"https:\/\/vuokatti.fi\/en\/wp-json\/wp\/v2\/pages\/12993\/revisions\/36520"}],"wp:attachment":[{"href":"https:\/\/vuokatti.fi\/en\/wp-json\/wp\/v2\/media?parent=12993"}],"curies":[{"name":"wp","href":"https:\/\/api.w.org\/{rel}","templated":true}]}}