{"id":6843,"date":"2022-10-04T09:11:29","date_gmt":"2022-10-04T06:11:29","guid":{"rendered":"https:\/\/vuokatti.fi\/?page_id=6843"},"modified":"2026-01-02T14:14:02","modified_gmt":"2026-01-02T12:14:02","slug":"ankunft-in-vuokatti","status":"publish","type":"page","link":"https:\/\/vuokatti.fi\/de\/ankunft-in-vuokatti\/","title":{"rendered":"Ankunft in Vuokatti"},"content":{"rendered":"\n<div style=\"height:4em\" aria-hidden=\"true\" class=\"wp-block-spacer\"><\/div>\n\n\n\n<div class=\"wp-block-columns are-vertically-aligned-top is-layout-flex wp-container-core-columns-is-layout-28f84493 wp-block-columns-is-layout-flex\">\n<div class=\"wp-block-column is-vertically-aligned-top is-layout-flow wp-block-column-is-layout-flow\">\n<h2 class=\"wp-block-heading\">Mit dem Flugzeug<\/h2>\n\n\n\n<p>Die schnellste Verbindung von der Hauptstadtregion nach Vuokatti ist das Flugzeug.\u00a0Ein Finnair-Flug von Helsinki nach Kajaani dauert etwa eine Stunde und 20 Minuten. Der Flughafen liegt 40 Kilometer von Vuokatti entfernt.<\/p>\n\n\n\n<div class=\"wp-block-buttons is-layout-flex wp-block-buttons-is-layout-flex\">\n<div class=\"wp-block-button is-style-outline is-style-outline--1\"><a class=\"wp-block-button__link has-purple-color has-white-background-color has-text-color has-background has-small-font-size has-custom-font-size wp-element-button\" href=\"https:\/\/www.finnair.com\/de-de\/flugziele\/europa\/finnland\/kajaani\" target=\"_blank\" rel=\"noreferrer noopener\">www.finnair.com<\/a><\/div>\n<\/div>\n\n\n\n<div style=\"height:40px\" aria-hidden=\"true\" class=\"wp-block-spacer\"><\/div>\n\n\n\n<p class=\"has-small-font-size\"><strong>TRANSPORT VOM FLUGHAFEN KAJAANI NACH VUOKATTI<\/strong><\/p>\n\n\n\n<p><strong>Der Taxidienst Vuokatti<\/strong> bietet Flughafentransfers an \u2013 vom Flughafen nach Vuokatti und von Vuokatti zum Flughafen. Buchen Sie eine zuverl\u00e4ssige und professionelle Fahrt unter der Nummer <strong>+358 40 166 0475.<\/strong><\/p>\n\n\n\n<p>Sie k\u00f6nnen auch ein Taxi vom Flughafen Kajaani zum Kajaani Travel Centre nehmen und von dort aus einen Bus nach Vuokatti. Die Busfahrpl\u00e4ne und Tickets finden Sie \u00fcber den untenstehenden Link zu Matkahuolto (auf English).<\/p>\n\n\n\n<div class=\"wp-block-buttons is-layout-flex wp-block-buttons-is-layout-flex\">\n<div class=\"wp-block-button is-style-outline is-style-outline--2\"><a class=\"wp-block-button__link has-purple-color has-text-color has-link-color has-small-font-size has-custom-font-size wp-element-button\" href=\"https:\/\/liput.matkahuolto.fi\/connectionlist?lang=en&amp;departurePlaceId=s2893&amp;arrivalPlaceId=s10865#breadcrumb\" target=\"_blank\" rel=\"noreferrer noopener\">Matkahuolto.fi \u2013 Bus timetables and tickets<\/a><\/div>\n<\/div>\n<\/div>\n\n\n\n<div class=\"wp-block-column is-vertically-aligned-top is-layout-flow wp-block-column-is-layout-flow\">\n<figure class=\"wp-block-image size-large is-resized\"><img decoding=\"async\" src=\"https:\/\/vuokatti.fi\/wp-content\/uploads\/2023\/11\/kartta-light-lentoyhteydet-vuokatti.svg\" alt=\"\" class=\"wp-image-17262\" style=\"width:250px\"><\/figure>\n<\/div>\n<\/div>\n\n\n\n<div style=\"height:4em\" aria-hidden=\"true\" class=\"wp-block-spacer\"><\/div>\n\n\n\n<div class=\"wp-block-columns are-vertically-aligned-top is-layout-flex wp-container-core-columns-is-layout-28f84493 wp-block-columns-is-layout-flex\">\n<div class=\"wp-block-column is-vertically-aligned-top is-layout-flow wp-block-column-is-layout-flow\">\n<h2 class=\"wp-block-heading\">Mit dem Zug<\/h2>\n\n\n\n<p>Der n\u00e4chstgelegene Bahnhof befindet sich ebenfalls in Kajaani. Es gibt t\u00e4glich mehrere Zugverbindungen in die Stadt. Vom Bahnhof (genannt Kajaani Travel Centre) gibt es mehrere Busverbindungen nach Vuokatti. Die Fahrpl\u00e4ne und Tickets finden Sie \u00fcber den untenstehenden Link zu Matkahuolto (auf English).<\/p>\n\n\n\n<figure class=\"wp-block-table\"><table><tbody><tr><td>Kuopio<\/td><td>Kajaani<\/td><td>T\u00e4gliche<\/td><\/tr><tr><td>Oulu<\/td><td>Kajaani<\/td><td>T\u00e4gliche<\/td><\/tr><tr><td>Jyv\u00e4skyl\u00e4<\/td><td>Kajaani<\/td><td>T\u00e4gliche<\/td><\/tr><tr><td>Vaasa<\/td><td>Kajaani<\/td><td>T\u00e4gliche<\/td><\/tr><tr><td>Tampere<\/td><td>Kajaani<\/td><td>T\u00e4gliche<\/td><\/tr><tr><td>Helsinki<\/td><td>Kajaani<\/td><td>T\u00e4gliche<\/td><\/tr><\/tbody><\/table><\/figure>\n\n\n\n<p class=\"has-small-font-size\" style=\"letter-spacing:1px\"><strong>FAHRPL\u00c4NE UND RESERVIERUNGEN (AUF ENGLISH)<\/strong><\/p>\n\n\n\n<div class=\"wp-block-buttons is-layout-flex wp-block-buttons-is-layout-flex\">\n<div class=\"wp-block-button is-style-outline is-style-outline--3\"><a class=\"wp-block-button__link has-purple-color has-text-color has-small-font-size has-custom-font-size wp-element-button\" href=\"https:\/\/www.vr.fi\/en?to=KAJ\" target=\"_blank\" rel=\"noreferrer noopener\">Vr.fi \u2013 Train tickets and timetables <\/a><\/div>\n\n\n\n<div class=\"wp-block-button is-style-outline is-style-outline--4\"><a class=\"wp-block-button__link has-purple-color has-text-color has-small-font-size has-custom-font-size wp-element-button\" href=\"https:\/\/liput.matkahuolto.fi\/connectionlist?lang=en&amp;departurePlaceId=s2893&amp;arrivalPlaceId=s10865#breadcrumb\" target=\"_blank\" rel=\"noreferrer noopener\">Matkahuolto.fi \u2013 Bus timetables and tickets<\/a><\/div>\n<\/div>\n<\/div>\n\n\n\n<div class=\"wp-block-column is-vertically-aligned-top is-layout-flow wp-block-column-is-layout-flow\">\n<figure class=\"wp-block-image size-large is-resized\"><img decoding=\"async\" src=\"https:\/\/vuokatti.fi\/wp-content\/uploads\/2023\/11\/kartta-light-rautatiet-vuokatti.svg\" alt=\"\" class=\"wp-image-17259\" style=\"width:250px\"><\/figure>\n<\/div>\n<\/div>\n\n\n\n<div style=\"height:4em\" aria-hidden=\"true\" class=\"wp-block-spacer\"><\/div>\n\n\n\n<div class=\"wp-block-columns are-vertically-aligned-top is-layout-flex wp-container-core-columns-is-layout-28f84493 wp-block-columns-is-layout-flex\">\n<div class=\"wp-block-column is-vertically-aligned-top is-layout-flow wp-block-column-is-layout-flow\">\n<h2 class=\"wp-block-heading\">Unterwegs in Vuokatti<\/h2>\n\n\n\n<p>Ganzj\u00e4hrig ist der SotKatti-Bus, der zwischen dem Dorfzentrum von Sotkamo und Vuokatti verkehrt, eine M\u00f6glichkeit, die Umgebung von Vuokatti kennenzulernen. Sie k\u00f6nnen die Busfahrt mit einer Debitkarte, einem mobilen Ticket (Waltti-App) oder mit Bargeld bezahlen. Kinder unter 7 Jahren fahren kostenlos. Den Busfahrplan (einschlie\u00dflich Ticketpreise) und die Streckenkarte finden Sie \u00fcber die untenstehenden Links (auf English).<\/p>\n\n\n\n<div class=\"wp-block-buttons is-layout-flex wp-block-buttons-is-layout-flex\">\n<div class=\"wp-block-button is-style-outline is-style-outline--5\"><a class=\"wp-block-button__link has-purple-color has-text-color has-link-color has-small-font-size has-custom-font-size wp-element-button\" href=\"https:\/\/vuokatti.fi\/wp-content\/uploads\/2025\/06\/SotKatti-timetable-4.8.2025-29.5.2026-ENG.pdf\" target=\"_blank\" rel=\"noreferrer noopener\">SotKattis Nahverkehrsbusfahrpl\u00e4ne 4.8.2025 \u2013 29.5.2026 (PDF)<\/a><\/div>\n\n\n\n<div class=\"wp-block-button is-style-outline is-style-outline--6\"><a class=\"wp-block-button__link has-purple-color has-text-color has-link-color has-small-font-size has-custom-font-size wp-element-button\" href=\"https:\/\/vuokatti.fi\/wp-content\/uploads\/2025\/11\/sotkatti-route.pdf\" target=\"_blank\" rel=\"noreferrer noopener\">SotKattis Streckenkarte 4.8.2025 \u2013 29.5.2026 (PDF)<\/a><\/div>\n<\/div>\n\n\n\n<div style=\"height:40px\" aria-hidden=\"true\" class=\"wp-block-spacer\"><\/div>\n\n\n\n<p>Wenn Sie kein Auto haben, k\u00f6nnen Sie auch einen Mietwagen oder ein Taxi nehmen. <strong>Der Taxidienst Vuokatti<\/strong> bietet zuverl\u00e4ssige und professionelle Fahrten in der Region Vuokatti an. Sie k\u00f6nnen eine Fahrt unter der Nummer <strong>+358 40 166 0475<\/strong> bestellen.<\/p>\n\n\n\n<p>Mietwagen (auf English):\u00a0<a href=\"https:\/\/www.hertz.fi\/rentacar\/reservation\/\" data-type=\"URL\" data-id=\"https:\/\/www.hertz.fi\/rentacar\/reservation\/\" target=\"_blank\" rel=\"noreferrer noopener nofollow\">Hertz<\/a>,\u00a0<a href=\"https:\/\/scandiarent.fi\/en\/frontpage-en\/\" target=\"_blank\" rel=\"noreferrer noopener nofollow\">Scandia Rent<\/a>,\u00a0<a href=\"https:\/\/www.avis.fi\/en\/?\" data-type=\"URL\" data-id=\"https:\/\/www.avis.fi\/en\/?\" target=\"_blank\" rel=\"noreferrer noopener nofollow\">Avis<\/a><\/p>\n<\/div>\n\n\n\n<div class=\"wp-block-column is-vertically-aligned-top is-layout-flow wp-block-column-is-layout-flow\">\n<figure class=\"wp-block-image size-large is-resized\"><img decoding=\"async\" src=\"https:\/\/vuokatti.fi\/wp-content\/uploads\/2023\/11\/kartta-light-maantiet-vuokatti.svg\" alt=\"\" class=\"wp-image-17256\" style=\"width:250px\"><\/figure>\n<\/div>\n<\/div>\n\n\n\n<div style=\"height:4em\" aria-hidden=\"true\" class=\"wp-block-spacer\"><\/div>\n","protected":false},"excerpt":{"rendered":"<p>Mit dem Flugzeug Die schnellste Verbindung von der Hauptstadtregion nach Vuokatti ist das Flugzeug.&nbsp;Ein Finnair-Flug von Helsinki nach Kajaani dauert etwa eine Stunde und 20 Minuten. Der Flughafen liegt 40 Kilometer von Vuokatti entfernt. TRANSPORT VOM FLUGHAFEN KAJAANI NACH VUOKATTI Der Taxidienst Vuokatti bietet Flughafentransfers an \u2013 vom Flughafen nach Vuokatti und von Vuokatti zum [&hellip;]<\/p>\n","protected":false},"author":1,"featured_media":0,"parent":0,"menu_order":0,"comment_status":"closed","ping_status":"closed","template":"","meta":{"_acf_changed":false,"footnotes":""},"class_list":["post-6843","page","type-page","status-publish","hentry"],"acf":[],"_links":{"self":[{"href":"https:\/\/vuokatti.fi\/de\/wp-json\/wp\/v2\/pages\/6843","targetHints":{"allow":["GET"]}}],"collection":[{"href":"https:\/\/vuokatti.fi\/de\/wp-json\/wp\/v2\/pages"}],"about":[{"href":"https:\/\/vuokatti.fi\/de\/wp-json\/wp\/v2\/types\/page"}],"author":[{"embeddable":true,"href":"https:\/\/vuokatti.fi\/de\/wp-json\/wp\/v2\/users\/1"}],"replies":[{"embeddable":true,"href":"https:\/\/vuokatti.fi\/de\/wp-json\/wp\/v2\/comments?post=6843"}],"version-history":[{"count":23,"href":"https:\/\/vuokatti.fi\/de\/wp-json\/wp\/v2\/pages\/6843\/revisions"}],"predecessor-version":[{"id":37104,"href":"https:\/\/vuokatti.fi\/de\/wp-json\/wp\/v2\/pages\/6843\/revisions\/37104"}],"wp:attachment":[{"href":"https:\/\/vuokatti.fi\/de\/wp-json\/wp\/v2\/media?parent=6843"}],"curies":[{"name":"wp","href":"https:\/\/api.w.org\/{rel}","templated":true}]}}