{"id":6435,"date":"2022-10-24T14:51:48","date_gmt":"2022-10-24T11:51:48","guid":{"rendered":"https:\/\/vuokatti.fi\/?page_id=6435"},"modified":"2025-04-30T14:34:31","modified_gmt":"2025-04-30T11:34:31","slug":"ganzjaehrige-outdoor-strecken","status":"publish","type":"page","link":"https:\/\/vuokatti.fi\/de\/ganzjaehrige-outdoor-strecken\/","title":{"rendered":"Ganzj\u00e4hrige Outdoor-Strecken"},"content":{"rendered":"\n<div style=\"height:20px\" aria-hidden=\"true\" class=\"wp-block-spacer\"><\/div>\n\n\n\n<p class=\"has-text-align-center has-lightgray-color has-text-color has-medium-font-size\">Vuokatti ist durch seine gro\u00dfe Vielfalt an markierten Outdoor-Strecken ein ausgezeichnetes Ausflugsziel. Die Strecken eignen sich sowohl f\u00fcr Genusswanderer als auch f\u00fcr diejenigen, die sich selbst herausfordern wollen. Egal ob Sie zu Fu\u00df, mit dem Fahrrad oder im Winter mit Schneeschuhen oder dem Fahrrad aufbrechen m\u00f6chten, in Vuokatti findet sich f\u00fcr jeden eine passende Strecke.<\/p>\n\n\n\n<div style=\"height:20px\" aria-hidden=\"true\" class=\"wp-block-spacer\"><\/div>\n\n\n\n<figure class=\"wp-block-image size-large\"><img loading=\"lazy\" decoding=\"async\" width=\"1024\" height=\"681\" src=\"https:\/\/vuokatti.fi\/wp-content\/uploads\/2024\/05\/DSC_5753-1024x681.jpg\" alt=\"\" class=\"wp-image-23575\" srcset=\"https:\/\/vuokatti.fi\/wp-content\/uploads\/2024\/05\/DSC_5753-1024x681.jpg 1024w, https:\/\/vuokatti.fi\/wp-content\/uploads\/2024\/05\/DSC_5753-300x200.jpg 300w, https:\/\/vuokatti.fi\/wp-content\/uploads\/2024\/05\/DSC_5753-768x511.jpg 768w, https:\/\/vuokatti.fi\/wp-content\/uploads\/2024\/05\/DSC_5753-1536x1022.jpg 1536w, https:\/\/vuokatti.fi\/wp-content\/uploads\/2024\/05\/DSC_5753-2048x1363.jpg 2048w, https:\/\/vuokatti.fi\/wp-content\/uploads\/2024\/05\/DSC_5753-1920x1278.jpg 1920w, https:\/\/vuokatti.fi\/wp-content\/uploads\/2024\/05\/DSC_5753-1600x1065.jpg 1600w\" sizes=\"auto, (max-width: 1024px) 100vw, 1024px\"><\/figure>\n\n\n\n<div style=\"height:20px\" aria-hidden=\"true\" class=\"wp-block-spacer\"><\/div>\n\n\n\n<h2 class=\"wp-block-heading\">Outdoor-Strecken<\/h2>\n\n\n\n<p>Die ganzj\u00e4hrig begehbaren Outdoor-Strecken in Vuokatinvaara und Naapurinvaara sind die beliebtesten der Vuokatti-Region. Im Winter k\u00f6nnen Sie auf diesen Strecken wandern gehen, oder auch mit Schneeschuhen laufen. Die gut markierten Strecken haben unterschiedliche Schwierigkeitsgrade, sodass jeder die passende f\u00fcr sich findet. Auf den Strecken in Vuokatinvaara gibt es von der Gemeinde Sotkamo unterhaltene Kotas, die f\u00fcr Ihren Ausflug einen idealen Pausen- und Proviantplatz bieten. Neben dem Angebot in Vuokatti bietet auch der Nationalpark Hiidenportti ein ausgezeichnetes Ziel sowohl f\u00fcr kurze Tagesausfl\u00fcge als auch f\u00fcr l\u00e4ngere \u00dcbernachtungsausfl\u00fcge.<\/p>\n\n\n\n<p>Wenn Sie eine gef\u00fchrte Wanderung zu Fu\u00df oder mit Schneeschuhen w\u00fcnschen, wenden Sie sich bitte an den Programmanbieter Vuokatti Safaris. Vuokatti Safaris organisiert Wandersafaris in unterschiedlichen L\u00e4ngen sowohl in der Vuokatti-Region als auch im Nationalpark Hiidenportti.<\/p>\n\n\n\n<div class=\"wp-block-buttons is-layout-flex wp-block-buttons-is-layout-flex\">\n<div class=\"wp-block-button\"><a class=\"wp-block-button__link has-purple-background-color has-background wp-element-button\" href=\"https:\/\/www.vuokattisafaris.com\/de\/\" target=\"_blank\" rel=\"noreferrer noopener\">Vuokatti Safaris<\/a><\/div>\n<\/div>\n\n\n\n<div style=\"height:36px\" aria-hidden=\"true\" class=\"wp-block-spacer\"><\/div>\n\n\n\n<figure class=\"wp-block-image size-large\"><img loading=\"lazy\" decoding=\"async\" width=\"1024\" height=\"683\" src=\"https:\/\/vuokatti.fi\/wp-content\/uploads\/2025\/04\/Fahrradstrecken_Vuokatti-1024x683.jpg\" alt=\"\" class=\"wp-image-29895\" srcset=\"https:\/\/vuokatti.fi\/wp-content\/uploads\/2025\/04\/Fahrradstrecken_Vuokatti-1024x683.jpg 1024w, https:\/\/vuokatti.fi\/wp-content\/uploads\/2025\/04\/Fahrradstrecken_Vuokatti-300x200.jpg 300w, https:\/\/vuokatti.fi\/wp-content\/uploads\/2025\/04\/Fahrradstrecken_Vuokatti-768x512.jpg 768w, https:\/\/vuokatti.fi\/wp-content\/uploads\/2025\/04\/Fahrradstrecken_Vuokatti-1536x1024.jpg 1536w, https:\/\/vuokatti.fi\/wp-content\/uploads\/2025\/04\/Fahrradstrecken_Vuokatti-1920x1280.jpg 1920w, https:\/\/vuokatti.fi\/wp-content\/uploads\/2025\/04\/Fahrradstrecken_Vuokatti-1600x1066.jpg 1600w, https:\/\/vuokatti.fi\/wp-content\/uploads\/2025\/04\/Fahrradstrecken_Vuokatti.jpg 2048w\" sizes=\"auto, (max-width: 1024px) 100vw, 1024px\"><\/figure>\n\n\n\n<div style=\"height:20px\" aria-hidden=\"true\" class=\"wp-block-spacer\"><\/div>\n\n\n\n<h2 class=\"wp-block-heading\">Fahrradstrecken<\/h2>\n\n\n\n<p>Zum Mountainbiken geeignete Strecken gibt es in Vuokatti und Sotkamo. Radwege sind besonders im Winter beliebt und gut befahren. F\u00fcr das Winterradfahren vorgesehene markierte Strecken finden sich in der Umgebung von Vuokatti Sport und des Hotels Katinkulta.\u00a0<\/p>\n\n\n\n<p>Mountainbikes, Fatbikes und Elektro-Fatbikes k\u00f6nnen bei Vuokatti Ski Service bequem gemietet werden. Auch gef\u00fchrte Fahrrad-Safaris lassen sich nach vorheriger Reservierung organisieren. Vuokatti Ski Service ist ganzj\u00e4hrig ge\u00f6ffnet und bietet neben Fahrr\u00e4dern auch u.a. Ski, Schneeschuhe und vieles andere!<\/p>\n\n\n\n<p>Sie finden uns im Bereich des Sportinstituts Vuokatti unter der Adresse Opistontie 1, 88610 Vuokatti. Kundenservice: +358 50 542 7268<\/p>\n\n\n\n<div class=\"wp-block-buttons is-layout-flex wp-block-buttons-is-layout-flex\">\n<div class=\"wp-block-button\"><a class=\"wp-block-button__link has-purple-background-color has-background wp-element-button\" href=\"https:\/\/vuokattiskiservice.fi\/eng\/\" target=\"_blank\" rel=\"noreferrer noopener\">Vuokatti Ski Service<\/a><\/div>\n<\/div>\n\n\n\n<div style=\"height:20px\" aria-hidden=\"true\" class=\"wp-block-spacer\"><\/div>\n\n\n\n<p><strong>Alle Outdoor- und Fahrradstrecken sowie themenbezogenen Naturlehrpfade in der Vuokatti-Region finden Sie <a href=\"https:\/\/vuokatti.fi\/en\/trails-and-routes\/\" target=\"_blank\" rel=\"noreferrer noopener\">hier<\/a> (auf English).<\/strong><\/p>\n\n\n\n<div style=\"height:60px\" aria-hidden=\"true\" class=\"wp-block-spacer\"><\/div>\n\n\n\n<div class=\"wp-block-columns is-layout-flex wp-container-core-columns-is-layout-28f84493 wp-block-columns-is-layout-flex\">\n<div class=\"wp-block-column is-layout-flow wp-block-column-is-layout-flow\">\n<div class=\"wp-block-cover\"><img loading=\"lazy\" decoding=\"async\" width=\"1224\" height=\"816\" class=\"wp-block-cover__image-background wp-image-6444\" alt=\"\" src=\"https:\/\/vuokatti.fi\/wp-content\/uploads\/2022\/10\/vuokatin-vaellus-01.jpg\" style=\"object-position:32% 57%\" data-object-fit=\"cover\" data-object-position=\"32% 57%\" srcset=\"https:\/\/vuokatti.fi\/wp-content\/uploads\/2022\/10\/vuokatin-vaellus-01.jpg 1224w, https:\/\/vuokatti.fi\/wp-content\/uploads\/2022\/10\/vuokatin-vaellus-01-300x200.jpg 300w, https:\/\/vuokatti.fi\/wp-content\/uploads\/2022\/10\/vuokatin-vaellus-01-1024x683.jpg 1024w, https:\/\/vuokatti.fi\/wp-content\/uploads\/2022\/10\/vuokatin-vaellus-01-768x512.jpg 768w\" sizes=\"auto, (max-width: 1224px) 100vw, 1224px\"><span aria-hidden=\"true\" class=\"wp-block-cover__background has-black-background-color has-background-dim\"><\/span><div class=\"wp-block-cover__inner-container is-layout-flow wp-block-cover-is-layout-flow\">\n<h2 class=\"wp-block-heading has-text-align-center has-small-font-size\">Wanderevent \u201eVuokatin<br>Vaellus\u201c<\/h2>\n\n\n\n<div class=\"wp-block-buttons is-content-justification-center is-layout-flex wp-container-core-buttons-is-layout-a89b3969 wp-block-buttons-is-layout-flex\">\n<div class=\"wp-block-button is-style-fill\"><a class=\"wp-block-button__link has-purple-background-color has-background has-small-font-size has-custom-font-size wp-element-button\" href=\"https:\/\/vuokatti.fi\/de\/wanderevent-vuokatin-vaellus\/\">Besuchen\u00a0<\/a><\/div>\n<\/div>\n<\/div><\/div>\n<\/div>\n\n\n\n<div class=\"wp-block-column is-layout-flow wp-block-column-is-layout-flow\">\n<div class=\"wp-block-cover\"><img loading=\"lazy\" decoding=\"async\" width=\"1024\" height=\"693\" class=\"wp-block-cover__image-background wp-image-9338 size-large\" alt=\"talvinen latu odottaa hiiht\u00e4ji\u00e4 vuokatissa\" src=\"https:\/\/vuokatti.fi\/wp-content\/uploads\/2022\/09\/latua-selkele-1024x693.jpg\" data-object-fit=\"cover\" srcset=\"https:\/\/vuokatti.fi\/wp-content\/uploads\/2022\/09\/latua-selkele-1024x693.jpg 1024w, https:\/\/vuokatti.fi\/wp-content\/uploads\/2022\/09\/latua-selkele-300x203.jpg 300w, https:\/\/vuokatti.fi\/wp-content\/uploads\/2022\/09\/latua-selkele-768x520.jpg 768w, https:\/\/vuokatti.fi\/wp-content\/uploads\/2022\/09\/latua-selkele-1536x1040.jpg 1536w, https:\/\/vuokatti.fi\/wp-content\/uploads\/2022\/09\/latua-selkele-2048x1387.jpg 2048w, https:\/\/vuokatti.fi\/wp-content\/uploads\/2022\/09\/latua-selkele-1920x1300.jpg 1920w, https:\/\/vuokatti.fi\/wp-content\/uploads\/2022\/09\/latua-selkele-1600x1083.jpg 1600w\" sizes=\"auto, (max-width: 1024px) 100vw, 1024px\"><span aria-hidden=\"true\" class=\"wp-block-cover__background has-black-background-color has-background-dim\"><\/span><div class=\"wp-block-cover__inner-container is-layout-flow wp-block-cover-is-layout-flow\">\n<h2 class=\"wp-block-heading has-text-align-center has-white-color has-text-color has-small-font-size\">Nordisches Skiparadies<\/h2>\n\n\n\n<div class=\"wp-block-buttons is-content-justification-center is-layout-flex wp-container-core-buttons-is-layout-a89b3969 wp-block-buttons-is-layout-flex\">\n<div class=\"wp-block-button\"><a class=\"wp-block-button__link has-purple-background-color has-background has-small-font-size has-custom-font-size wp-element-button\" href=\"https:\/\/vuokatti.fi\/de\/nordisches-skiparadies-in-vuokatti\/\">Besuchen\u00a0<\/a><\/div>\n<\/div>\n<\/div><\/div>\n<\/div>\n\n\n\n<div class=\"wp-block-column is-layout-flow wp-block-column-is-layout-flow\">\n<div class=\"wp-block-cover\"><img loading=\"lazy\" decoding=\"async\" width=\"1920\" height=\"1280\" class=\"wp-block-cover__image-background wp-image-6563\" alt=\"\" src=\"https:\/\/vuokatti.fi\/wp-content\/uploads\/2022\/10\/naapurinvvara-vuokatti-finnland-laubwaldern-traubenkirschen.jpg\" style=\"object-position:52% 66%\" data-object-fit=\"cover\" data-object-position=\"52% 66%\" srcset=\"https:\/\/vuokatti.fi\/wp-content\/uploads\/2022\/10\/naapurinvvara-vuokatti-finnland-laubwaldern-traubenkirschen.jpg 1920w, https:\/\/vuokatti.fi\/wp-content\/uploads\/2022\/10\/naapurinvvara-vuokatti-finnland-laubwaldern-traubenkirschen-300x200.jpg 300w, https:\/\/vuokatti.fi\/wp-content\/uploads\/2022\/10\/naapurinvvara-vuokatti-finnland-laubwaldern-traubenkirschen-1024x683.jpg 1024w, https:\/\/vuokatti.fi\/wp-content\/uploads\/2022\/10\/naapurinvvara-vuokatti-finnland-laubwaldern-traubenkirschen-768x512.jpg 768w, https:\/\/vuokatti.fi\/wp-content\/uploads\/2022\/10\/naapurinvvara-vuokatti-finnland-laubwaldern-traubenkirschen-1536x1024.jpg 1536w, https:\/\/vuokatti.fi\/wp-content\/uploads\/2022\/10\/naapurinvvara-vuokatti-finnland-laubwaldern-traubenkirschen-1600x1067.jpg 1600w\" sizes=\"auto, (max-width: 1920px) 100vw, 1920px\"><span aria-hidden=\"true\" class=\"wp-block-cover__background has-black-background-color has-background-dim\"><\/span><div class=\"wp-block-cover__inner-container is-layout-flow wp-block-cover-is-layout-flow\">\n<h2 class=\"wp-block-heading has-text-align-center has-white-color has-text-color has-small-font-size\">Naapurinvaara<\/h2>\n\n\n\n<div class=\"wp-block-buttons is-content-justification-center is-layout-flex wp-container-core-buttons-is-layout-a89b3969 wp-block-buttons-is-layout-flex\">\n<div class=\"wp-block-button\"><a class=\"wp-block-button__link has-purple-background-color has-background has-small-font-size has-custom-font-size wp-element-button\" href=\"https:\/\/vuokatti.fi\/de\/naapurinvaara\/\">Besuchen\u00a0<\/a><\/div>\n<\/div>\n<\/div><\/div>\n<\/div>\n<\/div>\n\n\n\n<div style=\"height:60px\" aria-hidden=\"true\" class=\"wp-block-spacer\"><\/div>\n","protected":false},"excerpt":{"rendered":"<p>Vuokatti ist durch seine gro\u00dfe Vielfalt an markierten Outdoor-Strecken ein ausgezeichnetes Ausflugsziel. Die Strecken eignen sich sowohl f\u00fcr Genusswanderer als auch f\u00fcr diejenigen, die sich selbst herausfordern wollen. Egal ob Sie zu Fu\u00df, mit dem Fahrrad oder im Winter mit Schneeschuhen oder dem Fahrrad aufbrechen m\u00f6chten, in Vuokatti findet sich f\u00fcr jeden eine passende Strecke. [&hellip;]<\/p>\n","protected":false},"author":1,"featured_media":0,"parent":0,"menu_order":0,"comment_status":"closed","ping_status":"closed","template":"","meta":{"_acf_changed":false,"footnotes":""},"class_list":["post-6435","page","type-page","status-publish","hentry"],"acf":[],"_links":{"self":[{"href":"https:\/\/vuokatti.fi\/de\/wp-json\/wp\/v2\/pages\/6435","targetHints":{"allow":["GET"]}}],"collection":[{"href":"https:\/\/vuokatti.fi\/de\/wp-json\/wp\/v2\/pages"}],"about":[{"href":"https:\/\/vuokatti.fi\/de\/wp-json\/wp\/v2\/types\/page"}],"author":[{"embeddable":true,"href":"https:\/\/vuokatti.fi\/de\/wp-json\/wp\/v2\/users\/1"}],"replies":[{"embeddable":true,"href":"https:\/\/vuokatti.fi\/de\/wp-json\/wp\/v2\/comments?post=6435"}],"version-history":[{"count":8,"href":"https:\/\/vuokatti.fi\/de\/wp-json\/wp\/v2\/pages\/6435\/revisions"}],"predecessor-version":[{"id":29927,"href":"https:\/\/vuokatti.fi\/de\/wp-json\/wp\/v2\/pages\/6435\/revisions\/29927"}],"wp:attachment":[{"href":"https:\/\/vuokatti.fi\/de\/wp-json\/wp\/v2\/media?parent=6435"}],"curies":[{"name":"wp","href":"https:\/\/api.w.org\/{rel}","templated":true}]}}