{"id":6434,"date":"2022-10-24T14:51:48","date_gmt":"2022-10-24T11:51:48","guid":{"rendered":"https:\/\/vuokatti.fi\/?page_id=6434"},"modified":"2025-04-30T14:45:22","modified_gmt":"2025-04-30T11:45:22","slug":"wanderevent-vuokatin-vaellus","status":"publish","type":"page","link":"https:\/\/vuokatti.fi\/de\/wanderevent-vuokatin-vaellus\/","title":{"rendered":"Wanderevent \u201eVuokatin Vaellus\u201c"},"content":{"rendered":"\n<div style=\"height:20px\" aria-hidden=\"true\" class=\"wp-block-spacer\"><\/div>\n\n\n\n<p class=\"has-text-align-center has-lightgray-color has-text-color has-medium-font-size\">\u201eVuokatin Vaellus\u201c ist der Auftakt f\u00fcr die Herbstsaison auf den Anh\u00f6hen von Vuokatti. Diese Veranstaltung bringt Wander-Liebhaber zusammen. Es lohnt sich, mit der ganzen Familie auf Reise zu gehen \u2013 auch f\u00fcr die j\u00fcngsten Familienmitglieder wird vieles geboten.<\/p>\n\n\n\n<div style=\"height:20px\" aria-hidden=\"true\" class=\"wp-block-spacer\"><\/div>\n\n\n\n<figure class=\"wp-block-image size-large\"><img loading=\"lazy\" decoding=\"async\" width=\"1024\" height=\"683\" src=\"https:\/\/vuokatti.fi\/wp-content\/uploads\/2022\/10\/vuokatin-vaellus-02-1024x683.jpg\" alt=\"\" class=\"wp-image-6445\" srcset=\"https:\/\/vuokatti.fi\/wp-content\/uploads\/2022\/10\/vuokatin-vaellus-02-1024x683.jpg 1024w, https:\/\/vuokatti.fi\/wp-content\/uploads\/2022\/10\/vuokatin-vaellus-02-300x200.jpg 300w, https:\/\/vuokatti.fi\/wp-content\/uploads\/2022\/10\/vuokatin-vaellus-02-768x512.jpg 768w, https:\/\/vuokatti.fi\/wp-content\/uploads\/2022\/10\/vuokatin-vaellus-02.jpg 1224w\" sizes=\"auto, (max-width: 1024px) 100vw, 1024px\"><\/figure>\n\n\n\n<div style=\"height:20px\" aria-hidden=\"true\" class=\"wp-block-spacer\"><\/div>\n\n\n\n<p>Das Herzst\u00fcck der Veranstaltung ist Finnlands \u00e4ltestes Wanderevent, \u201eVuokatin Vaellus\u201c. Die Hauptarena der Veranstaltung sind die Anh\u00f6hen von Vuokatti, die jeder auf seine eigene Weise erkunden kann. F\u00fcr den einen bieten sie physische Herausforderungen, f\u00fcr den anderen unvergessliche Wandererlebnisse. Auf den l\u00e4ngsten Wanderwegen erleben die Teilnehmer u.a. die legend\u00e4re \u00dcberquerung von 13 Anh\u00f6hen der UKK-Route.<br><br>Das Wanderevent bietet auch viele andere Programme und Aktivit\u00e4ten in Vuokatti. Schlie\u00dflich ist der Veranstaltungsort Finnlands vielf\u00e4ltigste Ferienanlage. Es gibt ebenfalls Unterk\u00fcnfte f\u00fcr jeden Geschmack und, was das Beste ist, sie befinden sich ganz in der N\u00e4he des Eventzentrums des Sportinstituts Vuokatti.<\/p>\n\n\n\n<p><strong>WILLKOMMEN ZUM WANDEREVENT ALLER ZEITEN!<\/strong><\/p>\n\n\n\n<div class=\"wp-block-buttons is-layout-flex wp-block-buttons-is-layout-flex\">\n<div class=\"wp-block-button\"><a class=\"wp-block-button__link has-purple-background-color has-background has-small-font-size has-custom-font-size wp-element-button\" href=\"https:\/\/endurancekainuu.fi\/en\/vuokatin-vaellus-en\/\" target=\"_blank\" rel=\"noreferrer noopener\">Erfahren Sie mehr hier (auf English)<\/a><\/div>\n<\/div>\n\n\n\n<div style=\"height:60px\" aria-hidden=\"true\" class=\"wp-block-spacer\"><\/div>\n\n\n\n<div class=\"wp-block-columns is-layout-flex wp-container-core-columns-is-layout-28f84493 wp-block-columns-is-layout-flex\">\n<div class=\"wp-block-column is-layout-flow wp-block-column-is-layout-flow\">\n<div class=\"wp-block-cover\"><img loading=\"lazy\" decoding=\"async\" width=\"1920\" height=\"1280\" class=\"wp-block-cover__image-background wp-image-6563\" alt=\"\" src=\"https:\/\/vuokatti.fi\/wp-content\/uploads\/2022\/10\/naapurinvvara-vuokatti-finnland-laubwaldern-traubenkirschen.jpg\" style=\"object-position:32% 57%\" data-object-fit=\"cover\" data-object-position=\"32% 57%\" srcset=\"https:\/\/vuokatti.fi\/wp-content\/uploads\/2022\/10\/naapurinvvara-vuokatti-finnland-laubwaldern-traubenkirschen.jpg 1920w, https:\/\/vuokatti.fi\/wp-content\/uploads\/2022\/10\/naapurinvvara-vuokatti-finnland-laubwaldern-traubenkirschen-300x200.jpg 300w, https:\/\/vuokatti.fi\/wp-content\/uploads\/2022\/10\/naapurinvvara-vuokatti-finnland-laubwaldern-traubenkirschen-1024x683.jpg 1024w, https:\/\/vuokatti.fi\/wp-content\/uploads\/2022\/10\/naapurinvvara-vuokatti-finnland-laubwaldern-traubenkirschen-768x512.jpg 768w, https:\/\/vuokatti.fi\/wp-content\/uploads\/2022\/10\/naapurinvvara-vuokatti-finnland-laubwaldern-traubenkirschen-1536x1024.jpg 1536w, https:\/\/vuokatti.fi\/wp-content\/uploads\/2022\/10\/naapurinvvara-vuokatti-finnland-laubwaldern-traubenkirschen-1600x1067.jpg 1600w\" sizes=\"auto, (max-width: 1920px) 100vw, 1920px\"><span aria-hidden=\"true\" class=\"wp-block-cover__background has-black-background-color has-background-dim\"><\/span><div class=\"wp-block-cover__inner-container is-layout-flow wp-block-cover-is-layout-flow\">\n<h2 class=\"wp-block-heading has-text-align-center has-small-font-size\">Naapurinvaara<\/h2>\n\n\n\n<div class=\"wp-block-buttons is-content-justification-center is-layout-flex wp-container-core-buttons-is-layout-a89b3969 wp-block-buttons-is-layout-flex\">\n<div class=\"wp-block-button is-style-fill\"><a class=\"wp-block-button__link has-purple-background-color has-background has-small-font-size has-custom-font-size wp-element-button\" href=\"https:\/\/vuokatti.fi\/de\/naapurinvaara\/\">Besuchen\u00a0<\/a><\/div>\n<\/div>\n<\/div><\/div>\n<\/div>\n\n\n\n<div class=\"wp-block-column is-layout-flow wp-block-column-is-layout-flow\">\n<div class=\"wp-block-cover\"><img loading=\"lazy\" decoding=\"async\" width=\"1024\" height=\"693\" class=\"wp-block-cover__image-background wp-image-9338 size-large\" alt=\"talvinen latu odottaa hiiht\u00e4ji\u00e4 vuokatissa\" src=\"https:\/\/vuokatti.fi\/wp-content\/uploads\/2022\/09\/latua-selkele-1024x693.jpg\" data-object-fit=\"cover\" srcset=\"https:\/\/vuokatti.fi\/wp-content\/uploads\/2022\/09\/latua-selkele-1024x693.jpg 1024w, https:\/\/vuokatti.fi\/wp-content\/uploads\/2022\/09\/latua-selkele-300x203.jpg 300w, https:\/\/vuokatti.fi\/wp-content\/uploads\/2022\/09\/latua-selkele-768x520.jpg 768w, https:\/\/vuokatti.fi\/wp-content\/uploads\/2022\/09\/latua-selkele-1536x1040.jpg 1536w, https:\/\/vuokatti.fi\/wp-content\/uploads\/2022\/09\/latua-selkele-2048x1387.jpg 2048w, https:\/\/vuokatti.fi\/wp-content\/uploads\/2022\/09\/latua-selkele-1920x1300.jpg 1920w, https:\/\/vuokatti.fi\/wp-content\/uploads\/2022\/09\/latua-selkele-1600x1083.jpg 1600w\" sizes=\"auto, (max-width: 1024px) 100vw, 1024px\"><span aria-hidden=\"true\" class=\"wp-block-cover__background has-black-background-color has-background-dim\"><\/span><div class=\"wp-block-cover__inner-container is-layout-flow wp-block-cover-is-layout-flow\">\n<h2 class=\"wp-block-heading has-text-align-center has-white-color has-text-color has-small-font-size\">Nordisches Skiparadies<\/h2>\n\n\n\n<div class=\"wp-block-buttons is-content-justification-center is-layout-flex wp-container-core-buttons-is-layout-a89b3969 wp-block-buttons-is-layout-flex\">\n<div class=\"wp-block-button\"><a class=\"wp-block-button__link has-purple-background-color has-background has-small-font-size has-custom-font-size wp-element-button\" href=\"https:\/\/vuokatti.fi\/de\/nordisches-skiparadies-in-vuokatti\/\">Besuchen\u00a0<\/a><\/div>\n<\/div>\n<\/div><\/div>\n<\/div>\n\n\n\n<div class=\"wp-block-column is-layout-flow wp-block-column-is-layout-flow\">\n<div class=\"wp-block-cover\"><img loading=\"lazy\" decoding=\"async\" width=\"1024\" height=\"709\" class=\"wp-block-cover__image-background wp-image-24768 size-large\" alt=\"\" src=\"https:\/\/vuokatti.fi\/wp-content\/uploads\/2024\/06\/Vuokatinvaaralta-maisemaa-1024x709.jpeg\" data-object-fit=\"cover\" srcset=\"https:\/\/vuokatti.fi\/wp-content\/uploads\/2024\/06\/Vuokatinvaaralta-maisemaa-1024x709.jpeg 1024w, https:\/\/vuokatti.fi\/wp-content\/uploads\/2024\/06\/Vuokatinvaaralta-maisemaa-300x208.jpeg 300w, https:\/\/vuokatti.fi\/wp-content\/uploads\/2024\/06\/Vuokatinvaaralta-maisemaa-768x532.jpeg 768w, https:\/\/vuokatti.fi\/wp-content\/uploads\/2024\/06\/Vuokatinvaaralta-maisemaa-1536x1063.jpeg 1536w, https:\/\/vuokatti.fi\/wp-content\/uploads\/2024\/06\/Vuokatinvaaralta-maisemaa-2048x1418.jpeg 2048w, https:\/\/vuokatti.fi\/wp-content\/uploads\/2024\/06\/Vuokatinvaaralta-maisemaa-1920x1329.jpeg 1920w, https:\/\/vuokatti.fi\/wp-content\/uploads\/2024\/06\/Vuokatinvaaralta-maisemaa-1600x1108.jpeg 1600w\" sizes=\"auto, (max-width: 1024px) 100vw, 1024px\"><span aria-hidden=\"true\" class=\"wp-block-cover__background has-black-background-color has-background-dim\"><\/span><div class=\"wp-block-cover__inner-container is-layout-flow wp-block-cover-is-layout-flow\">\n<h2 class=\"wp-block-heading has-text-align-center has-white-color has-text-color has-small-font-size\">Ganzj\u00e4hrige Outdoor-Strecken<\/h2>\n\n\n\n<div class=\"wp-block-buttons is-content-justification-center is-layout-flex wp-container-core-buttons-is-layout-a89b3969 wp-block-buttons-is-layout-flex\">\n<div class=\"wp-block-button\"><a class=\"wp-block-button__link has-purple-background-color has-background has-small-font-size has-custom-font-size wp-element-button\" href=\"https:\/\/vuokatti.fi\/de\/ganzjaehrige-outdoor-strecken\/\">Besuchen\u00a0<\/a><\/div>\n<\/div>\n<\/div><\/div>\n<\/div>\n<\/div>\n\n\n\n<div style=\"height:60px\" aria-hidden=\"true\" class=\"wp-block-spacer\"><\/div>\n","protected":false},"excerpt":{"rendered":"<p>&#8222;Vuokatin Vaellus\u201c ist der Auftakt f\u00fcr die Herbstsaison auf den Anh\u00f6hen von Vuokatti. Diese Veranstaltung bringt Wander-Liebhaber zusammen. Es lohnt sich, mit der ganzen Familie auf Reise zu gehen \u2013 auch f\u00fcr die j\u00fcngsten Familienmitglieder wird vieles geboten. Das Herzst\u00fcck der Veranstaltung ist Finnlands \u00e4ltestes Wanderevent, \u201eVuokatin Vaellus\u201c. Die Hauptarena der Veranstaltung sind die Anh\u00f6hen [&hellip;]<\/p>\n","protected":false},"author":1,"featured_media":0,"parent":0,"menu_order":0,"comment_status":"closed","ping_status":"closed","template":"","meta":{"_acf_changed":false,"footnotes":""},"class_list":["post-6434","page","type-page","status-publish","hentry"],"acf":[],"_links":{"self":[{"href":"https:\/\/vuokatti.fi\/de\/wp-json\/wp\/v2\/pages\/6434","targetHints":{"allow":["GET"]}}],"collection":[{"href":"https:\/\/vuokatti.fi\/de\/wp-json\/wp\/v2\/pages"}],"about":[{"href":"https:\/\/vuokatti.fi\/de\/wp-json\/wp\/v2\/types\/page"}],"author":[{"embeddable":true,"href":"https:\/\/vuokatti.fi\/de\/wp-json\/wp\/v2\/users\/1"}],"replies":[{"embeddable":true,"href":"https:\/\/vuokatti.fi\/de\/wp-json\/wp\/v2\/comments?post=6434"}],"version-history":[{"count":9,"href":"https:\/\/vuokatti.fi\/de\/wp-json\/wp\/v2\/pages\/6434\/revisions"}],"predecessor-version":[{"id":29941,"href":"https:\/\/vuokatti.fi\/de\/wp-json\/wp\/v2\/pages\/6434\/revisions\/29941"}],"wp:attachment":[{"href":"https:\/\/vuokatti.fi\/de\/wp-json\/wp\/v2\/media?parent=6434"}],"curies":[{"name":"wp","href":"https:\/\/api.w.org\/{rel}","templated":true}]}}