{"id":6423,"date":"2022-10-24T14:33:32","date_gmt":"2022-10-24T11:33:32","guid":{"rendered":"https:\/\/vuokatti.fi\/?page_id=6423"},"modified":"2025-04-30T14:42:43","modified_gmt":"2025-04-30T11:42:43","slug":"naapurinvaara","status":"publish","type":"page","link":"https:\/\/vuokatti.fi\/de\/naapurinvaara\/","title":{"rendered":"Naapurinvaara"},"content":{"rendered":"\n<div style=\"height:20px\" aria-hidden=\"true\" class=\"wp-block-spacer\"><\/div>\n\n\n\n<p class=\"has-text-align-center has-lightgray-color has-text-color has-medium-font-size\">Naapurinvaara, der sich im Norden von Vuokatti erhebt, ist f\u00fcr seine \u00fcppige Natur und wundersch\u00f6ne Landschaft bekannt. Neben \u00fcppigen Weiden und Wiesen sowie Laubw\u00e4ldern mit Traubenkirschen- und Erlenbewuchs weist das Gebiet Hainarten auf, die eher f\u00fcr s\u00fcdlichere Gegenden charakteristisch sind.<\/p>\n\n\n\n<div style=\"height:20px\" aria-hidden=\"true\" class=\"wp-block-spacer\"><\/div>\n\n\n\n<figure class=\"wp-block-image alignwide size-large\"><img loading=\"lazy\" decoding=\"async\" width=\"1024\" height=\"680\" src=\"https:\/\/vuokatti.fi\/wp-content\/uploads\/2022\/09\/winterfun-artikkeli-01-1024x680.jpg\" alt=\"\" class=\"wp-image-4634\" srcset=\"https:\/\/vuokatti.fi\/wp-content\/uploads\/2022\/09\/winterfun-artikkeli-01-1024x680.jpg 1024w, https:\/\/vuokatti.fi\/wp-content\/uploads\/2022\/09\/winterfun-artikkeli-01-300x199.jpg 300w, https:\/\/vuokatti.fi\/wp-content\/uploads\/2022\/09\/winterfun-artikkeli-01-768x510.jpg 768w, https:\/\/vuokatti.fi\/wp-content\/uploads\/2022\/09\/winterfun-artikkeli-01-1536x1020.jpg 1536w, https:\/\/vuokatti.fi\/wp-content\/uploads\/2022\/09\/winterfun-artikkeli-01-1600x1063.jpg 1600w, https:\/\/vuokatti.fi\/wp-content\/uploads\/2022\/09\/winterfun-artikkeli-01.jpg 1920w\" sizes=\"auto, (max-width: 1024px) 100vw, 1024px\"><\/figure>\n\n\n\n<div style=\"height:20px\" aria-hidden=\"true\" class=\"wp-block-spacer\"><\/div>\n\n\n\n<p>Von Naapurinvaara er\u00f6ffnet sich ein weiter Blick \u00fcber die Anh\u00f6hen von Vuokatti und die Ortschaft Sotkamo. Die landesweit wertvolle Kulturlandschaft l\u00e4sst sich sowohl im Sommer als auch im Winter erleben und erkunden.\u00a0<\/p>\n\n\n\n<p>Der 4 km lange Rundwanderweg \u201eLepikon lenkki\u201c oder <a href=\"https:\/\/vuokatti.fi\/en\/tour\/naapurinvaara-nature-trail-circle-route-4-km-vuokatti-finland\/\" target=\"_blank\" rel=\"noreferrer noopener\">Naapurinvaara nature trail<\/a> ist sowohl bei der Schule von Naapurinvaara als auch im Feriendorf Naapurinvaara beschildert. Der Startpunkt der Routen \u201eKoulupolku\u201c und \u201eVaaranlenkki\u201c beginnen ebenfalls auf dem Schulhof. Als Pausenplatz auf dem Lepikon lenkki-Wanderweg bietet sich die \u201e<a href=\"https:\/\/vuokatti.fi\/en\/tour\/naapurinlouhi-hut-vuokatti-finland\/\" target=\"_blank\" rel=\"noreferrer noopener\">Naapurinlouhi hut<\/a>\u201c mit einer Feuerstelle und grandioser Aussicht auf die Anh\u00f6hen von Vuokatti an. Im Winter k\u00f6nnen Sie diese Strecken auch mit Schneeschuhen erkunden.\u00a0<\/p>\n\n\n\n<div style=\"height:20px\" aria-hidden=\"true\" class=\"wp-block-spacer\"><\/div>\n\n\n\n<figure class=\"wp-block-image alignwide size-large\"><img loading=\"lazy\" decoding=\"async\" width=\"1024\" height=\"768\" src=\"https:\/\/vuokatti.fi\/wp-content\/uploads\/2022\/09\/Naapurinvaara_Pasi-Korhonen-1024x768.jpg\" alt=\"Naapurinvaara sotkamo vuokatti kes\u00e4 n\u00e4ht\u00e4vyys\" class=\"wp-image-9331\" srcset=\"https:\/\/vuokatti.fi\/wp-content\/uploads\/2022\/09\/Naapurinvaara_Pasi-Korhonen-1024x768.jpg 1024w, https:\/\/vuokatti.fi\/wp-content\/uploads\/2022\/09\/Naapurinvaara_Pasi-Korhonen-300x225.jpg 300w, https:\/\/vuokatti.fi\/wp-content\/uploads\/2022\/09\/Naapurinvaara_Pasi-Korhonen-768x576.jpg 768w, https:\/\/vuokatti.fi\/wp-content\/uploads\/2022\/09\/Naapurinvaara_Pasi-Korhonen-1536x1152.jpg 1536w, https:\/\/vuokatti.fi\/wp-content\/uploads\/2022\/09\/Naapurinvaara_Pasi-Korhonen-1920x1440.jpg 1920w, https:\/\/vuokatti.fi\/wp-content\/uploads\/2022\/09\/Naapurinvaara_Pasi-Korhonen-1600x1200.jpg 1600w, https:\/\/vuokatti.fi\/wp-content\/uploads\/2022\/09\/Naapurinvaara_Pasi-Korhonen.jpg 2048w\" sizes=\"auto, (max-width: 1024px) 100vw, 1024px\"><\/figure>\n\n\n\n<div style=\"height:100px\" aria-hidden=\"true\" class=\"wp-block-spacer\"><\/div>\n\n\n<div id=\"compilation-block_f83e00e38299faa7dd45228bedd72c4f\" class=\"compilation-block aligncenter\">\n\n\t<div class=\"compilation-block__content\">\n\n\t\t\n\t\t<div class=\"compilation-block__content__links random\">\n\t\t\t\n\t\t\t\t\t\t\t\t\t\t\t\t\t\n\t\t\t\t\t<\/div><!-- .compilation-block__content__links -->\n\n\t<\/div><!-- .compilation-block__content -->\n<\/div>\n\n\n\n<div class=\"wp-block-columns is-layout-flex wp-container-core-columns-is-layout-28f84493 wp-block-columns-is-layout-flex\">\n<div class=\"wp-block-column is-layout-flow wp-block-column-is-layout-flow\">\n<div class=\"wp-block-cover\"><img loading=\"lazy\" decoding=\"async\" width=\"1224\" height=\"816\" class=\"wp-block-cover__image-background wp-image-6444\" alt=\"\" src=\"https:\/\/vuokatti.fi\/wp-content\/uploads\/2022\/10\/vuokatin-vaellus-01.jpg\" style=\"object-position:32% 57%\" data-object-fit=\"cover\" data-object-position=\"32% 57%\" srcset=\"https:\/\/vuokatti.fi\/wp-content\/uploads\/2022\/10\/vuokatin-vaellus-01.jpg 1224w, https:\/\/vuokatti.fi\/wp-content\/uploads\/2022\/10\/vuokatin-vaellus-01-300x200.jpg 300w, https:\/\/vuokatti.fi\/wp-content\/uploads\/2022\/10\/vuokatin-vaellus-01-1024x683.jpg 1024w, https:\/\/vuokatti.fi\/wp-content\/uploads\/2022\/10\/vuokatin-vaellus-01-768x512.jpg 768w\" sizes=\"auto, (max-width: 1224px) 100vw, 1224px\"><span aria-hidden=\"true\" class=\"wp-block-cover__background has-black-background-color has-background-dim\"><\/span><div class=\"wp-block-cover__inner-container is-layout-flow wp-block-cover-is-layout-flow\">\n<h2 class=\"wp-block-heading has-text-align-center has-small-font-size\">Wanderevent \u201eVuokatin<br>Vaellus\u201c<\/h2>\n\n\n\n<div class=\"wp-block-buttons is-content-justification-center is-layout-flex wp-container-core-buttons-is-layout-a89b3969 wp-block-buttons-is-layout-flex\">\n<div class=\"wp-block-button is-style-fill\"><a class=\"wp-block-button__link has-purple-background-color has-background has-small-font-size has-custom-font-size wp-element-button\" href=\"https:\/\/vuokatti.fi\/de\/wanderevent-vuokatin-vaellus\/\">Besuchen\u00a0<\/a><\/div>\n<\/div>\n<\/div><\/div>\n<\/div>\n\n\n\n<div class=\"wp-block-column is-layout-flow wp-block-column-is-layout-flow\">\n<div class=\"wp-block-cover\"><img loading=\"lazy\" decoding=\"async\" width=\"1024\" height=\"693\" class=\"wp-block-cover__image-background wp-image-9338 size-large\" alt=\"talvinen latu odottaa hiiht\u00e4ji\u00e4 vuokatissa\" src=\"https:\/\/vuokatti.fi\/wp-content\/uploads\/2022\/09\/latua-selkele-1024x693.jpg\" style=\"object-position:68% 78%\" data-object-fit=\"cover\" data-object-position=\"68% 78%\" srcset=\"https:\/\/vuokatti.fi\/wp-content\/uploads\/2022\/09\/latua-selkele-1024x693.jpg 1024w, https:\/\/vuokatti.fi\/wp-content\/uploads\/2022\/09\/latua-selkele-300x203.jpg 300w, https:\/\/vuokatti.fi\/wp-content\/uploads\/2022\/09\/latua-selkele-768x520.jpg 768w, https:\/\/vuokatti.fi\/wp-content\/uploads\/2022\/09\/latua-selkele-1536x1040.jpg 1536w, https:\/\/vuokatti.fi\/wp-content\/uploads\/2022\/09\/latua-selkele-2048x1387.jpg 2048w, https:\/\/vuokatti.fi\/wp-content\/uploads\/2022\/09\/latua-selkele-1920x1300.jpg 1920w, https:\/\/vuokatti.fi\/wp-content\/uploads\/2022\/09\/latua-selkele-1600x1083.jpg 1600w\" sizes=\"auto, (max-width: 1024px) 100vw, 1024px\"><span aria-hidden=\"true\" class=\"wp-block-cover__background has-black-background-color has-background-dim\"><\/span><div class=\"wp-block-cover__inner-container is-layout-flow wp-block-cover-is-layout-flow\">\n<h2 class=\"wp-block-heading has-text-align-center has-white-color has-text-color has-small-font-size\">Nordisches Skiparadies<\/h2>\n\n\n\n<div class=\"wp-block-buttons is-content-justification-center is-layout-flex wp-container-core-buttons-is-layout-a89b3969 wp-block-buttons-is-layout-flex\">\n<div class=\"wp-block-button\"><a class=\"wp-block-button__link has-purple-background-color has-background has-small-font-size has-custom-font-size wp-element-button\" href=\"https:\/\/vuokatti.fi\/de\/nordisches-skiparadies-in-vuokatti\/\">Besuchen\u00a0<\/a><\/div>\n<\/div>\n<\/div><\/div>\n<\/div>\n\n\n\n<div class=\"wp-block-column is-layout-flow wp-block-column-is-layout-flow\">\n<div class=\"wp-block-cover\"><img loading=\"lazy\" decoding=\"async\" width=\"1024\" height=\"709\" class=\"wp-block-cover__image-background wp-image-24768 size-large\" alt=\"\" src=\"https:\/\/vuokatti.fi\/wp-content\/uploads\/2024\/06\/Vuokatinvaaralta-maisemaa-1024x709.jpeg\" data-object-fit=\"cover\" srcset=\"https:\/\/vuokatti.fi\/wp-content\/uploads\/2024\/06\/Vuokatinvaaralta-maisemaa-1024x709.jpeg 1024w, https:\/\/vuokatti.fi\/wp-content\/uploads\/2024\/06\/Vuokatinvaaralta-maisemaa-300x208.jpeg 300w, https:\/\/vuokatti.fi\/wp-content\/uploads\/2024\/06\/Vuokatinvaaralta-maisemaa-768x532.jpeg 768w, https:\/\/vuokatti.fi\/wp-content\/uploads\/2024\/06\/Vuokatinvaaralta-maisemaa-1536x1063.jpeg 1536w, https:\/\/vuokatti.fi\/wp-content\/uploads\/2024\/06\/Vuokatinvaaralta-maisemaa-2048x1418.jpeg 2048w, https:\/\/vuokatti.fi\/wp-content\/uploads\/2024\/06\/Vuokatinvaaralta-maisemaa-1920x1329.jpeg 1920w, https:\/\/vuokatti.fi\/wp-content\/uploads\/2024\/06\/Vuokatinvaaralta-maisemaa-1600x1108.jpeg 1600w\" sizes=\"auto, (max-width: 1024px) 100vw, 1024px\"><span aria-hidden=\"true\" class=\"wp-block-cover__background has-black-background-color has-background-dim\"><\/span><div class=\"wp-block-cover__inner-container is-layout-flow wp-block-cover-is-layout-flow\">\n<h2 class=\"wp-block-heading has-text-align-center has-white-color has-text-color has-small-font-size\">Ganzj\u00e4hrige Outdoor-Strecken<\/h2>\n\n\n\n<div class=\"wp-block-buttons is-content-justification-center is-layout-flex wp-container-core-buttons-is-layout-a89b3969 wp-block-buttons-is-layout-flex\">\n<div class=\"wp-block-button\"><a class=\"wp-block-button__link has-purple-background-color has-background has-small-font-size has-custom-font-size wp-element-button\" href=\"https:\/\/vuokatti.fi\/de\/ganzjaehrige-outdoor-strecken\/\">Besuchen\u00a0<\/a><\/div>\n<\/div>\n<\/div><\/div>\n<\/div>\n<\/div>\n\n\n\n<div id=\"extra-content-block_d6e844a8ed4019b3d9fee1a08ec1e16e\" class=\"extra-content-block aligncenter\">\n\n\t\n<\/div>\n\n\n\n<div style=\"height:10vh\" aria-hidden=\"true\" class=\"wp-block-spacer\"><\/div>\n","protected":false},"excerpt":{"rendered":"<p>Naapurinvaara, der sich im Norden von Vuokatti erhebt, ist f\u00fcr seine \u00fcppige Natur und wundersch\u00f6ne Landschaft bekannt. Neben \u00fcppigen Weiden und Wiesen sowie Laubw\u00e4ldern mit Traubenkirschen- und Erlenbewuchs weist das Gebiet Hainarten auf, die eher f\u00fcr s\u00fcdlichere Gegenden charakteristisch sind. Von Naapurinvaara er\u00f6ffnet sich ein weiter Blick \u00fcber die Anh\u00f6hen von Vuokatti und die Ortschaft [&hellip;]<\/p>\n","protected":false},"author":1,"featured_media":0,"parent":0,"menu_order":0,"comment_status":"closed","ping_status":"closed","template":"","meta":{"_acf_changed":false,"footnotes":""},"class_list":["post-6423","page","type-page","status-publish","hentry"],"acf":[],"_links":{"self":[{"href":"https:\/\/vuokatti.fi\/de\/wp-json\/wp\/v2\/pages\/6423","targetHints":{"allow":["GET"]}}],"collection":[{"href":"https:\/\/vuokatti.fi\/de\/wp-json\/wp\/v2\/pages"}],"about":[{"href":"https:\/\/vuokatti.fi\/de\/wp-json\/wp\/v2\/types\/page"}],"author":[{"embeddable":true,"href":"https:\/\/vuokatti.fi\/de\/wp-json\/wp\/v2\/users\/1"}],"replies":[{"embeddable":true,"href":"https:\/\/vuokatti.fi\/de\/wp-json\/wp\/v2\/comments?post=6423"}],"version-history":[{"count":9,"href":"https:\/\/vuokatti.fi\/de\/wp-json\/wp\/v2\/pages\/6423\/revisions"}],"predecessor-version":[{"id":29934,"href":"https:\/\/vuokatti.fi\/de\/wp-json\/wp\/v2\/pages\/6423\/revisions\/29934"}],"wp:attachment":[{"href":"https:\/\/vuokatti.fi\/de\/wp-json\/wp\/v2\/media?parent=6423"}],"curies":[{"name":"wp","href":"https:\/\/api.w.org\/{rel}","templated":true}]}}