{"id":6350,"date":"2022-10-24T13:20:02","date_gmt":"2022-10-24T10:20:02","guid":{"rendered":"https:\/\/vuokatti.fi\/?page_id=6350"},"modified":"2025-04-30T14:43:41","modified_gmt":"2025-04-30T11:43:41","slug":"nordisches-skiparadies-in-vuokatti","status":"publish","type":"page","link":"https:\/\/vuokatti.fi\/de\/nordisches-skiparadies-in-vuokatti\/","title":{"rendered":"Nordisches Skiparadies"},"content":{"rendered":"\n<div style=\"height:20px\" aria-hidden=\"true\" class=\"wp-block-spacer\"><\/div>\n\n\n\n<p class=\"has-text-align-center has-lightgray-color has-text-color has-medium-font-size\">Vuokatti ist wahrlich ein Paradies f\u00fcr Langl\u00e4ufer, denn das Skifahren wurde f\u00fcr Enthusiasten aller Niveaus einfach gemacht. Die Loipen in Vuokatti und Sotkamo bieten ideales Gel\u00e4nde f\u00fcr alle \u2013 von Profisportlern \u00fcber Anf\u00e4nger bis hin zu denen, die einfach einen sch\u00f6nen sonnigen Fr\u00fchlingstag auf Skiern genie\u00dfen m\u00f6chten.<\/p>\n\n\n\n<div style=\"height:20px\" aria-hidden=\"true\" class=\"wp-block-spacer\"><\/div>\n\n\n\n<figure class=\"wp-block-image alignwide size-full\"><img loading=\"lazy\" decoding=\"async\" width=\"2048\" height=\"1365\" src=\"https:\/\/vuokatti.fi\/wp-content\/uploads\/2024\/02\/Vuokatti_maastohiihto.jpg\" alt=\"Kuvassa mies hiiht\u00e4\u00e4 perinteisell\u00e4 tyylill\u00e4 mets\u00e4maisemassa\" class=\"wp-image-19617\" srcset=\"https:\/\/vuokatti.fi\/wp-content\/uploads\/2024\/02\/Vuokatti_maastohiihto.jpg 2048w, https:\/\/vuokatti.fi\/wp-content\/uploads\/2024\/02\/Vuokatti_maastohiihto-300x200.jpg 300w, https:\/\/vuokatti.fi\/wp-content\/uploads\/2024\/02\/Vuokatti_maastohiihto-1024x683.jpg 1024w, https:\/\/vuokatti.fi\/wp-content\/uploads\/2024\/02\/Vuokatti_maastohiihto-768x512.jpg 768w, https:\/\/vuokatti.fi\/wp-content\/uploads\/2024\/02\/Vuokatti_maastohiihto-1536x1024.jpg 1536w, https:\/\/vuokatti.fi\/wp-content\/uploads\/2024\/02\/Vuokatti_maastohiihto-1920x1280.jpg 1920w, https:\/\/vuokatti.fi\/wp-content\/uploads\/2024\/02\/Vuokatti_maastohiihto-1600x1066.jpg 1600w\" sizes=\"auto, (max-width: 2048px) 100vw, 2048px\"><\/figure>\n\n\n\n<div style=\"height:20px\" aria-hidden=\"true\" class=\"wp-block-spacer\"><\/div>\n\n\n\n<h2 class=\"wp-block-heading\">Skiloipennetz<\/h2>\n\n\n\n<p>Vuokatti verf\u00fcgt insgesamt \u00fcber 190 Loipenkilometer. Die Loipen werden jedes Jahr gem\u00e4\u00df den Anforderungen des Olympic Training Centers sowohl f\u00fcr die klassische als auch freie Langlauftechnik gepflegt. Dies garantiert erstklassige Loipen f\u00fcr Profi- und Freizeitlangl\u00e4ufer sowie Genie\u00dfer.<\/p>\n\n\n\n<p>32 Kilometer Loipen sind vom fr\u00fchen Morgen bis zum sp\u00e4ten Abend beleuchtet. Hinweis: Bei Temperaturen unter -20 Grad Celsius wird die Beleuchtung nicht eingeschaltet.<\/p>\n\n\n\n<p>Die Langlaufloipen in Vuokatti lassen sich in drei Gruppen unterteilen \u2013 je nach Lage und Schwierigkeitsgrad. Die Loipen rund um das Holiday Club Katinkulta sind die einfachsten: Sie verlaufen auf relativ flachem Gel\u00e4nde und sind bis zu 10 km lang. Die Loipen in der N\u00e4he von Vuokatti Sport beginnen alle auf dem Parkplatz der Vuokatti Arena und f\u00fchren in die H\u00fcgel \u2013 mit vielen anspruchsvollen Anstiegen und Abfahrten (maximale H\u00f6hendifferenz 165 m). Hier kann man zwischen 5 und 30 Kilometern an Touren- oder Wettkampfstrecken w\u00e4hlen. Zahlreiche Rastm\u00f6glichkeiten wie Feuerstellen, H\u00fctten und das Caf\u00e9 Heikkil\u00e4n Pirtti auf dem Gipfel des Ohravaara-H\u00fcgels laden zu gem\u00fctlichen Pausen ein. Die \u00fcbrigen Loipen bleiben im \u201eTiefland\u201c, mit k\u00fcrzeren Strecken und moderaten H\u00f6henunterschieden<\/p>\n\n\n\n<p>Im Fr\u00fchling bieten die Loipen rund um Katinkulta sonniges Skivergn\u00fcgen! Die H\u00f6hendifferenzen sind hier minimal, da die Loipen gr\u00f6\u00dftenteils \u00fcber den See verlaufen. Eine Verbindungsloipe zwischen Katinkulta und Vuokatti Sport erm\u00f6glicht einen einfachen Zugang zwischen den gr\u00f6\u00dften Unterkunftsanbietern und dem Loipennetz. In der Stadt Sotkamo beginnt eine sonnige Loipe in Hiukka, und auch im Stadtzentrum gibt es weitere Loipen. Zwischen Vuokatti und Sotkamo kann man bequem auf Skiern \u00fcber die Langlaufloipe pendeln.<\/p>\n\n\n\n<p><strong>Den aktuellen Wartungsstatus der Langlaufloipen finden Sie bei <a href=\"https:\/\/sotkamovuokatti.fluentprogress.fi\/outdoors?skitrack\" target=\"_blank\" rel=\"noreferrer noopener\">Fluent<\/a> in Echtzeit<\/strong>.<\/p>\n\n\n\n<div class=\"wp-block-buttons has-custom-font-size has-small-font-size is-vertical is-layout-flex wp-container-core-buttons-is-layout-fe9cc265 wp-block-buttons-is-layout-flex\">\n<div class=\"wp-block-button\"><a class=\"wp-block-button__link has-purple-background-color has-background wp-element-button\" href=\"https:\/\/vuokatti.fi\/wp-content\/uploads\/2022\/10\/vuokatti-2021.pdf\" target=\"_blank\" rel=\"noreferrer noopener\">Vuokatti Loipenkarte im PDF-Format (auf English)<\/a><\/div>\n<\/div>\n\n\n\n<div style=\"height:8px\" aria-hidden=\"true\" class=\"wp-block-spacer\"><\/div>\n\n\n\n<div class=\"wp-block-buttons is-layout-flex wp-block-buttons-is-layout-flex\">\n<div class=\"wp-block-button\"><a class=\"wp-block-button__link has-purple-background-color has-background has-small-font-size has-custom-font-size wp-element-button\" href=\"https:\/\/vuokatti.fi\/wp-content\/uploads\/2022\/10\/hiukka-pollyvaara-2021.pdf\" target=\"_blank\" rel=\"noreferrer noopener\">Hiukka-P\u00f6llyvaara Loipenkarte im PDF-Format (auf English)<\/a><\/div>\n<\/div>\n\n\n\n<div style=\"height:20px\" aria-hidden=\"true\" class=\"wp-block-spacer\"><\/div>\n\n\n\n<figure class=\"wp-block-image alignwide size-full\"><img loading=\"lazy\" decoding=\"async\" width=\"2190\" height=\"1600\" src=\"https:\/\/vuokatti.fi\/wp-content\/uploads\/2025\/01\/Vuokatinrinteet.jpg\" alt=\"\" class=\"wp-image-28105\" srcset=\"https:\/\/vuokatti.fi\/wp-content\/uploads\/2025\/01\/Vuokatinrinteet.jpg 2190w, https:\/\/vuokatti.fi\/wp-content\/uploads\/2025\/01\/Vuokatinrinteet-300x219.jpg 300w, https:\/\/vuokatti.fi\/wp-content\/uploads\/2025\/01\/Vuokatinrinteet-1024x748.jpg 1024w, https:\/\/vuokatti.fi\/wp-content\/uploads\/2025\/01\/Vuokatinrinteet-768x561.jpg 768w, https:\/\/vuokatti.fi\/wp-content\/uploads\/2025\/01\/Vuokatinrinteet-1536x1122.jpg 1536w, https:\/\/vuokatti.fi\/wp-content\/uploads\/2025\/01\/Vuokatinrinteet-2048x1497.jpg 2048w, https:\/\/vuokatti.fi\/wp-content\/uploads\/2025\/01\/Vuokatinrinteet-1920x1403.jpg 1920w, https:\/\/vuokatti.fi\/wp-content\/uploads\/2025\/01\/Vuokatinrinteet-1600x1169.jpg 1600w\" sizes=\"auto, (max-width: 2190px) 100vw, 2190px\"><\/figure>\n\n\n\n<div style=\"height:20px\" aria-hidden=\"true\" class=\"wp-block-spacer\"><\/div>\n\n\n\n<h2 class=\"wp-block-heading\">Vuokattis Pisten<\/h2>\n\n\n\n<p>Vuokatti verf\u00fcgt \u00fcber ein vielseitiges Angebot an Pisten, zwischen denen man leicht wechseln kann. Von einfachen Kinderh\u00e4ngen bis hin zu anspruchsvollen Pisten und Leistungsbereichen, egal ob Sie Ski oder Snowboard fahren. Das Skigebiet Vuokatti verf\u00fcgt \u00fcber hervorragende Einrichtungen f\u00fcr einen vergn\u00fcglichen Tag auf der Piste f\u00fcr die ganze Familie und aktive Skifahrer.<\/p>\n\n\n\n<p><strong>Pisten &amp; Dienstleistungen<\/strong><\/p>\n\n\n\n<p>Vuokattis Pisten sind ein beliebter Familienurlaubsort, und das aus gutem Grund. Das Skigebiet Vuokatti verf\u00fcgt \u00fcber insgesamt 14 Pisten mit unterschiedlichen Schwierigkeitsgraden. Vuokattis l\u00e4ngste Piste, die 1100 m lange Yl\u00e4katti, und die Olympiakatti mit einem maximalen H\u00f6henunterschied von 174 m sind auch f\u00fcr erfahrene Skifahrer eine Herausforderung. Unser Snowpark ist f\u00fcr Skifahrer jeden Niveaus geeignet, vom Anf\u00e4nger bis zum Experten. Der Park bietet \u00fcber einen Kilometer befahrbares Gel\u00e4nde und mehr als drei\u00dfig verschiedene Arten und Niveaus von Hindernissen.<\/p>\n\n\n\n<p>Das vielseitige Restaurantangebot von Vuokatti sorgt f\u00fcr einen gelungenen Skitag mit leckerem Essen und warmen Getr\u00e4nken. Dar\u00fcber hinaus gibt es an den Pisten von Vuokatti zwei Ausr\u00fcstungsverleihe. Der Verleih und der Sport Shop an der Talstation der Nordpiste, Veikontie 3, sind w\u00e4hrend der Skisaison ge\u00f6ffnet. An den Westh\u00e4ngen sind der Verleih und der Sport Shop in Kattikeskus, Ilkantie 8, das ganze Jahr \u00fcber ge\u00f6ffnet. In Verbindung mit dem Ausr\u00fcstungsverleih wird auch ein umfassender Skiservice angeboten.<\/p>\n\n\n\n<p>Die Skischule Vuokatti hat ein umfangreiches Angebot an Kursen f\u00fcr die ganze Familie. F\u00fcr die j\u00fcngsten Familienmitglieder sind die Werneri-Kurse eine tolle M\u00f6glichkeit, um unter Anleitung des Hasen Werneri spielerisch in die Geheimnisse des Ski- und Snowboardfahrens einzutauchen. \u00a0In den Junnu Start-Kursen werden in entspannter Atmosph\u00e4re die Grundlagen sowohl auf Skiern als auch auf dem Snowboard vermittelt.\u00a0In den Kursen f\u00fcr Erwachsene haben Sie die M\u00f6glichkeit, eine neue Sportart auszuprobieren oder Ihre eigene Skitechnik zu verbessern.<\/p>\n\n\n\n<p><strong>F\u00fcr Familien<\/strong><br>Das Skigebiet Vuokatti bietet Dienstleistungen f\u00fcr Familien mit Kindern. Max\u2019s Snowworld und Hupikukkula sowie das Hupila-Kinderhaus sorgen daf\u00fcr, dass sich Familien mit Kindern auf den Pisten den ganzen Tag vergn\u00fcgen k\u00f6nnen. Im Hupila k\u00f6nnen Sie sich nach einem Tag auf der Piste eine Pause g\u00f6nnen und spielen oder einen Snack zu sich nehmen. Der \u00fcberdachte 50-Meter-Ski-Teppichlift und der Karusselllift in Hupikukkula sind f\u00fcr alle kostenlos. Der Zugang zu den drei Pisten von Max\u2019s Snowworld ist entweder mit einem g\u00fcltigen Pistenticket oder mit dem Kauf eines Regional-Tickets m\u00f6glich. Das Max Snowworld-Ticket ist den ganzen Tag g\u00fcltig und kostet 26 \u20ac pro Person.<\/p>\n\n\n\n<div style=\"height:20px\" aria-hidden=\"true\" class=\"wp-block-spacer\"><\/div>\n\n\n\n<div class=\"wp-block-columns is-layout-flex wp-container-core-columns-is-layout-28f84493 wp-block-columns-is-layout-flex\">\n<div class=\"wp-block-column is-layout-flow wp-block-column-is-layout-flow\">\n<div class=\"wp-block-cover\"><img loading=\"lazy\" decoding=\"async\" width=\"1224\" height=\"816\" class=\"wp-block-cover__image-background wp-image-6444\" alt=\"\" src=\"https:\/\/vuokatti.fi\/wp-content\/uploads\/2022\/10\/vuokatin-vaellus-01.jpg\" style=\"object-position:32% 57%\" data-object-fit=\"cover\" data-object-position=\"32% 57%\" srcset=\"https:\/\/vuokatti.fi\/wp-content\/uploads\/2022\/10\/vuokatin-vaellus-01.jpg 1224w, https:\/\/vuokatti.fi\/wp-content\/uploads\/2022\/10\/vuokatin-vaellus-01-300x200.jpg 300w, https:\/\/vuokatti.fi\/wp-content\/uploads\/2022\/10\/vuokatin-vaellus-01-1024x683.jpg 1024w, https:\/\/vuokatti.fi\/wp-content\/uploads\/2022\/10\/vuokatin-vaellus-01-768x512.jpg 768w\" sizes=\"auto, (max-width: 1224px) 100vw, 1224px\"><span aria-hidden=\"true\" class=\"wp-block-cover__background has-black-background-color has-background-dim\"><\/span><div class=\"wp-block-cover__inner-container is-layout-flow wp-block-cover-is-layout-flow\">\n<h2 class=\"wp-block-heading has-text-align-center has-small-font-size\">Wanderevent \u201eVuokatin<br>Vaellus\u201c<\/h2>\n\n\n\n<div class=\"wp-block-buttons is-content-justification-center is-layout-flex wp-container-core-buttons-is-layout-a89b3969 wp-block-buttons-is-layout-flex\">\n<div class=\"wp-block-button is-style-fill\"><a class=\"wp-block-button__link has-purple-background-color has-background has-small-font-size has-custom-font-size wp-element-button\" href=\"https:\/\/vuokatti.fi\/de\/wanderevent-vuokatin-vaellus\/\">Besuchen\u00a0<\/a><\/div>\n<\/div>\n<\/div><\/div>\n<\/div>\n\n\n\n<div class=\"wp-block-column is-layout-flow wp-block-column-is-layout-flow\">\n<div class=\"wp-block-cover\"><img loading=\"lazy\" decoding=\"async\" width=\"1920\" height=\"1280\" class=\"wp-block-cover__image-background wp-image-6563\" alt=\"\" src=\"https:\/\/vuokatti.fi\/wp-content\/uploads\/2022\/10\/naapurinvvara-vuokatti-finnland-laubwaldern-traubenkirschen.jpg\" style=\"object-position:48% 69%\" data-object-fit=\"cover\" data-object-position=\"48% 69%\" srcset=\"https:\/\/vuokatti.fi\/wp-content\/uploads\/2022\/10\/naapurinvvara-vuokatti-finnland-laubwaldern-traubenkirschen.jpg 1920w, https:\/\/vuokatti.fi\/wp-content\/uploads\/2022\/10\/naapurinvvara-vuokatti-finnland-laubwaldern-traubenkirschen-300x200.jpg 300w, https:\/\/vuokatti.fi\/wp-content\/uploads\/2022\/10\/naapurinvvara-vuokatti-finnland-laubwaldern-traubenkirschen-1024x683.jpg 1024w, https:\/\/vuokatti.fi\/wp-content\/uploads\/2022\/10\/naapurinvvara-vuokatti-finnland-laubwaldern-traubenkirschen-768x512.jpg 768w, https:\/\/vuokatti.fi\/wp-content\/uploads\/2022\/10\/naapurinvvara-vuokatti-finnland-laubwaldern-traubenkirschen-1536x1024.jpg 1536w, https:\/\/vuokatti.fi\/wp-content\/uploads\/2022\/10\/naapurinvvara-vuokatti-finnland-laubwaldern-traubenkirschen-1600x1067.jpg 1600w\" sizes=\"auto, (max-width: 1920px) 100vw, 1920px\"><span aria-hidden=\"true\" class=\"wp-block-cover__background has-black-background-color has-background-dim\"><\/span><div class=\"wp-block-cover__inner-container is-layout-flow wp-block-cover-is-layout-flow\">\n<h2 class=\"wp-block-heading has-text-align-center has-white-color has-text-color has-small-font-size\">Naapurinvaara<\/h2>\n\n\n\n<div class=\"wp-block-buttons is-content-justification-center is-layout-flex wp-container-core-buttons-is-layout-a89b3969 wp-block-buttons-is-layout-flex\">\n<div class=\"wp-block-button\"><a class=\"wp-block-button__link has-purple-background-color has-background has-small-font-size has-custom-font-size wp-element-button\" href=\"https:\/\/vuokatti.fi\/de\/naapurinvaara\/\">Besuchen\u00a0<\/a><\/div>\n<\/div>\n<\/div><\/div>\n<\/div>\n\n\n\n<div class=\"wp-block-column is-layout-flow wp-block-column-is-layout-flow\">\n<div class=\"wp-block-cover\"><img loading=\"lazy\" decoding=\"async\" width=\"1024\" height=\"709\" class=\"wp-block-cover__image-background wp-image-24768 size-large\" alt=\"\" src=\"https:\/\/vuokatti.fi\/wp-content\/uploads\/2024\/06\/Vuokatinvaaralta-maisemaa-1024x709.jpeg\" data-object-fit=\"cover\" srcset=\"https:\/\/vuokatti.fi\/wp-content\/uploads\/2024\/06\/Vuokatinvaaralta-maisemaa-1024x709.jpeg 1024w, https:\/\/vuokatti.fi\/wp-content\/uploads\/2024\/06\/Vuokatinvaaralta-maisemaa-300x208.jpeg 300w, https:\/\/vuokatti.fi\/wp-content\/uploads\/2024\/06\/Vuokatinvaaralta-maisemaa-768x532.jpeg 768w, https:\/\/vuokatti.fi\/wp-content\/uploads\/2024\/06\/Vuokatinvaaralta-maisemaa-1536x1063.jpeg 1536w, https:\/\/vuokatti.fi\/wp-content\/uploads\/2024\/06\/Vuokatinvaaralta-maisemaa-2048x1418.jpeg 2048w, https:\/\/vuokatti.fi\/wp-content\/uploads\/2024\/06\/Vuokatinvaaralta-maisemaa-1920x1329.jpeg 1920w, https:\/\/vuokatti.fi\/wp-content\/uploads\/2024\/06\/Vuokatinvaaralta-maisemaa-1600x1108.jpeg 1600w\" sizes=\"auto, (max-width: 1024px) 100vw, 1024px\"><span aria-hidden=\"true\" class=\"wp-block-cover__background has-black-background-color has-background-dim\"><\/span><div class=\"wp-block-cover__inner-container is-layout-flow wp-block-cover-is-layout-flow\">\n<h2 class=\"wp-block-heading has-text-align-center has-white-color has-text-color has-small-font-size\">Ganzj\u00e4hrige Outdoor-Strecken<\/h2>\n\n\n\n<div class=\"wp-block-buttons is-content-justification-center is-layout-flex wp-container-core-buttons-is-layout-a89b3969 wp-block-buttons-is-layout-flex\">\n<div class=\"wp-block-button\"><a class=\"wp-block-button__link has-purple-background-color has-background has-small-font-size has-custom-font-size wp-element-button\" href=\"https:\/\/vuokatti.fi\/de\/ganzjaehrige-outdoor-strecken\/\">Besuchen\u00a0<\/a><\/div>\n<\/div>\n<\/div><\/div>\n<\/div>\n<\/div>\n","protected":false},"excerpt":{"rendered":"<p>Vuokatti ist wahrlich ein Paradies f\u00fcr Langl\u00e4ufer, denn das Skifahren wurde f\u00fcr Enthusiasten aller Niveaus einfach gemacht. Die Loipen in Vuokatti und Sotkamo bieten ideales Gel\u00e4nde f\u00fcr alle \u2013 von Profisportlern \u00fcber Anf\u00e4nger bis hin zu denen, die einfach einen sch\u00f6nen sonnigen Fr\u00fchlingstag auf Skiern genie\u00dfen m\u00f6chten. Skiloipennetz Vuokatti verf\u00fcgt insgesamt \u00fcber 190 Loipenkilometer. Die [&hellip;]<\/p>\n","protected":false},"author":1,"featured_media":0,"parent":0,"menu_order":0,"comment_status":"closed","ping_status":"closed","template":"","meta":{"_acf_changed":false,"footnotes":""},"class_list":["post-6350","page","type-page","status-publish","hentry"],"acf":[],"_links":{"self":[{"href":"https:\/\/vuokatti.fi\/de\/wp-json\/wp\/v2\/pages\/6350","targetHints":{"allow":["GET"]}}],"collection":[{"href":"https:\/\/vuokatti.fi\/de\/wp-json\/wp\/v2\/pages"}],"about":[{"href":"https:\/\/vuokatti.fi\/de\/wp-json\/wp\/v2\/types\/page"}],"author":[{"embeddable":true,"href":"https:\/\/vuokatti.fi\/de\/wp-json\/wp\/v2\/users\/1"}],"replies":[{"embeddable":true,"href":"https:\/\/vuokatti.fi\/de\/wp-json\/wp\/v2\/comments?post=6350"}],"version-history":[{"count":18,"href":"https:\/\/vuokatti.fi\/de\/wp-json\/wp\/v2\/pages\/6350\/revisions"}],"predecessor-version":[{"id":29936,"href":"https:\/\/vuokatti.fi\/de\/wp-json\/wp\/v2\/pages\/6350\/revisions\/29936"}],"wp:attachment":[{"href":"https:\/\/vuokatti.fi\/de\/wp-json\/wp\/v2\/media?parent=6350"}],"curies":[{"name":"wp","href":"https:\/\/api.w.org\/{rel}","templated":true}]}}