{"id":6342,"date":"2022-07-20T09:36:36","date_gmt":"2022-07-20T06:36:36","guid":{"rendered":"https:\/\/vuokatti.fi\/?page_id=6342"},"modified":"2025-11-17T11:24:55","modified_gmt":"2025-11-17T09:24:55","slug":"startseite","status":"publish","type":"page","link":"https:\/\/vuokatti.fi\/de\/","title":{"rendered":"Startseite"},"content":{"rendered":"\n<div style=\"height:4em\" aria-hidden=\"true\" class=\"wp-block-spacer\"><\/div>\n\n\n\n<h2 class=\"wp-block-heading has-text-align-center has-darkgray-color has-text-color\">Urlaub in Vuokatti<\/h2>\n\n\n\n<p class=\"has-text-align-center has-lightgray-color has-text-color has-link-color has-medium-font-size wp-elements-dbf33aea902cc5e9c7747fb1c430f33e\">Vuokatti ist ganzj\u00e4hrig der abwechslungsreichste Urlaubsort Finnlands, der mit seiner einzigartigen H\u00fcgelkette, den entz\u00fcckenden Gew\u00e4ssern und einem Gef\u00fchl von Aktivit\u00e4t bezaubert. Besch\u00e4ftigungen gibt es an jedem Tag des Jahres. Die Region Vuokatti in der Provinz Kainuu befindet sich mitten in Finnland in der Arctic Lakeland, genau dort wo Lappland und das Seengebiet aufeinandertreffen, und bietet Besuchern H\u00f6hepunkteder besten finnischen Erlebnisse in einem Paket.<\/p>\n\n\n\n<p class=\"has-text-align-center\">In Vuokatti erleben sie einen wahrhaften Winter mit einer dicken Schicht Schnee auf den B\u00e4umen, und im Fr\u00fchling erwacht die gr\u00fcne Natur zum Leben. Die hellen Sommern\u00e4chte bieten unvergessliche Erlebnisse und wenn der Herbst kommt, dann kleidet er die Natur in v\u00f6llig neue Farben. Durch die warme Energie des Waldes l\u00e4dt sich Ihr Akku im Nu auf und l\u00e4sst Sie inmitten der sch\u00f6nen Natur empfindsam werden.<\/p>\n\n\n\n<p class=\"has-text-align-center\">Im Sommer laden die H\u00fcgel von Vuokatti zum Wandern, Mountainbiking, Paddeln sowie zum Genie\u00dfen der Seenlandschaft ein, w\u00e4hrend Sie im Winter die pr\u00e4parierten Loipen, die herrlichen Abfahrten und das vielseitige Angebot an Indoor- und Outdoor-Aktivit\u00e4ten genie\u00dfen k\u00f6nnen.<\/p>\n\n\n\n<p class=\"has-text-align-center\">Vuokatti bietet seinen Besuchern die M\u00f6glichkeit, dem Alltagsstress zu entfliehen, sich selbst eine Pause zu g\u00f6nnen und das Leben mehr zu genie\u00dfen. Vuokatti ist eine Mischung aus dem Zauber der Natur, der Freude an der aktiven Bewegung und der Herzlichkeit der lokalen Gastfreundlichkeit. In Vuokatti bietet jeder Moment die M\u00f6glichkeit, unvergessliche Geschichten zu erfinden, die Gesellschaft von Freunden zu genie\u00dfen und sich selbst als Teil dieser zauberhaften Welt zu f\u00fchlen.<\/p>\n\n\n\n<div style=\"height:60px\" aria-hidden=\"true\" class=\"wp-block-spacer\"><\/div>\n\n\n\n<div class=\"wp-block-columns is-layout-flex wp-container-core-columns-is-layout-28f84493 wp-block-columns-is-layout-flex\">\n<div class=\"wp-block-column is-layout-flow wp-block-column-is-layout-flow\">\n<div class=\"wp-block-cover is-light\" style=\"min-height:300px;aspect-ratio:unset;\"><img loading=\"lazy\" decoding=\"async\" width=\"683\" height=\"1024\" class=\"wp-block-cover__image-background wp-image-11935 size-large\" alt=\"\" src=\"https:\/\/vuokatti.fi\/wp-content\/uploads\/2023\/04\/vuokatti-summer-683x1024.jpg\" data-object-fit=\"cover\" srcset=\"https:\/\/vuokatti.fi\/wp-content\/uploads\/2023\/04\/vuokatti-summer-683x1024.jpg 683w, https:\/\/vuokatti.fi\/wp-content\/uploads\/2023\/04\/vuokatti-summer-200x300.jpg 200w, https:\/\/vuokatti.fi\/wp-content\/uploads\/2023\/04\/vuokatti-summer-768x1152.jpg 768w, https:\/\/vuokatti.fi\/wp-content\/uploads\/2023\/04\/vuokatti-summer-1024x1536.jpg 1024w, https:\/\/vuokatti.fi\/wp-content\/uploads\/2023\/04\/vuokatti-summer-1365x2048.jpg 1365w, https:\/\/vuokatti.fi\/wp-content\/uploads\/2023\/04\/vuokatti-summer.jpg 1920w, https:\/\/vuokatti.fi\/wp-content\/uploads\/2023\/04\/vuokatti-summer-1067x1600.jpg 1067w\" sizes=\"auto, (max-width: 683px) 100vw, 683px\"><span aria-hidden=\"true\" class=\"wp-block-cover__background has-background-dim\" style=\"background-color:#a88a7c\"><\/span><div class=\"wp-block-cover__inner-container is-layout-constrained wp-block-cover-is-layout-constrained\">\n<h2 class=\"wp-block-heading has-text-align-center has-white-color has-text-color has-link-color has-small-font-size wp-elements-ef769a5090fcf2589fdce9c6a8a11d8c\">2025 Sommer Wochenprogramm<br>(auf English)<\/h2>\n\n\n\n<div class=\"wp-block-buttons is-content-justification-center is-layout-flex wp-container-core-buttons-is-layout-a89b3969 wp-block-buttons-is-layout-flex\">\n<div class=\"wp-block-button is-style-fill\"><a class=\"wp-block-button__link has-purple-background-color has-background has-small-font-size has-text-align-center has-custom-font-size wp-element-button\" href=\"https:\/\/vuokattiexperiences.fi\/en\/vuokatti-summer\/\" target=\"_blank\" rel=\"noreferrer noopener\">Besuchen<\/a><\/div>\n<\/div>\n<\/div><\/div>\n<\/div>\n\n\n\n<div class=\"wp-block-column is-layout-flow wp-block-column-is-layout-flow\">\n<div class=\"wp-block-cover\" style=\"min-height:300px;aspect-ratio:unset;\"><img loading=\"lazy\" decoding=\"async\" width=\"1024\" height=\"748\" class=\"wp-block-cover__image-background wp-image-28105 size-large\" alt=\"\" src=\"https:\/\/vuokatti.fi\/wp-content\/uploads\/2025\/01\/Vuokatinrinteet-1024x748.jpg\" data-object-fit=\"cover\" srcset=\"https:\/\/vuokatti.fi\/wp-content\/uploads\/2025\/01\/Vuokatinrinteet-1024x748.jpg 1024w, https:\/\/vuokatti.fi\/wp-content\/uploads\/2025\/01\/Vuokatinrinteet-300x219.jpg 300w, https:\/\/vuokatti.fi\/wp-content\/uploads\/2025\/01\/Vuokatinrinteet-768x561.jpg 768w, https:\/\/vuokatti.fi\/wp-content\/uploads\/2025\/01\/Vuokatinrinteet-1536x1122.jpg 1536w, https:\/\/vuokatti.fi\/wp-content\/uploads\/2025\/01\/Vuokatinrinteet-2048x1497.jpg 2048w, https:\/\/vuokatti.fi\/wp-content\/uploads\/2025\/01\/Vuokatinrinteet-1920x1403.jpg 1920w, https:\/\/vuokatti.fi\/wp-content\/uploads\/2025\/01\/Vuokatinrinteet-1600x1169.jpg 1600w\" sizes=\"auto, (max-width: 1024px) 100vw, 1024px\"><span aria-hidden=\"true\" class=\"wp-block-cover__background has-background-dim\" style=\"background-color:#5d7893\"><\/span><div class=\"wp-block-cover__inner-container is-layout-constrained wp-block-cover-is-layout-constrained\">\n<h2 class=\"wp-block-heading has-text-align-center has-white-color has-text-color has-link-color has-small-font-size wp-elements-36523bf491e3eceb024d8d71588d40b0\">25\/26 Winter Wochenprogramm<br>(auf English)<\/h2>\n\n\n\n<div class=\"wp-block-buttons is-content-justification-center is-layout-flex wp-container-core-buttons-is-layout-a89b3969 wp-block-buttons-is-layout-flex\">\n<div class=\"wp-block-button\"><a class=\"wp-block-button__link has-purple-background-color has-background has-small-font-size has-custom-font-size wp-element-button\" href=\"https:\/\/vuokattiexperiences.fi\/en\/vuokatti-winter\/\" target=\"_blank\" rel=\"noreferrer noopener\">Besuchen<\/a><\/div>\n<\/div>\n<\/div><\/div>\n<\/div>\n<\/div>\n\n\n\n<div class=\"wp-block-columns is-layout-flex wp-container-core-columns-is-layout-28f84493 wp-block-columns-is-layout-flex\">\n<div class=\"wp-block-column is-layout-flow wp-block-column-is-layout-flow\">\n<div class=\"wp-block-cover\"><img loading=\"lazy\" decoding=\"async\" width=\"1024\" height=\"709\" class=\"wp-block-cover__image-background wp-image-24768 size-large\" alt=\"\" src=\"https:\/\/vuokatti.fi\/wp-content\/uploads\/2024\/06\/Vuokatinvaaralta-maisemaa-1024x709.jpeg\" data-object-fit=\"cover\" srcset=\"https:\/\/vuokatti.fi\/wp-content\/uploads\/2024\/06\/Vuokatinvaaralta-maisemaa-1024x709.jpeg 1024w, https:\/\/vuokatti.fi\/wp-content\/uploads\/2024\/06\/Vuokatinvaaralta-maisemaa-300x208.jpeg 300w, https:\/\/vuokatti.fi\/wp-content\/uploads\/2024\/06\/Vuokatinvaaralta-maisemaa-768x532.jpeg 768w, https:\/\/vuokatti.fi\/wp-content\/uploads\/2024\/06\/Vuokatinvaaralta-maisemaa-1536x1063.jpeg 1536w, https:\/\/vuokatti.fi\/wp-content\/uploads\/2024\/06\/Vuokatinvaaralta-maisemaa-2048x1418.jpeg 2048w, https:\/\/vuokatti.fi\/wp-content\/uploads\/2024\/06\/Vuokatinvaaralta-maisemaa-1920x1329.jpeg 1920w, https:\/\/vuokatti.fi\/wp-content\/uploads\/2024\/06\/Vuokatinvaaralta-maisemaa-1600x1108.jpeg 1600w\" sizes=\"auto, (max-width: 1024px) 100vw, 1024px\"><span aria-hidden=\"true\" class=\"wp-block-cover__background has-black-background-color has-background-dim\"><\/span><div class=\"wp-block-cover__inner-container is-layout-flow wp-block-cover-is-layout-flow\">\n<h2 class=\"wp-block-heading has-text-align-center has-white-color has-text-color\" style=\"font-size:clamp(16.834px, 1.052rem + ((1vw - 3.2px) * 1.042), 26px);\">Ganzj\u00e4hrige Outdoor-Strecken<\/h2>\n\n\n\n<div class=\"wp-block-buttons is-content-justification-center is-layout-flex wp-container-core-buttons-is-layout-a89b3969 wp-block-buttons-is-layout-flex\">\n<div class=\"wp-block-button\"><a class=\"wp-block-button__link has-white-color has-purple-background-color has-text-color has-background has-small-font-size has-custom-font-size wp-element-button\" href=\"https:\/\/vuokatti.fi\/de\/ganzjaehrige-outdoor-strecken\/\">Besuchen\u00a0<\/a><\/div>\n<\/div>\n<\/div><\/div>\n<\/div>\n\n\n\n<div class=\"wp-block-column is-layout-flow wp-block-column-is-layout-flow\">\n<div class=\"wp-block-cover\"><img loading=\"lazy\" decoding=\"async\" width=\"1920\" height=\"1280\" class=\"wp-block-cover__image-background wp-image-6563\" alt=\"\" src=\"https:\/\/vuokatti.fi\/wp-content\/uploads\/2022\/10\/naapurinvvara-vuokatti-finnland-laubwaldern-traubenkirschen.jpg\" data-object-fit=\"cover\" srcset=\"https:\/\/vuokatti.fi\/wp-content\/uploads\/2022\/10\/naapurinvvara-vuokatti-finnland-laubwaldern-traubenkirschen.jpg 1920w, https:\/\/vuokatti.fi\/wp-content\/uploads\/2022\/10\/naapurinvvara-vuokatti-finnland-laubwaldern-traubenkirschen-300x200.jpg 300w, https:\/\/vuokatti.fi\/wp-content\/uploads\/2022\/10\/naapurinvvara-vuokatti-finnland-laubwaldern-traubenkirschen-1024x683.jpg 1024w, https:\/\/vuokatti.fi\/wp-content\/uploads\/2022\/10\/naapurinvvara-vuokatti-finnland-laubwaldern-traubenkirschen-768x512.jpg 768w, https:\/\/vuokatti.fi\/wp-content\/uploads\/2022\/10\/naapurinvvara-vuokatti-finnland-laubwaldern-traubenkirschen-1536x1024.jpg 1536w, https:\/\/vuokatti.fi\/wp-content\/uploads\/2022\/10\/naapurinvvara-vuokatti-finnland-laubwaldern-traubenkirschen-1600x1067.jpg 1600w\" sizes=\"auto, (max-width: 1920px) 100vw, 1920px\"><span aria-hidden=\"true\" class=\"wp-block-cover__background has-background-dim\"><\/span><div class=\"wp-block-cover__inner-container is-layout-flow wp-block-cover-is-layout-flow\">\n<h2 class=\"wp-block-heading has-text-align-center\" style=\"font-size:clamp(16.834px, 1.052rem + ((1vw - 3.2px) * 1.042), 26px);\">Naapurin-<br>vaara<\/h2>\n\n\n\n<div class=\"wp-block-buttons is-content-justification-center is-layout-flex wp-container-core-buttons-is-layout-a89b3969 wp-block-buttons-is-layout-flex\">\n<div class=\"wp-block-button\"><a class=\"wp-block-button__link has-white-color has-purple-background-color has-text-color has-background has-small-font-size has-custom-font-size wp-element-button\" href=\"https:\/\/vuokatti.fi\/de\/naapurinvaara\/\">Besuchen\u00a0<\/a><\/div>\n<\/div>\n<\/div><\/div>\n<\/div>\n\n\n\n<div class=\"wp-block-column is-layout-flow wp-block-column-is-layout-flow\">\n<div class=\"wp-block-cover\"><img loading=\"lazy\" decoding=\"async\" width=\"1024\" height=\"693\" class=\"wp-block-cover__image-background wp-image-9338 size-large\" alt=\"talvinen latu odottaa hiiht\u00e4ji\u00e4 vuokatissa\" src=\"https:\/\/vuokatti.fi\/wp-content\/uploads\/2022\/09\/latua-selkele-1024x693.jpg\" data-object-fit=\"cover\" srcset=\"https:\/\/vuokatti.fi\/wp-content\/uploads\/2022\/09\/latua-selkele-1024x693.jpg 1024w, https:\/\/vuokatti.fi\/wp-content\/uploads\/2022\/09\/latua-selkele-300x203.jpg 300w, https:\/\/vuokatti.fi\/wp-content\/uploads\/2022\/09\/latua-selkele-768x520.jpg 768w, https:\/\/vuokatti.fi\/wp-content\/uploads\/2022\/09\/latua-selkele-1536x1040.jpg 1536w, https:\/\/vuokatti.fi\/wp-content\/uploads\/2022\/09\/latua-selkele-2048x1387.jpg 2048w, https:\/\/vuokatti.fi\/wp-content\/uploads\/2022\/09\/latua-selkele-1920x1300.jpg 1920w, https:\/\/vuokatti.fi\/wp-content\/uploads\/2022\/09\/latua-selkele-1600x1083.jpg 1600w\" sizes=\"auto, (max-width: 1024px) 100vw, 1024px\"><span aria-hidden=\"true\" class=\"wp-block-cover__background has-black-background-color has-background-dim\"><\/span><div class=\"wp-block-cover__inner-container is-layout-flow wp-block-cover-is-layout-flow\">\n<h2 class=\"wp-block-heading has-text-align-center has-white-color has-text-color\" style=\"font-size:clamp(16.834px, 1.052rem + ((1vw - 3.2px) * 1.042), 26px);\">Nordisches Skiparadies<\/h2>\n\n\n\n<div class=\"wp-block-buttons is-content-justification-center is-layout-flex wp-container-core-buttons-is-layout-a89b3969 wp-block-buttons-is-layout-flex\">\n<div class=\"wp-block-button\"><a class=\"wp-block-button__link has-white-color has-purple-background-color has-text-color has-background has-small-font-size has-custom-font-size wp-element-button\" href=\"https:\/\/vuokatti.fi\/de\/nordisches-skiparadies-in-vuokatti\/\">Besuchen\u00a0<\/a><\/div>\n<\/div>\n<\/div><\/div>\n<\/div>\n\n\n\n<div class=\"wp-block-column is-layout-flow wp-block-column-is-layout-flow\">\n<div class=\"wp-block-cover\"><img loading=\"lazy\" decoding=\"async\" width=\"1224\" height=\"816\" class=\"wp-block-cover__image-background wp-image-6444\" alt=\"\" src=\"https:\/\/vuokatti.fi\/wp-content\/uploads\/2022\/10\/vuokatin-vaellus-01.jpg\" style=\"object-position:32% 57%\" data-object-fit=\"cover\" data-object-position=\"32% 57%\" srcset=\"https:\/\/vuokatti.fi\/wp-content\/uploads\/2022\/10\/vuokatin-vaellus-01.jpg 1224w, https:\/\/vuokatti.fi\/wp-content\/uploads\/2022\/10\/vuokatin-vaellus-01-300x200.jpg 300w, https:\/\/vuokatti.fi\/wp-content\/uploads\/2022\/10\/vuokatin-vaellus-01-1024x683.jpg 1024w, https:\/\/vuokatti.fi\/wp-content\/uploads\/2022\/10\/vuokatin-vaellus-01-768x512.jpg 768w\" sizes=\"auto, (max-width: 1224px) 100vw, 1224px\"><span aria-hidden=\"true\" class=\"wp-block-cover__background has-black-background-color has-background-dim\"><\/span><div class=\"wp-block-cover__inner-container is-layout-flow wp-block-cover-is-layout-flow\">\n<h2 class=\"wp-block-heading has-text-align-center\" style=\"font-size:clamp(16.834px, 1.052rem + ((1vw - 3.2px) * 1.042), 26px);\">Wanderevent \u201eVuokatin<br>Vaellus\u201c<\/h2>\n\n\n\n<div class=\"wp-block-buttons is-content-justification-center is-layout-flex wp-container-core-buttons-is-layout-a89b3969 wp-block-buttons-is-layout-flex\">\n<div class=\"wp-block-button is-style-fill\"><a class=\"wp-block-button__link has-white-color has-purple-background-color has-text-color has-background has-small-font-size has-custom-font-size wp-element-button\" href=\"https:\/\/vuokatti.fi\/de\/wanderevent-vuokatin-vaellus\/\">Besuchen\u00a0<\/a><\/div>\n<\/div>\n<\/div><\/div>\n<\/div>\n<\/div>\n\n\n\n<div class=\"wp-block-cover\" style=\"min-height:250px;aspect-ratio:unset;\"><img loading=\"lazy\" decoding=\"async\" width=\"2466\" height=\"1600\" class=\"wp-block-cover__image-background wp-image-12415\" alt=\"\" src=\"https:\/\/vuokatti.fi\/wp-content\/uploads\/2023\/04\/saapuminen-kesa.jpg\" style=\"object-position:54% 51%\" data-object-fit=\"cover\" data-object-position=\"54% 51%\" srcset=\"https:\/\/vuokatti.fi\/wp-content\/uploads\/2023\/04\/saapuminen-kesa.jpg 2466w, https:\/\/vuokatti.fi\/wp-content\/uploads\/2023\/04\/saapuminen-kesa-300x195.jpg 300w, https:\/\/vuokatti.fi\/wp-content\/uploads\/2023\/04\/saapuminen-kesa-1024x664.jpg 1024w, https:\/\/vuokatti.fi\/wp-content\/uploads\/2023\/04\/saapuminen-kesa-768x498.jpg 768w, https:\/\/vuokatti.fi\/wp-content\/uploads\/2023\/04\/saapuminen-kesa-1536x996.jpg 1536w, https:\/\/vuokatti.fi\/wp-content\/uploads\/2023\/04\/saapuminen-kesa-2048x1329.jpg 2048w, https:\/\/vuokatti.fi\/wp-content\/uploads\/2023\/04\/saapuminen-kesa-1920x1246.jpg 1920w, https:\/\/vuokatti.fi\/wp-content\/uploads\/2023\/04\/saapuminen-kesa-1600x1038.jpg 1600w\" sizes=\"auto, (max-width: 2466px) 100vw, 2466px\"><span aria-hidden=\"true\" class=\"wp-block-cover__background has-background-dim\" style=\"background-color:#646063\"><\/span><div class=\"wp-block-cover__inner-container is-layout-flow wp-block-cover-is-layout-flow\">\n<h2 class=\"wp-block-heading has-text-align-center\">Ankunft in Vuokatti<\/h2>\n\n\n\n<div class=\"wp-block-buttons is-content-justification-center is-layout-flex wp-container-core-buttons-is-layout-a89b3969 wp-block-buttons-is-layout-flex\">\n<div class=\"wp-block-button\"><a class=\"wp-block-button__link has-white-color has-purple-background-color has-text-color has-background has-small-font-size has-custom-font-size wp-element-button\" href=\"https:\/\/vuokatti.fi\/de\/ankunft-in-vuokatti\/\">Besuchen\u00a0<\/a><\/div>\n<\/div>\n<\/div><\/div>\n\n\n\n<div style=\"height:60px\" aria-hidden=\"true\" class=\"wp-block-spacer\"><\/div>\n\n\n\n<div style=\"height:30px\" aria-hidden=\"true\" class=\"wp-block-spacer\"><\/div>\n","protected":false},"excerpt":{"rendered":"<p>Urlaub in Vuokatti Vuokatti ist ganzj\u00e4hrig der abwechslungsreichste Urlaubsort Finnlands, der mit seiner einzigartigen H\u00fcgelkette, den entz\u00fcckenden Gew\u00e4ssern und einem Gef\u00fchl von Aktivit\u00e4t bezaubert. Besch\u00e4ftigungen gibt es an jedem Tag des Jahres. Die Region Vuokatti in der Provinz Kainuu befindet sich mitten in Finnland in der Arctic Lakeland, genau dort wo Lappland und das Seengebiet [&hellip;]<\/p>\n","protected":false},"author":1,"featured_media":0,"parent":0,"menu_order":0,"comment_status":"closed","ping_status":"closed","template":"","meta":{"_acf_changed":false,"footnotes":""},"class_list":["post-6342","page","type-page","status-publish","hentry"],"acf":[],"_links":{"self":[{"href":"https:\/\/vuokatti.fi\/de\/wp-json\/wp\/v2\/pages\/6342","targetHints":{"allow":["GET"]}}],"collection":[{"href":"https:\/\/vuokatti.fi\/de\/wp-json\/wp\/v2\/pages"}],"about":[{"href":"https:\/\/vuokatti.fi\/de\/wp-json\/wp\/v2\/types\/page"}],"author":[{"embeddable":true,"href":"https:\/\/vuokatti.fi\/de\/wp-json\/wp\/v2\/users\/1"}],"replies":[{"embeddable":true,"href":"https:\/\/vuokatti.fi\/de\/wp-json\/wp\/v2\/comments?post=6342"}],"version-history":[{"count":21,"href":"https:\/\/vuokatti.fi\/de\/wp-json\/wp\/v2\/pages\/6342\/revisions"}],"predecessor-version":[{"id":35668,"href":"https:\/\/vuokatti.fi\/de\/wp-json\/wp\/v2\/pages\/6342\/revisions\/35668"}],"wp:attachment":[{"href":"https:\/\/vuokatti.fi\/de\/wp-json\/wp\/v2\/media?parent=6342"}],"curies":[{"name":"wp","href":"https:\/\/api.w.org\/{rel}","templated":true}]}}